{"id":5318,"date":"2020-07-20T14:26:38","date_gmt":"2020-07-20T14:26:38","guid":{"rendered":"https:\/\/www.instrumentbox.de\/?page_id=5318"},"modified":"2021-06-14T11:45:37","modified_gmt":"2021-06-14T09:45:37","slug":"impressum","status":"publish","type":"page","link":"https:\/\/www.instrumentbox.de\/?page_id=5318","title":{"rendered":"Impressum"},"content":{"rendered":"\n<p>Angaben gem\u00e4\u00df \u00a7 5 TMG:<\/p>\n\n\n\n<p>Rolf Buhl<br><strong>Hauptstr.64<\/strong><br><strong>56479 Seck<\/strong><br><strong>Deutschland<\/strong><br>Kontakt:E-Mail:shop47(at)online(dot)de<br>Tel-Nr.\u00a0<strong>02664-9922804<br>Beschwerdeverfahren<\/strong><br>Online-Streitbeilegung gem\u00e4\u00df Art. 14 ABS 1 ODR-VO: Die Europ\u00e4ische Kommission<br>stellt eine Plattform zur Online-Streitbeilegung (OS) bereit, die Sie unter<br><a href=\"http:\/\/ec.europa\/consumers\/odr\/\" target=\"_blank\" rel=\"noopener\">http:\/\/ec.europa\/consumers\/odr\/<\/a>\u00a0finden.<\/p>\n","protected":false},"excerpt":{"rendered":"<p>Angaben gem\u00e4\u00df \u00a7 5 TMG: Rolf BuhlHauptstr.6456479 SeckDeutschlandKontakt:E-Mail:shop47(at)online(dot)deTel-Nr.\u00a002664-9922804BeschwerdeverfahrenOnline-Streitbeilegung gem\u00e4\u00df Art. 14 ABS 1 ODR-VO: Die Europ\u00e4ische Kommissionstellt eine Plattform zur Online-Streitbeilegung (OS) bereit, die Sie unterhttp:\/\/ec.europa\/consumers\/odr\/\u00a0finden.<\/p>\n","protected":false},"author":1,"featured_media":0,"parent":0,"menu_order":0,"comment_status":"closed","ping_status":"closed","template":"","meta":{"_acf_changed":false,"rs_blank_template":"","rs_page_bg_color":"#ffffff","slide_template_v7":"","footnotes":""},"class_list":["post-5318","page","type-page","status-publish","hentry"],"acf":[],"_links":{"self":[{"href":"https:\/\/www.instrumentbox.de\/index.php?rest_route=\/wp\/v2\/pages\/5318","targetHints":{"allow":["GET"]}}],"collection":[{"href":"https:\/\/www.instrumentbox.de\/index.php?rest_route=\/wp\/v2\/pages"}],"about":[{"href":"https:\/\/www.instrumentbox.de\/index.php?rest_route=\/wp\/v2\/types\/page"}],"author":[{"embeddable":true,"href":"https:\/\/www.instrumentbox.de\/index.php?rest_route=\/wp\/v2\/users\/1"}],"replies":[{"embeddable":true,"href":"https:\/\/www.instrumentbox.de\/index.php?rest_route=%2Fwp%2Fv2%2Fcomments&post=5318"}],"version-history":[{"count":2,"href":"https:\/\/www.instrumentbox.de\/index.php?rest_route=\/wp\/v2\/pages\/5318\/revisions"}],"predecessor-version":[{"id":5332,"href":"https:\/\/www.instrumentbox.de\/index.php?rest_route=\/wp\/v2\/pages\/5318\/revisions\/5332"}],"wp:attachment":[{"href":"https:\/\/www.instrumentbox.de\/index.php?rest_route=%2Fwp%2Fv2%2Fmedia&parent=5318"}],"curies":[{"name":"wp","href":"https:\/\/api.w.org\/{rel}","templated":true}]}}