{"id":1070,"date":"2020-06-28T15:41:55","date_gmt":"2020-06-28T15:41:55","guid":{"rendered":"https:\/\/www.instrumentbox.de\/?product=sonata-str701-bb-trompete"},"modified":"2025-01-20T02:00:36","modified_gmt":"2025-01-20T01:00:36","slug":"sonata-str701-bb-trompete","status":"publish","type":"product","link":"https:\/\/www.instrumentbox.de\/?product=sonata-str701-bb-trompete","title":{"rendered":"Montreux Sonata STR701 B-Trompete"},"content":{"rendered":"<p><!-- show up to 2 reviews by default --><\/p>\n<p>SONATA ist eine f\u00fchrende Marke von Instrumenten Premium Student wurde speziell f\u00fcr principiantes. Ihr BB) ist aus hochwertigen Materialien das Ergebnis ist ein robustes, gut Instrument hecha. verf\u00fcgt \u00fcber ein Rohr aus Blei, f\u00f6rdert eine Steigerung der W\u00e4rme und die Qualit\u00e4t von Klang, Messing rosado. die Ventile des gut gemacht machen es einfacher f\u00fcr die Kleinsten Finger f\u00fcr jugar. erg\u00e4nzt wird der Anzug mit einem eleganten Etui sehr n\u00fctzliche Zubeh\u00f6rtasche und Tragegurte Typ Rucksack.<\/p>\n<p>Geben Sie Ihr Modell ein,um sicherzustellen, dass dieser Artikel passt.<br \/>\nPremium Qualit\u00e4t Starter BB Trompete.<br \/>\nRobuste Bauweise Hochwertige Verarbeitung und gute Qualit\u00e4t.<br \/>\nRose Messing Blei (erh\u00f6ht die W\u00e4rme und Klangqualit\u00e4t<br \/>\nHochwertige Ventile erm\u00f6glichen leichter und weicher fingerwork.<br \/>\nHochwertige Tasche mit Zubeh\u00f6rfach und Rucksack-Gurte.<br \/>\n<div class=\"main-cross-sell\" data-asin=\"B00HDNJUQW\">\n\n\t<div class=\"WooZone-cross-sell-loader\">\n\t\t<div>\n\t\t\t<div id=\"floatingBarsG\">\n\t\t\t\t<div class=\"blockG\" id=\"rotateG_01\"><\/div>\n\t\t\t\t<div class=\"blockG\" id=\"rotateG_02\"><\/div>\n\t\t\t\t<div class=\"blockG\" id=\"rotateG_03\"><\/div>\n\t\t\t\t<div class=\"blockG\" id=\"rotateG_04\"><\/div>\n\t\t\t\t<div class=\"blockG\" id=\"rotateG_05\"><\/div>\n\t\t\t\t<div class=\"blockG\" id=\"rotateG_06\"><\/div>\n\t\t\t\t<div class=\"blockG\" id=\"rotateG_07\"><\/div>\n\t\t\t\t<div class=\"blockG\" id=\"rotateG_08\"><\/div>\n\t\t\t<\/div>\n\t\t\t<div class=\"WooZone-cross-sell-loader-text\"><\/div>\n\t\t<\/div>\n\t<\/div>\n\n\t\t\n<\/div>\n<div style=\"clear:both;\"><\/div>\n","protected":false},"excerpt":{"rendered":"<p>Geben Sie Ihr Modell ein,um sicherzustellen, dass dieser Artikel passt.<br \/>\nPremium Qualit\u00e4t Starter BB Trompete.<br \/>\nRobuste Bauweise Hochwertige Verarbeitung und gute Qualit\u00e4t.<\/p>\n","protected":false},"featured_media":1071,"comment_status":"open","ping_status":"closed","template":"","meta":{"_acf_changed":false,"rs_blank_template":"","rs_page_bg_color":"","slide_template_v7":""},"product_brand":[],"product_cat":[114,15],"product_tag":[],"class_list":{"0":"post-1070","1":"product","2":"type-product","3":"status-publish","4":"has-post-thumbnail","6":"product_cat-blasinstrument","7":"product_cat-shop","8":"pa_brand-sonata","10":"first","11":"instock","12":"shipping-taxable","13":"purchasable","14":"product-type-simple"},"acf":[],"_links":{"self":[{"href":"https:\/\/www.instrumentbox.de\/index.php?rest_route=\/wp\/v2\/product\/1070","targetHints":{"allow":["GET"]}}],"collection":[{"href":"https:\/\/www.instrumentbox.de\/index.php?rest_route=\/wp\/v2\/product"}],"about":[{"href":"https:\/\/www.instrumentbox.de\/index.php?rest_route=\/wp\/v2\/types\/product"}],"replies":[{"embeddable":true,"href":"https:\/\/www.instrumentbox.de\/index.php?rest_route=%2Fwp%2Fv2%2Fcomments&post=1070"}],"wp:featuredmedia":[{"embeddable":true,"href":"https:\/\/www.instrumentbox.de\/index.php?rest_route=\/wp\/v2\/media\/1071"}],"wp:attachment":[{"href":"https:\/\/www.instrumentbox.de\/index.php?rest_route=%2Fwp%2Fv2%2Fmedia&parent=1070"}],"wp:term":[{"taxonomy":"product_brand","embeddable":true,"href":"https:\/\/www.instrumentbox.de\/index.php?rest_route=%2Fwp%2Fv2%2Fproduct_brand&post=1070"},{"taxonomy":"product_cat","embeddable":true,"href":"https:\/\/www.instrumentbox.de\/index.php?rest_route=%2Fwp%2Fv2%2Fproduct_cat&post=1070"},{"taxonomy":"product_tag","embeddable":true,"href":"https:\/\/www.instrumentbox.de\/index.php?rest_route=%2Fwp%2Fv2%2Fproduct_tag&post=1070"}],"curies":[{"name":"wp","href":"https:\/\/api.w.org\/{rel}","templated":true}]}}