{"id":1162,"date":"2020-06-28T15:50:39","date_gmt":"2020-06-28T15:50:39","guid":{"rendered":"https:\/\/www.instrumentbox.de\/?product=classic-cantabile-brass-tt-500-bb-taschentrompete-messing"},"modified":"2025-01-23T16:28:59","modified_gmt":"2025-01-23T15:28:59","slug":"classic-cantabile-brass-tt-500-bb-taschentrompete-messing","status":"publish","type":"product","link":"https:\/\/www.instrumentbox.de\/?product=classic-cantabile-brass-tt-500-bb-taschentrompete-messing","title":{"rendered":"Classic Cantabile Brass TT-500 Bb-Taschentrompete Messing &#8211; Trompete im Taschenformat &#8211; Messing lackiert &#8211; Inklusive Mundst\u00fcck und Koffer"},"content":{"rendered":"<p><!-- show up to 2 reviews by default --><\/p>\n<p><b>Markteinf\u00fchrung | Nie dagewesenes Preis- \/ Leistungsverh\u00e4ltnis!<\/b><\/p>\n<p>Die Classic-Cantabile Brass TT-500 ist nicht nur das ideale Instrument f\u00fcr zwischendurch, das allzeit ins Handgep\u00e4ck<br \/>passt, sondern auch eine vollwertige Trompete. Die kleinen Ausma\u00dfe resultieren rein aus einer engeren Wicklung. Somit<br \/>eignet sich die TT-500 auch perfekt f\u00fcr den preisbewussten Einsteiger oder als Sch\u00fclerinstrument f\u00fcr Kinder und junge<br \/>Erwachsene. Bequeme Ansprache und gute Intonation sind hierbei genauso selbstverst\u00e4ndlich wie die einwandfreie<br \/>Verarbeitung und Langlebigkeit. Durch das mehrstufige Herstellungsverfahren garantiert Classic Cantabile f\u00fcr seine<br \/>Instrumente h\u00f6chsten Qualit\u00e4tsstandard zum niedrigsten Preis.<\/p>\n<p><b>Tonqualit\u00e4t:<\/b><br \/>Durch die Verwendung hochwertigster Materialien erreichen Classic Cantabile Brass Instrumente einen angenehmen<br \/>Klangcharakter \u00fcber alle Register. Mit solchen Eigenschaften liegen diese Instrumente weit an der Qualit\u00e4tsspitze ihrer<br \/>Preisklasse.<\/p>\n<p><b>Koffer:<\/b><br \/>Jede Classic Cantabile Brass TT-500 Taschentrompete wird in robustem Hartschalenkoffer geliefert. So ist Ihr Instrument<br \/>auch beim Transport bestens gesch\u00fctzt.<\/p>\n<\/p>\n<p>Geben Sie Ihr Modell ein,um sicherzustellen, dass dieser Artikel passt.<br \/>\nDie vollwertige Trompete im Taschenformat<br \/>\nDer Durchmesser des Schallbechers betr\u00e4gt 105mm<br \/>\nDie Bohrung ist 11,7 mm gro\u00df<br \/>\nHochwertiges Messing, gute Stimmung<br \/>\ninklusive Mundst\u00fcck und Koffer<br \/>\n<div class=\"main-cross-sell\" data-asin=\"B003SQKUG2\">\n\n\t<div class=\"WooZone-cross-sell-loader\">\n\t\t<div>\n\t\t\t<div id=\"floatingBarsG\">\n\t\t\t\t<div class=\"blockG\" id=\"rotateG_01\"><\/div>\n\t\t\t\t<div class=\"blockG\" id=\"rotateG_02\"><\/div>\n\t\t\t\t<div class=\"blockG\" id=\"rotateG_03\"><\/div>\n\t\t\t\t<div class=\"blockG\" id=\"rotateG_04\"><\/div>\n\t\t\t\t<div class=\"blockG\" id=\"rotateG_05\"><\/div>\n\t\t\t\t<div class=\"blockG\" id=\"rotateG_06\"><\/div>\n\t\t\t\t<div class=\"blockG\" id=\"rotateG_07\"><\/div>\n\t\t\t\t<div class=\"blockG\" id=\"rotateG_08\"><\/div>\n\t\t\t<\/div>\n\t\t\t<div class=\"WooZone-cross-sell-loader-text\"><\/div>\n\t\t<\/div>\n\t<\/div>\n\n\t\t\n<\/div>\n<div style=\"clear:both;\"><\/div>\n","protected":false},"excerpt":{"rendered":"<p>Geben Sie Ihr Modell ein,um sicherzustellen, dass dieser Artikel passt.<br \/>\nDie vollwertige Trompete im Taschenformat<br \/>\nDer Durchmesser des Schallbechers betr\u00e4gt 105mm<\/p>\n","protected":false},"featured_media":1163,"comment_status":"open","ping_status":"closed","template":"","meta":{"_acf_changed":false,"rs_blank_template":"","rs_page_bg_color":"","slide_template_v7":""},"product_brand":[],"product_cat":[114,15],"product_tag":[],"class_list":{"0":"post-1162","1":"product","2":"type-product","3":"status-publish","4":"has-post-thumbnail","6":"product_cat-blasinstrument","7":"product_cat-shop","8":"pa_brand-classic-cantabile","10":"first","11":"instock","12":"shipping-taxable","13":"purchasable","14":"product-type-simple"},"acf":[],"_links":{"self":[{"href":"https:\/\/www.instrumentbox.de\/index.php?rest_route=\/wp\/v2\/product\/1162","targetHints":{"allow":["GET"]}}],"collection":[{"href":"https:\/\/www.instrumentbox.de\/index.php?rest_route=\/wp\/v2\/product"}],"about":[{"href":"https:\/\/www.instrumentbox.de\/index.php?rest_route=\/wp\/v2\/types\/product"}],"replies":[{"embeddable":true,"href":"https:\/\/www.instrumentbox.de\/index.php?rest_route=%2Fwp%2Fv2%2Fcomments&post=1162"}],"wp:featuredmedia":[{"embeddable":true,"href":"https:\/\/www.instrumentbox.de\/index.php?rest_route=\/wp\/v2\/media\/1163"}],"wp:attachment":[{"href":"https:\/\/www.instrumentbox.de\/index.php?rest_route=%2Fwp%2Fv2%2Fmedia&parent=1162"}],"wp:term":[{"taxonomy":"product_brand","embeddable":true,"href":"https:\/\/www.instrumentbox.de\/index.php?rest_route=%2Fwp%2Fv2%2Fproduct_brand&post=1162"},{"taxonomy":"product_cat","embeddable":true,"href":"https:\/\/www.instrumentbox.de\/index.php?rest_route=%2Fwp%2Fv2%2Fproduct_cat&post=1162"},{"taxonomy":"product_tag","embeddable":true,"href":"https:\/\/www.instrumentbox.de\/index.php?rest_route=%2Fwp%2Fv2%2Fproduct_tag&post=1162"}],"curies":[{"name":"wp","href":"https:\/\/api.w.org\/{rel}","templated":true}]}}