{"id":1177,"date":"2020-06-28T15:51:18","date_gmt":"2020-06-28T15:51:18","guid":{"rendered":"https:\/\/www.instrumentbox.de\/?product=reig-trompete-parade-trompetedeluxe-fuer-kinder-41-cm-lang"},"modified":"2025-01-24T17:33:38","modified_gmt":"2025-01-24T16:33:38","slug":"reig-trompete-parade-trompetedeluxe-fuer-kinder-41-cm-lang","status":"publish","type":"product","link":"https:\/\/www.instrumentbox.de\/?product=reig-trompete-parade-trompetedeluxe-fuer-kinder-41-cm-lang","title":{"rendered":"Reig Trompete Parade TrompeteDeluxe f\u00fcr Kinder 41 cm lang"},"content":{"rendered":"<p><!-- show up to 2 reviews by default --><\/p>\n<p>Eines der bekanntesten Blasinstrumente in der Musik ist zweifellos die Trompete . Eine fast genaue Nachahmung der Echten, ist diese Trompete, die die renommierten und bekannteste Marke Reig pr\u00e4sentiert. Hergestellt aus hochwertigem Kunststoff hat diese Trompete Modell 4 Kolben, die verschiedene T\u00f6ne macht, wenn darauf gedr\u00fcckt wird. Eines der am h\u00e4ufigsten verwendeten Instrumente in der Musik, es ist zweifellos eines der Wichtigsten und mit einem charakteristischen Klang. Wenn Ihre Kinder Musik m\u00f6gen, ist dies das perfekte Spielzeug, so da\u00df sie beginnen, sich in diesem Bereich zu engagieren. Die Trompete geht zur\u00fcck auf die Urspr\u00fcnge der Menschheit! Die Trompete kommt nie aus der Mode und mit diesem Modell, das Ihnen das Haus Reig bietet, werden Sie verzaubert sein, da sie uns sehr gute Qualit\u00e4t f\u00fcr jeden einzelnen ihrer Artikel bietet, wo sie viel Streben in jedes St\u00fcck, das sie herstellen, stecken. Empfohlenes Alter: +3 Jahre alt. Enth\u00e4lt: 1 Trompete.<\/p>\n<p>Reig Deluxe Trumpet (Silver)<br \/>\n<div class=\"main-cross-sell\" data-asin=\"B00699R6TE\">\n\n\t<div class=\"WooZone-cross-sell-loader\">\n\t\t<div>\n\t\t\t<div id=\"floatingBarsG\">\n\t\t\t\t<div class=\"blockG\" id=\"rotateG_01\"><\/div>\n\t\t\t\t<div class=\"blockG\" id=\"rotateG_02\"><\/div>\n\t\t\t\t<div class=\"blockG\" id=\"rotateG_03\"><\/div>\n\t\t\t\t<div class=\"blockG\" id=\"rotateG_04\"><\/div>\n\t\t\t\t<div class=\"blockG\" id=\"rotateG_05\"><\/div>\n\t\t\t\t<div class=\"blockG\" id=\"rotateG_06\"><\/div>\n\t\t\t\t<div class=\"blockG\" id=\"rotateG_07\"><\/div>\n\t\t\t\t<div class=\"blockG\" id=\"rotateG_08\"><\/div>\n\t\t\t<\/div>\n\t\t\t<div class=\"WooZone-cross-sell-loader-text\"><\/div>\n\t\t<\/div>\n\t<\/div>\n\n\t\t\n<\/div>\n<div style=\"clear:both;\"><\/div>\n","protected":false},"excerpt":{"rendered":"<p>Reig Deluxe Trumpet (Silver)<\/p>\n","protected":false},"featured_media":1178,"comment_status":"open","ping_status":"closed","template":"","meta":{"_acf_changed":false,"rs_blank_template":"","rs_page_bg_color":"","slide_template_v7":""},"product_brand":[],"product_cat":[114,15],"product_tag":[],"class_list":{"0":"post-1177","1":"product","2":"type-product","3":"status-publish","4":"has-post-thumbnail","6":"product_cat-blasinstrument","7":"product_cat-shop","8":"pa_brand-reig","10":"first","11":"instock","12":"shipping-taxable","13":"purchasable","14":"product-type-simple"},"acf":[],"_links":{"self":[{"href":"https:\/\/www.instrumentbox.de\/index.php?rest_route=\/wp\/v2\/product\/1177","targetHints":{"allow":["GET"]}}],"collection":[{"href":"https:\/\/www.instrumentbox.de\/index.php?rest_route=\/wp\/v2\/product"}],"about":[{"href":"https:\/\/www.instrumentbox.de\/index.php?rest_route=\/wp\/v2\/types\/product"}],"replies":[{"embeddable":true,"href":"https:\/\/www.instrumentbox.de\/index.php?rest_route=%2Fwp%2Fv2%2Fcomments&post=1177"}],"wp:featuredmedia":[{"embeddable":true,"href":"https:\/\/www.instrumentbox.de\/index.php?rest_route=\/wp\/v2\/media\/1178"}],"wp:attachment":[{"href":"https:\/\/www.instrumentbox.de\/index.php?rest_route=%2Fwp%2Fv2%2Fmedia&parent=1177"}],"wp:term":[{"taxonomy":"product_brand","embeddable":true,"href":"https:\/\/www.instrumentbox.de\/index.php?rest_route=%2Fwp%2Fv2%2Fproduct_brand&post=1177"},{"taxonomy":"product_cat","embeddable":true,"href":"https:\/\/www.instrumentbox.de\/index.php?rest_route=%2Fwp%2Fv2%2Fproduct_cat&post=1177"},{"taxonomy":"product_tag","embeddable":true,"href":"https:\/\/www.instrumentbox.de\/index.php?rest_route=%2Fwp%2Fv2%2Fproduct_tag&post=1177"}],"curies":[{"name":"wp","href":"https:\/\/api.w.org\/{rel}","templated":true}]}}