{"id":1199,"date":"2020-06-28T15:51:30","date_gmt":"2020-06-28T15:51:30","guid":{"rendered":"https:\/\/www.instrumentbox.de\/?product=cherrystone-4260180881776-bb-trompete-mit-koffer-zubehoer-gold"},"modified":"2024-01-02T23:24:03","modified_gmt":"2024-01-02T22:24:03","slug":"cherrystone-4260180881776-bb-trompete-mit-koffer-zubehoer-gold","status":"publish","type":"product","link":"https:\/\/www.instrumentbox.de\/?product=cherrystone-4260180881776-bb-trompete-mit-koffer-zubehoer-gold","title":{"rendered":"Cherrystone 4260180881776 Bb Trompete mit Koffer\/Zubeh\u00f6r gold"},"content":{"rendered":"<div class=\"disclaim\">Farbe:<strong>Gold<\/strong><\/div>\n<p><!-- show up to 2 reviews by default --><\/p>\n<p>Bb Trompete inklusive stabilem Koffer Optimal f\u00fcr Anf\u00e4nger und Fortgeschrittene Produktbeschreibung: \u00b7 Korpus Messing lackiert, Schallbecher 12,2 cm Durchmesser \u00b7 Gewicht 1,1 kg \u00b7 Mundst\u00fcck: 7C, L\u00e4nge 54,1 cm, ML Bohrung: 11,73 mm \u00b7 Tubing: 12,7 x 0,5 mm \u00b7 Trigger am 3. Ventil \u00b7 2 Wasserklappen \u00b7 verstellbarer Ring am 3. Ventilzug, leichte Ansprache \u00b7 gutes Klangbild, inklusive stabilem Koffer Lieferumfang: \u00b7 Trompete \u00b7 Mundst\u00fcck \u00b7 Transportkoffer<\/p>\n<p>Geben Sie Ihr Modell ein,um sicherzustellen, dass dieser Artikel passt.<br \/>\nBb Trompete inklusive stabilem Koffer &#8211; Optimal f\u00fcr Anf\u00e4nger und Fortgeschrittene, leichte Ansprache, gutes Klangbild<br \/>\nKorpus Messing lackiert, Schallbecher 12,2 cm Durchmesser<br \/>\nMundst\u00fcck: 7C, L\u00e4nge 54,1 cm, ML Bohrung: 11,73 mm \u00b7 Tubing: 12,7 x 0,5 mm<br \/>\nTrigger am 3. Ventil \u00b7 2 Wasserklappen \u00b7 verstellbarer Ring am 3. Ventilzug<br \/>\nLieferumfang: Trompete, Mundst\u00fcck, Transportkoffer; f\u00fcr rechtsh\u00e4nder<br \/>\n<div class=\"main-cross-sell\" data-asin=\"B001M46A52\">\n\n\t<div class=\"WooZone-cross-sell-loader\">\n\t\t<div>\n\t\t\t<div id=\"floatingBarsG\">\n\t\t\t\t<div class=\"blockG\" id=\"rotateG_01\"><\/div>\n\t\t\t\t<div class=\"blockG\" id=\"rotateG_02\"><\/div>\n\t\t\t\t<div class=\"blockG\" id=\"rotateG_03\"><\/div>\n\t\t\t\t<div class=\"blockG\" id=\"rotateG_04\"><\/div>\n\t\t\t\t<div class=\"blockG\" id=\"rotateG_05\"><\/div>\n\t\t\t\t<div class=\"blockG\" id=\"rotateG_06\"><\/div>\n\t\t\t\t<div class=\"blockG\" id=\"rotateG_07\"><\/div>\n\t\t\t\t<div class=\"blockG\" id=\"rotateG_08\"><\/div>\n\t\t\t<\/div>\n\t\t\t<div class=\"WooZone-cross-sell-loader-text\"><\/div>\n\t\t<\/div>\n\t<\/div>\n\n\t\t\n<\/div>\n<div style=\"clear:both;\"><\/div>\n","protected":false},"excerpt":{"rendered":"<p>Geben Sie Ihr Modell ein,um sicherzustellen, dass dieser Artikel passt.<br \/>\nBb Trompete inklusive stabilem Koffer &#8211; Optimal f\u00fcr Anf\u00e4nger und Fortgeschrittene, leichte Ansprache, gutes Klangbild<br \/>\nKorpus Messing lackiert, Schallbecher 12,2 cm Durchmesser<\/p>\n","protected":false},"featured_media":1200,"comment_status":"open","ping_status":"closed","template":"","meta":{"_acf_changed":false,"rs_blank_template":"","rs_page_bg_color":"","slide_template_v7":""},"product_brand":[],"product_cat":[114,15],"product_tag":[],"class_list":{"0":"post-1199","1":"product","2":"type-product","3":"status-publish","4":"has-post-thumbnail","6":"product_cat-blasinstrument","7":"product_cat-shop","8":"pa_brand-cherrystone","10":"first","11":"instock","12":"shipping-taxable","13":"purchasable","14":"product-type-simple"},"acf":[],"_links":{"self":[{"href":"https:\/\/www.instrumentbox.de\/index.php?rest_route=\/wp\/v2\/product\/1199","targetHints":{"allow":["GET"]}}],"collection":[{"href":"https:\/\/www.instrumentbox.de\/index.php?rest_route=\/wp\/v2\/product"}],"about":[{"href":"https:\/\/www.instrumentbox.de\/index.php?rest_route=\/wp\/v2\/types\/product"}],"replies":[{"embeddable":true,"href":"https:\/\/www.instrumentbox.de\/index.php?rest_route=%2Fwp%2Fv2%2Fcomments&post=1199"}],"wp:featuredmedia":[{"embeddable":true,"href":"https:\/\/www.instrumentbox.de\/index.php?rest_route=\/wp\/v2\/media\/1200"}],"wp:attachment":[{"href":"https:\/\/www.instrumentbox.de\/index.php?rest_route=%2Fwp%2Fv2%2Fmedia&parent=1199"}],"wp:term":[{"taxonomy":"product_brand","embeddable":true,"href":"https:\/\/www.instrumentbox.de\/index.php?rest_route=%2Fwp%2Fv2%2Fproduct_brand&post=1199"},{"taxonomy":"product_cat","embeddable":true,"href":"https:\/\/www.instrumentbox.de\/index.php?rest_route=%2Fwp%2Fv2%2Fproduct_cat&post=1199"},{"taxonomy":"product_tag","embeddable":true,"href":"https:\/\/www.instrumentbox.de\/index.php?rest_route=%2Fwp%2Fv2%2Fproduct_tag&post=1199"}],"curies":[{"name":"wp","href":"https:\/\/api.w.org\/{rel}","templated":true}]}}