{"id":1204,"date":"2020-06-28T15:51:34","date_gmt":"2020-06-28T15:51:34","guid":{"rendered":"https:\/\/www.instrumentbox.de\/?product=symphonie-westerwald-fluegelhorn-konzertfluegelhorn-in-b-goldmessing-monelventile-perinetventile"},"modified":"2025-01-14T18:46:30","modified_gmt":"2025-01-14T17:46:30","slug":"symphonie-westerwald-fluegelhorn-konzertfluegelhorn-in-b-goldmessing-monelventile-perinetventile","status":"publish","type":"product","link":"https:\/\/www.instrumentbox.de\/?product=symphonie-westerwald-fluegelhorn-konzertfluegelhorn-in-b-goldmessing-monelventile-perinetventile","title":{"rendered":"SYMPHONIE WESTERWALD\u00ae Fl\u00fcgelhorn, Konzertfl\u00fcgelhorn in B, Goldmessing, Monelventile, Perinetventile"},"content":{"rendered":"<p><!-- show up to 2 reviews by default --><\/p>\n<p>Sie erwerben hier ein wundersch\u00f6nes, hochqualitatives Konzertfl\u00fcgelhorn in Bb in Goldmessing mit Monelventilen. Es handelt sich um ein Winterangebot, das zu diesem Hammerpreis vorerst nur sehr begrenzt verf\u00fcgbar ist. Dieses Fl\u00fcgelhorn ist ein gutes Mittelklasse bis Profiinstrument, bester Qualit\u00e4t. Durch sein klassisches Design in Goldmessing ist es edel und modern zugleich. Die Ansprache ist sehr leicht. Der Klang voll und aufgrund der Goldmessingausf\u00fchrung besonders weich. Die hochqualitativen Monelventile sind besonders leichtg\u00e4ngig und stehen f\u00fcr hohe Pr\u00e4zision und Haltbarkeit. Der Schallbecher verf\u00fcgt \u00fcber einen Durchmesser von 152 mm, Bohrung: 11,2 mm, Verstellbarer Stimmzug, Trigger am 3. Ventilzug, 3 Wasserklappen, Marschgabelhalterung, inkl. Koffer. Die sehr hohe Leistung der Maschine erm\u00f6glicht einen hervorragenden Gang in der H\u00f6he, wie auch in der Tiefe. Die Grundstimmung 438Hz bis 444 Hz ist optimal zu kalibrieren. Das Instrument ist hinsichtlich der Stimmung und Intonation einwandfrei und kann daher problemlos im Musikverein und im Blasorchester eingesetzt werden. Dies bekommen wir von den Musikvereinen und Blasorchestern immer wieder best\u00e4tigt. Es handelt sich um bew\u00e4hrte Spitzenqualit\u00e4t zum unschlagbaren Preis. UVP: 699,00 Euro<\/p>\n<p>Geben Sie Ihr Modell ein,um sicherzustellen, dass dieser Artikel passt.<br \/>\nKonzertfl\u00fcgelhorn in B, Goldmessing, pr\u00e4zise und haltbare Monelventile, Perinetventile, Trigger am 3. Ventilzug<br \/>\nVerstellbarer Stimmzug, 3 Wasserklappen, Marschgabelhalterung<br \/>\nDurchmesser: 152 mm, Bohrung: 11,2 mm<br \/>\n24 Monate Gew\u00e4hrleistung, Geld-Zur\u00fcck-Garantie bei Nichtgefallen, Wartungen und Reparaturen zu Spitzenkonditionen im Rahmen unseres Serviceprogramms nach Ablauf der Gew\u00e4hrleistung<br \/>\nTop Qualit\u00e4t zum Spitzenpreis<br \/>\n<div class=\"main-cross-sell\" data-asin=\"B0183R3Q70\">\n\n\t<div class=\"WooZone-cross-sell-loader\">\n\t\t<div>\n\t\t\t<div id=\"floatingBarsG\">\n\t\t\t\t<div class=\"blockG\" id=\"rotateG_01\"><\/div>\n\t\t\t\t<div class=\"blockG\" id=\"rotateG_02\"><\/div>\n\t\t\t\t<div class=\"blockG\" id=\"rotateG_03\"><\/div>\n\t\t\t\t<div class=\"blockG\" id=\"rotateG_04\"><\/div>\n\t\t\t\t<div class=\"blockG\" id=\"rotateG_05\"><\/div>\n\t\t\t\t<div class=\"blockG\" id=\"rotateG_06\"><\/div>\n\t\t\t\t<div class=\"blockG\" id=\"rotateG_07\"><\/div>\n\t\t\t\t<div class=\"blockG\" id=\"rotateG_08\"><\/div>\n\t\t\t<\/div>\n\t\t\t<div class=\"WooZone-cross-sell-loader-text\"><\/div>\n\t\t<\/div>\n\t<\/div>\n\n\t\t\n<\/div>\n<div style=\"clear:both;\"><\/div>\n","protected":false},"excerpt":{"rendered":"<p>Geben Sie Ihr Modell ein,um sicherzustellen, dass dieser Artikel passt.<br \/>\nKonzertfl\u00fcgelhorn in B, Goldmessing, pr\u00e4zise und haltbare Monelventile, Perinetventile, Trigger am 3. Ventilzug<br \/>\nVerstellbarer Stimmzug, 3 Wasserklappen, Marschgabelhalterung<\/p>\n","protected":false},"featured_media":1205,"comment_status":"open","ping_status":"closed","template":"","meta":{"_acf_changed":false,"rs_blank_template":"","rs_page_bg_color":"","slide_template_v7":""},"product_brand":[],"product_cat":[114,15],"product_tag":[],"class_list":{"0":"post-1204","1":"product","2":"type-product","3":"status-publish","4":"has-post-thumbnail","6":"product_cat-blasinstrument","7":"product_cat-shop","8":"pa_brand-symphonie-westerwald","10":"first","11":"instock","12":"shipping-taxable","13":"purchasable","14":"product-type-simple"},"acf":[],"_links":{"self":[{"href":"https:\/\/www.instrumentbox.de\/index.php?rest_route=\/wp\/v2\/product\/1204","targetHints":{"allow":["GET"]}}],"collection":[{"href":"https:\/\/www.instrumentbox.de\/index.php?rest_route=\/wp\/v2\/product"}],"about":[{"href":"https:\/\/www.instrumentbox.de\/index.php?rest_route=\/wp\/v2\/types\/product"}],"replies":[{"embeddable":true,"href":"https:\/\/www.instrumentbox.de\/index.php?rest_route=%2Fwp%2Fv2%2Fcomments&post=1204"}],"wp:featuredmedia":[{"embeddable":true,"href":"https:\/\/www.instrumentbox.de\/index.php?rest_route=\/wp\/v2\/media\/1205"}],"wp:attachment":[{"href":"https:\/\/www.instrumentbox.de\/index.php?rest_route=%2Fwp%2Fv2%2Fmedia&parent=1204"}],"wp:term":[{"taxonomy":"product_brand","embeddable":true,"href":"https:\/\/www.instrumentbox.de\/index.php?rest_route=%2Fwp%2Fv2%2Fproduct_brand&post=1204"},{"taxonomy":"product_cat","embeddable":true,"href":"https:\/\/www.instrumentbox.de\/index.php?rest_route=%2Fwp%2Fv2%2Fproduct_cat&post=1204"},{"taxonomy":"product_tag","embeddable":true,"href":"https:\/\/www.instrumentbox.de\/index.php?rest_route=%2Fwp%2Fv2%2Fproduct_tag&post=1204"}],"curies":[{"name":"wp","href":"https:\/\/api.w.org\/{rel}","templated":true}]}}