{"id":1237,"date":"2020-06-28T15:55:55","date_gmt":"2020-06-28T15:55:55","guid":{"rendered":"https:\/\/www.instrumentbox.de\/?product=cherrystone-4260180881738-taschentrompete-pocket-trompete-gold"},"modified":"2024-01-02T23:24:03","modified_gmt":"2024-01-02T22:24:03","slug":"cherrystone-4260180881738-taschentrompete-pocket-trompete-gold","status":"publish","type":"product","link":"https:\/\/www.instrumentbox.de\/?product=cherrystone-4260180881738-taschentrompete-pocket-trompete-gold","title":{"rendered":"Cherrystone 4260180881738 Taschentrompete Pocket Trompete gold"},"content":{"rendered":"<div class=\"disclaim\">Farbe:<strong>gold<\/strong><\/div>\n<p><!-- show up to 2 reviews by default --><\/p>\n<p>Bb Taschentrompete NEU inklusive stabilem Koffer &#8211; Optimal f\u00fcr Anf\u00e4nger und Fortgeschrittene mit 2 Jahren Garantie Top Markenqualit\u00e4t Produktbeschreibung:\u00b7 Korpus blau lackiert. Schallbecher 97 mm Durchmesser \u00b7 Gewicht 1.1 kg \u00b7 Mundst\u00fcck: 7C. ML Bohrung\u00b7 Ventile Neusilber. &#8220;Step-Mother-Of-Pearl&#8221; Kn\u00f6pfe \u00b7 Trigger am 3. Ventil\u00b7 1 Wasserklappe \u00b7 verstellbarer Ring am 3. Ventilzug. leichte Ansprache \u00b7 gutes Klangbild. inklusive stabilem Koffer \u00b7 Farbe: gold Lieferumfang:\u00b7 Taschentrompete\u00b7 Mundst\u00fcck\u00b7 stabiler Koffer (Softcase, kein ABS Koffer)<\/p>\n<p>Geben Sie Ihr Modell ein,um sicherzustellen, dass dieser Artikel passt.<br \/>\nK\u00f6rper lackiert, Trichter 97\u00a0mm Durchmesser<br \/>\nEinfache Verwendung,\u00b7 gutes Klangbild<br \/>\nGewicht: 1,1\u00a0kg \u00b7 Mundst\u00fcck: 7C, ML, Neusilber<br \/>\nLieferumfang Taschentrompete \u00b7 Mundst\u00fcck \u00b7 stabiler Koffer (Softcase)<br \/>\nTrigger am 3. Ventil \u00b7 verstellbarer Ring am 3. Zug-Ventil<br \/>\n<div class=\"main-cross-sell\" data-asin=\"B001M46GOW\">\n\n\t<div class=\"WooZone-cross-sell-loader\">\n\t\t<div>\n\t\t\t<div id=\"floatingBarsG\">\n\t\t\t\t<div class=\"blockG\" id=\"rotateG_01\"><\/div>\n\t\t\t\t<div class=\"blockG\" id=\"rotateG_02\"><\/div>\n\t\t\t\t<div class=\"blockG\" id=\"rotateG_03\"><\/div>\n\t\t\t\t<div class=\"blockG\" id=\"rotateG_04\"><\/div>\n\t\t\t\t<div class=\"blockG\" id=\"rotateG_05\"><\/div>\n\t\t\t\t<div class=\"blockG\" id=\"rotateG_06\"><\/div>\n\t\t\t\t<div class=\"blockG\" id=\"rotateG_07\"><\/div>\n\t\t\t\t<div class=\"blockG\" id=\"rotateG_08\"><\/div>\n\t\t\t<\/div>\n\t\t\t<div class=\"WooZone-cross-sell-loader-text\"><\/div>\n\t\t<\/div>\n\t<\/div>\n\n\t\t\n<\/div>\n<div style=\"clear:both;\"><\/div>\n","protected":false},"excerpt":{"rendered":"<p>Geben Sie Ihr Modell ein,um sicherzustellen, dass dieser Artikel passt.<br \/>\nK\u00f6rper lackiert, Trichter 97\u00a0mm Durchmesser<br \/>\nEinfache Verwendung,\u00b7 gutes Klangbild<\/p>\n","protected":false},"featured_media":1238,"comment_status":"open","ping_status":"closed","template":"","meta":{"_acf_changed":false,"rs_blank_template":"","rs_page_bg_color":"","slide_template_v7":""},"product_brand":[],"product_cat":[114,15],"product_tag":[],"class_list":{"0":"post-1237","1":"product","2":"type-product","3":"status-publish","4":"has-post-thumbnail","6":"product_cat-blasinstrument","7":"product_cat-shop","8":"pa_brand-cherrystone","10":"first","11":"instock","12":"shipping-taxable","13":"purchasable","14":"product-type-simple"},"acf":[],"_links":{"self":[{"href":"https:\/\/www.instrumentbox.de\/index.php?rest_route=\/wp\/v2\/product\/1237","targetHints":{"allow":["GET"]}}],"collection":[{"href":"https:\/\/www.instrumentbox.de\/index.php?rest_route=\/wp\/v2\/product"}],"about":[{"href":"https:\/\/www.instrumentbox.de\/index.php?rest_route=\/wp\/v2\/types\/product"}],"replies":[{"embeddable":true,"href":"https:\/\/www.instrumentbox.de\/index.php?rest_route=%2Fwp%2Fv2%2Fcomments&post=1237"}],"wp:featuredmedia":[{"embeddable":true,"href":"https:\/\/www.instrumentbox.de\/index.php?rest_route=\/wp\/v2\/media\/1238"}],"wp:attachment":[{"href":"https:\/\/www.instrumentbox.de\/index.php?rest_route=%2Fwp%2Fv2%2Fmedia&parent=1237"}],"wp:term":[{"taxonomy":"product_brand","embeddable":true,"href":"https:\/\/www.instrumentbox.de\/index.php?rest_route=%2Fwp%2Fv2%2Fproduct_brand&post=1237"},{"taxonomy":"product_cat","embeddable":true,"href":"https:\/\/www.instrumentbox.de\/index.php?rest_route=%2Fwp%2Fv2%2Fproduct_cat&post=1237"},{"taxonomy":"product_tag","embeddable":true,"href":"https:\/\/www.instrumentbox.de\/index.php?rest_route=%2Fwp%2Fv2%2Fproduct_tag&post=1237"}],"curies":[{"name":"wp","href":"https:\/\/api.w.org\/{rel}","templated":true}]}}