{"id":1334,"date":"2020-07-16T00:19:37","date_gmt":"2020-07-16T00:19:37","guid":{"rendered":"https:\/\/www.instrumentbox.de\/?product=mundharmonika-hohnerbig-river"},"modified":"2025-01-23T17:04:13","modified_gmt":"2025-01-23T16:04:13","slug":"mundharmonika-hohnerbig-river","status":"publish","type":"product","link":"https:\/\/www.instrumentbox.de\/?product=mundharmonika-hohnerbig-river","title":{"rendered":"Hohner Big River &#8211; Key of C, HH590C"},"content":{"rendered":"<p><!-- show up to 2 reviews by default --> <\/p>\n<p>Preisg\u00fcnstiges Einsteigermodell mit unempfindlichem Kunststoff-Kanzellenk\u00f6rper. Messingstimmplatten mit Stimmzungen aus einer hochwertigen Messinglegierung. Das K\u00fcrzel &#8220;MS&#8221; steht f\u00fcr das Modular-System, ein ganzheitliches Konzept f\u00fcr das Mundharmonikadesign von Hohner. MS-Mundharmonikas profitieren von Innovationen, die sowohl die Spieleigenschaften verbessern als auch die PFLege und das Handling wesentlich erleichtern. S\u00e4mtliche MS-Bauteile (Kanzellenk\u00f6rper, Stimmplatten und Deckel) sind individuell untereinander kombinierbar. Durch einfache Verschraubungen wird eine unkomplizierte Montage erm\u00f6glicht. Das Konzept bietet dem Spieler die M\u00f6glichkeit, das Instrument seinen individuellen Bed\u00fcrfnissen anzupassen. &#8211; MS-System (Richter Modell) <\/p>\n<p>Stimmzungenanzahl: 20 <\/p>\n<p>Stimmplatte: Messing; 0,9 mm; <\/p>\n<p>Kanzellenk\u00f6rper: Kunststoff <\/p>\n<p>Schallschlitze im Deckel L\u00e4nge in cm: ca. 10<\/p>\n<\/p>\n<p>Geben Sie Ihr Modell ein, um sicherzustellen, dass dieser Artikel passt.<br \/>\nTolles Preis-\/Klang-Verh\u00e4ltnis! Super f\u00fcr Einsteiger<br \/>\n<div class=\"main-cross-sell\" data-asin=\"B000067BKK\">\n\n\t<div class=\"WooZone-cross-sell-loader\">\n\t\t<div>\n\t\t\t<div id=\"floatingBarsG\">\n\t\t\t\t<div class=\"blockG\" id=\"rotateG_01\"><\/div>\n\t\t\t\t<div class=\"blockG\" id=\"rotateG_02\"><\/div>\n\t\t\t\t<div class=\"blockG\" id=\"rotateG_03\"><\/div>\n\t\t\t\t<div class=\"blockG\" id=\"rotateG_04\"><\/div>\n\t\t\t\t<div class=\"blockG\" id=\"rotateG_05\"><\/div>\n\t\t\t\t<div class=\"blockG\" id=\"rotateG_06\"><\/div>\n\t\t\t\t<div class=\"blockG\" id=\"rotateG_07\"><\/div>\n\t\t\t\t<div class=\"blockG\" id=\"rotateG_08\"><\/div>\n\t\t\t<\/div>\n\t\t\t<div class=\"WooZone-cross-sell-loader-text\"><\/div>\n\t\t<\/div>\n\t<\/div>\n\n\t\t\n<\/div>\n<div style=\"clear:both;\"><\/div>\n","protected":false},"excerpt":{"rendered":"<p>Geben Sie Ihr Modell ein, um sicherzustellen, dass dieser Artikel passt.<br \/>\nTolles Preis-\/Klang-Verh\u00e4ltnis! Super f\u00fcr Einsteiger<\/p>\n","protected":false},"featured_media":1335,"comment_status":"open","ping_status":"closed","template":"","meta":{"_acf_changed":false,"rs_blank_template":"","rs_page_bg_color":"","slide_template_v7":""},"product_brand":[],"product_cat":[112,15],"product_tag":[],"class_list":{"0":"post-1334","1":"product","2":"type-product","3":"status-publish","4":"has-post-thumbnail","6":"product_cat-harmonika","7":"product_cat-shop","8":"pa_amazon-bestseller-rang-nr-1139-in-musikinstrumente-dj-equipment-siehe-top-100-in-musikinstrumente-dj-equipment-nr-18-in-mundharmonikas-musikinstrumente-dj-equipment","9":"pa_artikelgewicht-13-6-g","10":"pa_brand-marke-hohner","11":"pa_durchschnittliche-kundenbewer-43-von-5-sternen-187-sternebewertungen-43-von-5-sternen","12":"pa_im-angebot-von-amazon-de-seit-7-november-2003","13":"pa_modellnummer-hh590c","14":"pa_produktabmessungen-11-79-x-3-58-x-2-59-cm","15":"pa_zusammenbau-noetig-nein","17":"first","18":"instock","19":"shipping-taxable","20":"purchasable","21":"product-type-simple"},"acf":[],"_links":{"self":[{"href":"https:\/\/www.instrumentbox.de\/index.php?rest_route=\/wp\/v2\/product\/1334","targetHints":{"allow":["GET"]}}],"collection":[{"href":"https:\/\/www.instrumentbox.de\/index.php?rest_route=\/wp\/v2\/product"}],"about":[{"href":"https:\/\/www.instrumentbox.de\/index.php?rest_route=\/wp\/v2\/types\/product"}],"replies":[{"embeddable":true,"href":"https:\/\/www.instrumentbox.de\/index.php?rest_route=%2Fwp%2Fv2%2Fcomments&post=1334"}],"wp:featuredmedia":[{"embeddable":true,"href":"https:\/\/www.instrumentbox.de\/index.php?rest_route=\/wp\/v2\/media\/1335"}],"wp:attachment":[{"href":"https:\/\/www.instrumentbox.de\/index.php?rest_route=%2Fwp%2Fv2%2Fmedia&parent=1334"}],"wp:term":[{"taxonomy":"product_brand","embeddable":true,"href":"https:\/\/www.instrumentbox.de\/index.php?rest_route=%2Fwp%2Fv2%2Fproduct_brand&post=1334"},{"taxonomy":"product_cat","embeddable":true,"href":"https:\/\/www.instrumentbox.de\/index.php?rest_route=%2Fwp%2Fv2%2Fproduct_cat&post=1334"},{"taxonomy":"product_tag","embeddable":true,"href":"https:\/\/www.instrumentbox.de\/index.php?rest_route=%2Fwp%2Fv2%2Fproduct_tag&post=1334"}],"curies":[{"name":"wp","href":"https:\/\/api.w.org\/{rel}","templated":true}]}}