{"id":1366,"date":"2020-07-16T00:20:02","date_gmt":"2020-07-16T00:20:02","guid":{"rendered":"https:\/\/www.instrumentbox.de\/?product=hohner-blues-harp-mundharmonika-in-g-dur"},"modified":"2025-01-20T03:01:42","modified_gmt":"2025-01-20T02:01:42","slug":"hohner-blues-harp-mundharmonika-in-g-dur","status":"publish","type":"product","link":"https:\/\/www.instrumentbox.de\/?product=hohner-blues-harp-mundharmonika-in-g-dur","title":{"rendered":"Hohner Blues Harp Mundharmonika in G-Dur"},"content":{"rendered":"<p><!-- show up to 2 reviews by default --> <\/p>\n<p>Blues Harp MS Dunkeler, dreckiger, harter Rock-Ton. Die erstklassige Harfe auf dem Markt f\u00fcr Bluesmusik wurde f\u00fcr gleichm\u00e4\u00dfige Lautst\u00e4rke und Ton entwickelt, wenn sie f\u00fcr intensives Blues-Spielen verwendet wird. Es kann mit den h\u00e4rtesten Spielern an ihren ernsthaftesten Gigs h\u00e4ngen. Sehr biegsam mit einem schmutzigen, dunklen und harten Rocking-Sound, betont diese Mundharmonika alle besten Qualit\u00e4ten des Blues-Mundharmonika-Spiels. Es hat einen Kamm aus Holz f\u00fcr vollen Ton und ist in 12 Tasten erh\u00e4ltlich. Ersatzteile sind lieferbar. <\/p>\n<p>Geben Sie Ihr Modell ein, um sicherzustellen, dass dieser Artikel passt.<br \/>\nSchl\u00fcssel von G#<br \/>\nKamm aus Doussi\u00e9<br \/>\nEdelstahlabdeckungen ohne Seitenschlitze<br \/>\nGro\u00dfartige Ansprache und Ton f\u00fcr Bluespiel<br \/>\nMessing-Stimmzungen<br \/>\n<div class=\"main-cross-sell\" data-asin=\"B000MOMHDM\">\n\n\t<div class=\"WooZone-cross-sell-loader\">\n\t\t<div>\n\t\t\t<div id=\"floatingBarsG\">\n\t\t\t\t<div class=\"blockG\" id=\"rotateG_01\"><\/div>\n\t\t\t\t<div class=\"blockG\" id=\"rotateG_02\"><\/div>\n\t\t\t\t<div class=\"blockG\" id=\"rotateG_03\"><\/div>\n\t\t\t\t<div class=\"blockG\" id=\"rotateG_04\"><\/div>\n\t\t\t\t<div class=\"blockG\" id=\"rotateG_05\"><\/div>\n\t\t\t\t<div class=\"blockG\" id=\"rotateG_06\"><\/div>\n\t\t\t\t<div class=\"blockG\" id=\"rotateG_07\"><\/div>\n\t\t\t\t<div class=\"blockG\" id=\"rotateG_08\"><\/div>\n\t\t\t<\/div>\n\t\t\t<div class=\"WooZone-cross-sell-loader-text\"><\/div>\n\t\t<\/div>\n\t<\/div>\n\n\t\t\n<\/div>\n<div style=\"clear:both;\"><\/div>\n","protected":false},"excerpt":{"rendered":"<p>Geben Sie Ihr Modell ein, um sicherzustellen, dass dieser Artikel passt.<br \/>\nSchl\u00fcssel von G#<br \/>\nKamm aus Doussi\u00e9<\/p>\n","protected":false},"featured_media":1367,"comment_status":"open","ping_status":"closed","template":"","meta":{"_acf_changed":false,"rs_blank_template":"","rs_page_bg_color":"","slide_template_v7":""},"product_brand":[],"product_cat":[112,15],"product_tag":[],"class_list":{"0":"post-1366","1":"product","2":"type-product","3":"status-publish","4":"has-post-thumbnail","6":"product_cat-harmonika","7":"product_cat-shop","8":"pa_amazon-bestseller-rang-nr-690-in-musikinstrumente-dj-equipment-siehe-top-100-in-musikinstrumente-dj-equipment-nr-9-in-mundharmonikas-musikinstrumente-dj-equipment","9":"pa_artikelgewicht-136-g","10":"pa_brand-marke-hohner","11":"pa_durchschnittliche-kundenbewer-46-von-5-sternen-103-sternebewertungen-46-von-5-sternen","12":"pa_im-angebot-von-amazon-de-seit-1-januar-2006","13":"pa_modellnummer-532bx-g","14":"pa_produktabmessungen-21-59-x-13-34-x-3-51-cm","15":"pa_zusammenbau-noetig-nein","17":"first","18":"instock","19":"shipping-taxable","20":"purchasable","21":"product-type-simple"},"acf":[],"_links":{"self":[{"href":"https:\/\/www.instrumentbox.de\/index.php?rest_route=\/wp\/v2\/product\/1366","targetHints":{"allow":["GET"]}}],"collection":[{"href":"https:\/\/www.instrumentbox.de\/index.php?rest_route=\/wp\/v2\/product"}],"about":[{"href":"https:\/\/www.instrumentbox.de\/index.php?rest_route=\/wp\/v2\/types\/product"}],"replies":[{"embeddable":true,"href":"https:\/\/www.instrumentbox.de\/index.php?rest_route=%2Fwp%2Fv2%2Fcomments&post=1366"}],"wp:featuredmedia":[{"embeddable":true,"href":"https:\/\/www.instrumentbox.de\/index.php?rest_route=\/wp\/v2\/media\/1367"}],"wp:attachment":[{"href":"https:\/\/www.instrumentbox.de\/index.php?rest_route=%2Fwp%2Fv2%2Fmedia&parent=1366"}],"wp:term":[{"taxonomy":"product_brand","embeddable":true,"href":"https:\/\/www.instrumentbox.de\/index.php?rest_route=%2Fwp%2Fv2%2Fproduct_brand&post=1366"},{"taxonomy":"product_cat","embeddable":true,"href":"https:\/\/www.instrumentbox.de\/index.php?rest_route=%2Fwp%2Fv2%2Fproduct_cat&post=1366"},{"taxonomy":"product_tag","embeddable":true,"href":"https:\/\/www.instrumentbox.de\/index.php?rest_route=%2Fwp%2Fv2%2Fproduct_tag&post=1366"}],"curies":[{"name":"wp","href":"https:\/\/api.w.org\/{rel}","templated":true}]}}