{"id":1387,"date":"2020-07-16T00:20:14","date_gmt":"2020-07-16T00:20:14","guid":{"rendered":"https:\/\/www.instrumentbox.de\/?product=hohner-blues-harp-mundharmonika-in-c-dur"},"modified":"2025-01-22T05:11:25","modified_gmt":"2025-01-22T04:11:25","slug":"hohner-blues-harp-mundharmonika-in-c-dur","status":"publish","type":"product","link":"https:\/\/www.instrumentbox.de\/?product=hohner-blues-harp-mundharmonika-in-c-dur","title":{"rendered":"Hohner Blues Harp Mundharmonika in C-Dur"},"content":{"rendered":"<p><!-- show up to 2 reviews by default --> <\/p>\n<p>Hohner Blues Harp, die meistverkaufte Blues Mundharmonika, ein absoluter Bestseller. Edelstahldeckel, Holzkanzellenk\u00f6rper und Messingstimmplatten in der bew\u00e4hrter &#8220;Sandwich-Bauweise&#8221; zusammengefasst, ergeben einen warmen und kr\u00e4ftigen Klang. Features:- MS-Serie (Modular System) &#8211; diatonisch, 20 Stimmzungen &#8211; Holz Kanzellenk\u00f6rper (Doussie (Afzelia) = afrik. Hartholz) &#8211; Messing Stimmplatten 0,9mm- Edelstahl Deckel schwarz lackiert <\/p>\n<p>Geben Sie Ihr Modell ein, um sicherzustellen, dass dieser Artikel passt.<br \/>\n1 St\u00fcck<br \/>\n<div class=\"main-cross-sell\" data-asin=\"B000MI33I6\">\n\n\t<div class=\"WooZone-cross-sell-loader\">\n\t\t<div>\n\t\t\t<div id=\"floatingBarsG\">\n\t\t\t\t<div class=\"blockG\" id=\"rotateG_01\"><\/div>\n\t\t\t\t<div class=\"blockG\" id=\"rotateG_02\"><\/div>\n\t\t\t\t<div class=\"blockG\" id=\"rotateG_03\"><\/div>\n\t\t\t\t<div class=\"blockG\" id=\"rotateG_04\"><\/div>\n\t\t\t\t<div class=\"blockG\" id=\"rotateG_05\"><\/div>\n\t\t\t\t<div class=\"blockG\" id=\"rotateG_06\"><\/div>\n\t\t\t\t<div class=\"blockG\" id=\"rotateG_07\"><\/div>\n\t\t\t\t<div class=\"blockG\" id=\"rotateG_08\"><\/div>\n\t\t\t<\/div>\n\t\t\t<div class=\"WooZone-cross-sell-loader-text\"><\/div>\n\t\t<\/div>\n\t<\/div>\n\n\t\t\n<\/div>\n<div style=\"clear:both;\"><\/div>\n","protected":false},"excerpt":{"rendered":"<p>Geben Sie Ihr Modell ein, um sicherzustellen, dass dieser Artikel passt.<br \/>\n1 St\u00fcck<\/p>\n","protected":false},"featured_media":1388,"comment_status":"open","ping_status":"closed","template":"","meta":{"_acf_changed":false,"rs_blank_template":"","rs_page_bg_color":"","slide_template_v7":""},"product_brand":[],"product_cat":[112,15],"product_tag":[],"class_list":{"0":"post-1387","1":"product","2":"type-product","3":"status-publish","4":"has-post-thumbnail","6":"product_cat-harmonika","7":"product_cat-shop","8":"pa_amazon-bestseller-rang-nr-296-in-musikinstrumente-dj-equipment-siehe-top-100-in-musikinstrumente-dj-equipment-nr-6-in-mundharmonikas-musikinstrumente-dj-equipment-nr-20-in-musikinstrumente-spielzeug","9":"pa_artikelgewicht-90-g","10":"pa_brand-marke-hohner","11":"pa_durchschnittliche-kundenbewer-46-von-5-sternen-500-sternebewertungen-46-von-5-sternen","12":"pa_farbe-chrome","13":"pa_im-angebot-von-amazon-de-seit-6-juli-2009","14":"pa_material-edelstahl","15":"pa_modellnummer-m533016","16":"pa_produktabmessungen-4-5-x-11-51-x-3-cm","17":"pa_zusammenbau-noetig-nein","19":"first","20":"instock","21":"shipping-taxable","22":"purchasable","23":"product-type-simple"},"acf":[],"_links":{"self":[{"href":"https:\/\/www.instrumentbox.de\/index.php?rest_route=\/wp\/v2\/product\/1387","targetHints":{"allow":["GET"]}}],"collection":[{"href":"https:\/\/www.instrumentbox.de\/index.php?rest_route=\/wp\/v2\/product"}],"about":[{"href":"https:\/\/www.instrumentbox.de\/index.php?rest_route=\/wp\/v2\/types\/product"}],"replies":[{"embeddable":true,"href":"https:\/\/www.instrumentbox.de\/index.php?rest_route=%2Fwp%2Fv2%2Fcomments&post=1387"}],"wp:featuredmedia":[{"embeddable":true,"href":"https:\/\/www.instrumentbox.de\/index.php?rest_route=\/wp\/v2\/media\/1388"}],"wp:attachment":[{"href":"https:\/\/www.instrumentbox.de\/index.php?rest_route=%2Fwp%2Fv2%2Fmedia&parent=1387"}],"wp:term":[{"taxonomy":"product_brand","embeddable":true,"href":"https:\/\/www.instrumentbox.de\/index.php?rest_route=%2Fwp%2Fv2%2Fproduct_brand&post=1387"},{"taxonomy":"product_cat","embeddable":true,"href":"https:\/\/www.instrumentbox.de\/index.php?rest_route=%2Fwp%2Fv2%2Fproduct_cat&post=1387"},{"taxonomy":"product_tag","embeddable":true,"href":"https:\/\/www.instrumentbox.de\/index.php?rest_route=%2Fwp%2Fv2%2Fproduct_tag&post=1387"}],"curies":[{"name":"wp","href":"https:\/\/api.w.org\/{rel}","templated":true}]}}