{"id":1415,"date":"2020-07-16T00:22:47","date_gmt":"2020-07-16T00:22:47","guid":{"rendered":"https:\/\/www.instrumentbox.de\/?product=hohner-big-river-mundharmonika-in-g-dur"},"modified":"2025-01-22T06:03:57","modified_gmt":"2025-01-22T05:03:57","slug":"hohner-big-river-mundharmonika-in-g-dur","status":"publish","type":"product","link":"https:\/\/www.instrumentbox.de\/?product=hohner-big-river-mundharmonika-in-g-dur","title":{"rendered":"Hohner Big River Mundharmonika in G-Dur"},"content":{"rendered":"<p><!-- show up to 2 reviews by default --> <\/p>\n<p>Big River ist optimiert f\u00fcr einen starken, besonders gl\u00e4nzenden und guten Wert. &#8220;MS &#8220;ist die Abk\u00fcrzung von Hohner f\u00fcr Modularsystem. Alle Komponenten des MS (Kamm, Reedplate und Abdeckung) sind miteinander kompatibel, so dass die Teile verschiedener Modelle kombiniert werden k\u00f6nnen, um den Bed\u00fcrfnissen des Spielers gerecht zu werden. Setzen Sie die Grenzen wie Paul Verz\u00f6gerard f\u00fcr die Verwendung verwendet wird. Dieses zuverl\u00e4ssige Ger\u00e4t vereint die h\u00f6chsten deutschen Qualit\u00e4tskriterien zu einem g\u00fcnstigeren Preis. Ein Kunststoffband MS aus der Version der gek\u00e4mmten Marine, ist ein toller Alltagsbegleiter und erm\u00f6glicht es Ihnen, auf die B\u00fchne zu gehen, wo es sein eigenes Blues, Rock und Land zum Spielen h\u00e4lt. Erh\u00e4ltlich in allen 12 Schl\u00fcsseln mit einem oberen G; Ersatzklingen sind separat erh\u00e4ltlich. Eigenschaften: \u2013 aus schwarzem Kunststoff mit Unterputz-Abdeckung, mit Abdeckung der konkaven Seite \u2013 20 MS Reeds, 0,9 mm Messing Schilfrohren, beschichtete Steckdosen in allen 12 Haupttasten. <\/p>\n<p>Geben Sie Ihr Modell ein, um sicherzustellen, dass dieser Artikel passt.<br \/>\nDiatonische Mundharmonika der Einstiegsklasse<br \/>\nAcrylkamm<br \/>\nAbdeckplatten aus Edelstahl<br \/>\nHandmade in Germany<br \/>\nSorgt f\u00fcr einen starken und hellen Klang.<br \/>\n<div class=\"main-cross-sell\" data-asin=\"B0002GWLO0\">\n\n\t<div class=\"WooZone-cross-sell-loader\">\n\t\t<div>\n\t\t\t<div id=\"floatingBarsG\">\n\t\t\t\t<div class=\"blockG\" id=\"rotateG_01\"><\/div>\n\t\t\t\t<div class=\"blockG\" id=\"rotateG_02\"><\/div>\n\t\t\t\t<div class=\"blockG\" id=\"rotateG_03\"><\/div>\n\t\t\t\t<div class=\"blockG\" id=\"rotateG_04\"><\/div>\n\t\t\t\t<div class=\"blockG\" id=\"rotateG_05\"><\/div>\n\t\t\t\t<div class=\"blockG\" id=\"rotateG_06\"><\/div>\n\t\t\t\t<div class=\"blockG\" id=\"rotateG_07\"><\/div>\n\t\t\t\t<div class=\"blockG\" id=\"rotateG_08\"><\/div>\n\t\t\t<\/div>\n\t\t\t<div class=\"WooZone-cross-sell-loader-text\"><\/div>\n\t\t<\/div>\n\t<\/div>\n\n\t\t\n<\/div>\n<div style=\"clear:both;\"><\/div>\n","protected":false},"excerpt":{"rendered":"<p>Geben Sie Ihr Modell ein, um sicherzustellen, dass dieser Artikel passt.<br \/>\nDiatonische Mundharmonika der Einstiegsklasse<br \/>\nAcrylkamm<\/p>\n","protected":false},"featured_media":1416,"comment_status":"open","ping_status":"closed","template":"","meta":{"_acf_changed":false,"rs_blank_template":"","rs_page_bg_color":"","slide_template_v7":""},"product_brand":[],"product_cat":[112,15],"product_tag":[],"class_list":{"0":"post-1415","1":"product","2":"type-product","3":"status-publish","4":"has-post-thumbnail","6":"product_cat-harmonika","7":"product_cat-shop","8":"pa_amazon-bestseller-rang-nr-12576-in-musikinstrumente-dj-equipment-siehe-top-100-in-musikinstrumente-dj-equipment-nr-154-in-mundharmonikas-musikinstrumente-dj-equipment","9":"pa_artikelgewicht-13-6-g","10":"pa_brand-marke-hohner","11":"pa_durchschnittliche-kundenbewer-45-von-5-sternen-37-sternebewertungen-45-von-5-sternen","12":"pa_farbe-chrom","13":"pa_im-angebot-von-amazon-de-seit-9-februar-2011","14":"pa_material-edelstahl","15":"pa_modellnummer-hh590g","16":"pa_produktabmessungen-11-79-x-3-58-x-2-59-cm","17":"pa_zusammenbau-noetig-nein","19":"first","20":"instock","21":"shipping-taxable","22":"purchasable","23":"product-type-simple"},"acf":[],"_links":{"self":[{"href":"https:\/\/www.instrumentbox.de\/index.php?rest_route=\/wp\/v2\/product\/1415","targetHints":{"allow":["GET"]}}],"collection":[{"href":"https:\/\/www.instrumentbox.de\/index.php?rest_route=\/wp\/v2\/product"}],"about":[{"href":"https:\/\/www.instrumentbox.de\/index.php?rest_route=\/wp\/v2\/types\/product"}],"replies":[{"embeddable":true,"href":"https:\/\/www.instrumentbox.de\/index.php?rest_route=%2Fwp%2Fv2%2Fcomments&post=1415"}],"wp:featuredmedia":[{"embeddable":true,"href":"https:\/\/www.instrumentbox.de\/index.php?rest_route=\/wp\/v2\/media\/1416"}],"wp:attachment":[{"href":"https:\/\/www.instrumentbox.de\/index.php?rest_route=%2Fwp%2Fv2%2Fmedia&parent=1415"}],"wp:term":[{"taxonomy":"product_brand","embeddable":true,"href":"https:\/\/www.instrumentbox.de\/index.php?rest_route=%2Fwp%2Fv2%2Fproduct_brand&post=1415"},{"taxonomy":"product_cat","embeddable":true,"href":"https:\/\/www.instrumentbox.de\/index.php?rest_route=%2Fwp%2Fv2%2Fproduct_cat&post=1415"},{"taxonomy":"product_tag","embeddable":true,"href":"https:\/\/www.instrumentbox.de\/index.php?rest_route=%2Fwp%2Fv2%2Fproduct_tag&post=1415"}],"curies":[{"name":"wp","href":"https:\/\/api.w.org\/{rel}","templated":true}]}}