{"id":1420,"date":"2020-07-16T00:22:51","date_gmt":"2020-07-16T00:22:51","guid":{"rendered":"https:\/\/www.instrumentbox.de\/?product=seydel-blues-session-steel-g-20-mundharmonika"},"modified":"2025-01-24T18:36:05","modified_gmt":"2025-01-24T17:36:05","slug":"seydel-blues-session-steel-g-20-mundharmonika","status":"publish","type":"product","link":"https:\/\/www.instrumentbox.de\/?product=seydel-blues-session-steel-g-20-mundharmonika","title":{"rendered":"Seydel Blues-Session Steel G\/20 Mundharmonika"},"content":{"rendered":"<p><!-- show up to 2 reviews by default --> <\/p>\n<p>&#8211; Hersteller: C.A. Seydel S\u00f6hne- Typ: Blues Harp- Modell: Session Steel- Stimmung: Standard Richter- Tonart: G-Dur- Ergonomische Schalldeckel aus Edelstahl, vollkommen abgerundet an der Mundseite- ABS-Kanzellenk\u00f6rper mit innenliegenden Neusilber-Stimmplatten- Nieten und Verschraubung aus Edelstahl- Lippen- und bartfreundliches Design- Minimierter Luftverbrauch durch feingeschnittene Stimmplatten, optimierte Planlage und extrem niedrige Toleranzen zwischen Tonzungen und Stimmplatte- Edelstahl-Stimmzungen sorgen f\u00fcr den bew\u00e4hrt klaren und vollen Klang der 1847-Modelle- Eine bis zu 5-fach l\u00e4ngere Haltbarkeit gegen\u00fcber Modellen mit Messing-Stimmzungen- Mit praktischem Lederetui- Hergestellt in Deutschland (Klingenthal\/Sachsen)- Made in Germany (Klingenthal\/Saxony) <\/p>\n<p>Geben Sie Ihr Modell ein, um sicherzustellen, dass dieser Artikel passt.<br \/>\n1 St\u00fcck<br \/>\n<div class=\"main-cross-sell\" data-asin=\"B0057IVKT0\">\n\n\t<div class=\"WooZone-cross-sell-loader\">\n\t\t<div>\n\t\t\t<div id=\"floatingBarsG\">\n\t\t\t\t<div class=\"blockG\" id=\"rotateG_01\"><\/div>\n\t\t\t\t<div class=\"blockG\" id=\"rotateG_02\"><\/div>\n\t\t\t\t<div class=\"blockG\" id=\"rotateG_03\"><\/div>\n\t\t\t\t<div class=\"blockG\" id=\"rotateG_04\"><\/div>\n\t\t\t\t<div class=\"blockG\" id=\"rotateG_05\"><\/div>\n\t\t\t\t<div class=\"blockG\" id=\"rotateG_06\"><\/div>\n\t\t\t\t<div class=\"blockG\" id=\"rotateG_07\"><\/div>\n\t\t\t\t<div class=\"blockG\" id=\"rotateG_08\"><\/div>\n\t\t\t<\/div>\n\t\t\t<div class=\"WooZone-cross-sell-loader-text\"><\/div>\n\t\t<\/div>\n\t<\/div>\n\n\t\t\n<\/div>\n<div style=\"clear:both;\"><\/div>\n","protected":false},"excerpt":{"rendered":"<p>Geben Sie Ihr Modell ein, um sicherzustellen, dass dieser Artikel passt.<br \/>\n1 St\u00fcck<\/p>\n","protected":false},"featured_media":1421,"comment_status":"open","ping_status":"closed","template":"","meta":{"_acf_changed":false,"rs_blank_template":"","rs_page_bg_color":"","slide_template_v7":""},"product_brand":[],"product_cat":[112,15],"product_tag":[],"class_list":{"0":"post-1420","1":"product","2":"type-product","3":"status-publish","4":"has-post-thumbnail","6":"product_cat-harmonika","7":"product_cat-shop","8":"pa_amazon-bestseller-rang-nr-16490-in-musikinstrumente-dj-equipment-siehe-top-100-in-musikinstrumente-dj-equipment-nr-196-in-mundharmonikas-musikinstrumente-dj-equipment","9":"pa_artikelgewicht-163-g","10":"pa_brand-marke-c-a-seydel","11":"pa_durchschnittliche-kundenbewer-45-von-5-sternen-43-sternebewertungen-45-von-5-sternen","12":"pa_im-angebot-von-amazon-de-seit-17-februar-2012","13":"pa_modellnummer-blues-session-steel-g","14":"pa_produktabmessungen-11-94-x-4-32-x-3-05-cm","15":"pa_zusammenbau-noetig-nein","17":"first","18":"instock","19":"shipping-taxable","20":"purchasable","21":"product-type-simple"},"acf":[],"_links":{"self":[{"href":"https:\/\/www.instrumentbox.de\/index.php?rest_route=\/wp\/v2\/product\/1420","targetHints":{"allow":["GET"]}}],"collection":[{"href":"https:\/\/www.instrumentbox.de\/index.php?rest_route=\/wp\/v2\/product"}],"about":[{"href":"https:\/\/www.instrumentbox.de\/index.php?rest_route=\/wp\/v2\/types\/product"}],"replies":[{"embeddable":true,"href":"https:\/\/www.instrumentbox.de\/index.php?rest_route=%2Fwp%2Fv2%2Fcomments&post=1420"}],"wp:featuredmedia":[{"embeddable":true,"href":"https:\/\/www.instrumentbox.de\/index.php?rest_route=\/wp\/v2\/media\/1421"}],"wp:attachment":[{"href":"https:\/\/www.instrumentbox.de\/index.php?rest_route=%2Fwp%2Fv2%2Fmedia&parent=1420"}],"wp:term":[{"taxonomy":"product_brand","embeddable":true,"href":"https:\/\/www.instrumentbox.de\/index.php?rest_route=%2Fwp%2Fv2%2Fproduct_brand&post=1420"},{"taxonomy":"product_cat","embeddable":true,"href":"https:\/\/www.instrumentbox.de\/index.php?rest_route=%2Fwp%2Fv2%2Fproduct_cat&post=1420"},{"taxonomy":"product_tag","embeddable":true,"href":"https:\/\/www.instrumentbox.de\/index.php?rest_route=%2Fwp%2Fv2%2Fproduct_tag&post=1420"}],"curies":[{"name":"wp","href":"https:\/\/api.w.org\/{rel}","templated":true}]}}