{"id":1443,"date":"2020-07-16T00:23:06","date_gmt":"2020-07-16T00:23:06","guid":{"rendered":"https:\/\/www.instrumentbox.de\/?product=hohner-280-c-64-mundharmonika"},"modified":"2025-01-24T18:45:14","modified_gmt":"2025-01-24T17:45:14","slug":"hohner-280-c-64-mundharmonika","status":"publish","type":"product","link":"https:\/\/www.instrumentbox.de\/?product=hohner-280-c-64-mundharmonika","title":{"rendered":"Hohner 280\/C 64 Mundharmonika"},"content":{"rendered":"<p><!-- show up to 2 reviews by default --> <\/p>\n<p>Features:- 16 Kan\u00e4le &#8211; C-Dur &#8211; Tonumfang = 4 Oktaven, chromatisch (c &#8211; d&#8221;&#8221; ) &#8211; 64 T\u00f6ne &#8211; Kunststoff Kanzellenk\u00f6rper &#8211; Messing Stimmplatten 1,05mm, geschraubt &#8211; Edelstahl Deckel montiert mit zwei Deckelschrauben- verchr. Mundst\u00fcck mit runden Tonl\u00f6chern- Hartschalenetui <\/p>\n<p>Geben Sie Ihr Modell ein, um sicherzustellen, dass dieser Artikel passt.<br \/>\n1 St\u00fcck<br \/>\n<div class=\"main-cross-sell\" data-asin=\"B0002NIPW0\">\n\n\t<div class=\"WooZone-cross-sell-loader\">\n\t\t<div>\n\t\t\t<div id=\"floatingBarsG\">\n\t\t\t\t<div class=\"blockG\" id=\"rotateG_01\"><\/div>\n\t\t\t\t<div class=\"blockG\" id=\"rotateG_02\"><\/div>\n\t\t\t\t<div class=\"blockG\" id=\"rotateG_03\"><\/div>\n\t\t\t\t<div class=\"blockG\" id=\"rotateG_04\"><\/div>\n\t\t\t\t<div class=\"blockG\" id=\"rotateG_05\"><\/div>\n\t\t\t\t<div class=\"blockG\" id=\"rotateG_06\"><\/div>\n\t\t\t\t<div class=\"blockG\" id=\"rotateG_07\"><\/div>\n\t\t\t\t<div class=\"blockG\" id=\"rotateG_08\"><\/div>\n\t\t\t<\/div>\n\t\t\t<div class=\"WooZone-cross-sell-loader-text\"><\/div>\n\t\t<\/div>\n\t<\/div>\n\n\t\t\n<\/div>\n<div style=\"clear:both;\"><\/div>\n","protected":false},"excerpt":{"rendered":"<p>Geben Sie Ihr Modell ein, um sicherzustellen, dass dieser Artikel passt.<br \/>\n1 St\u00fcck<\/p>\n","protected":false},"featured_media":1444,"comment_status":"open","ping_status":"closed","template":"","meta":{"_acf_changed":false,"rs_blank_template":"","rs_page_bg_color":"","slide_template_v7":""},"product_brand":[],"product_cat":[112,15],"product_tag":[],"class_list":{"0":"post-1443","1":"product","2":"type-product","3":"status-publish","4":"has-post-thumbnail","6":"product_cat-harmonika","7":"product_cat-shop","8":"pa_amazon-bestseller-rang-nr-14774-in-musikinstrumente-dj-equipment-siehe-top-100-in-musikinstrumente-dj-equipment-nr-179-in-mundharmonikas-musikinstrumente-dj-equipment","9":"pa_artikelgewicht-227-g","10":"pa_brand-marke-hohner","11":"pa_durchschnittliche-kundenbewer-42-von-5-sternen-95-sternebewertungen-42-von-5-sternen","12":"pa_farbe-chrome","13":"pa_herstellungsland-germany","14":"pa_im-angebot-von-amazon-de-seit-16-januar-2009","15":"pa_modellnummer-280-c","16":"pa_produktabmessungen-19-81-x-3-05-x-4-57-cm","17":"pa_zusammenbau-noetig-nein","19":"first","20":"instock","21":"shipping-taxable","22":"purchasable","23":"product-type-simple"},"acf":[],"_links":{"self":[{"href":"https:\/\/www.instrumentbox.de\/index.php?rest_route=\/wp\/v2\/product\/1443","targetHints":{"allow":["GET"]}}],"collection":[{"href":"https:\/\/www.instrumentbox.de\/index.php?rest_route=\/wp\/v2\/product"}],"about":[{"href":"https:\/\/www.instrumentbox.de\/index.php?rest_route=\/wp\/v2\/types\/product"}],"replies":[{"embeddable":true,"href":"https:\/\/www.instrumentbox.de\/index.php?rest_route=%2Fwp%2Fv2%2Fcomments&post=1443"}],"wp:featuredmedia":[{"embeddable":true,"href":"https:\/\/www.instrumentbox.de\/index.php?rest_route=\/wp\/v2\/media\/1444"}],"wp:attachment":[{"href":"https:\/\/www.instrumentbox.de\/index.php?rest_route=%2Fwp%2Fv2%2Fmedia&parent=1443"}],"wp:term":[{"taxonomy":"product_brand","embeddable":true,"href":"https:\/\/www.instrumentbox.de\/index.php?rest_route=%2Fwp%2Fv2%2Fproduct_brand&post=1443"},{"taxonomy":"product_cat","embeddable":true,"href":"https:\/\/www.instrumentbox.de\/index.php?rest_route=%2Fwp%2Fv2%2Fproduct_cat&post=1443"},{"taxonomy":"product_tag","embeddable":true,"href":"https:\/\/www.instrumentbox.de\/index.php?rest_route=%2Fwp%2Fv2%2Fproduct_tag&post=1443"}],"curies":[{"name":"wp","href":"https:\/\/api.w.org\/{rel}","templated":true}]}}