{"id":1457,"date":"2020-07-16T00:23:14","date_gmt":"2020-07-16T00:23:14","guid":{"rendered":"https:\/\/www.instrumentbox.de\/?product=lee-oskar-797037-natural-minor-e-moll-mundharmonika"},"modified":"2025-01-20T03:45:28","modified_gmt":"2025-01-20T02:45:28","slug":"lee-oskar-797037-natural-minor-e-moll-mundharmonika","status":"publish","type":"product","link":"https:\/\/www.instrumentbox.de\/?product=lee-oskar-797037-natural-minor-e-moll-mundharmonika","title":{"rendered":"Lee Oskar 797037 Natural Minor E-Moll Mundharmonika"},"content":{"rendered":"<div class=\"disclaim\"> Stil:<strong>E-Moll<\/strong> <\/div>\n<p> <!-- show up to 2 reviews by default --> <\/p>\n<p>Durch die Melodiemaker f\u00e4llt das Benden der T\u00f6ne weg, was das Melodiespiel erleichtert (vorausgesetzt, man ben\u00f6tigt keine Bendings)Features:- Tonart: E-moll- Richter System- Kanzellenkorpus aus Kunststoff (dadurch kein Aufquellen wie bei Holz)- 5-fach verschraubte Stimmplatten aus Messing- 10-Loch Kanzellenkorpus- Deckel aus Edelstahl- im Kunststoffetui (das Etui ist so gestaltet, dass man mehrere Etuis einfach aneinanderstecken kann und somit keinen Koffer ben\u00f6tigt)- f\u00fcr Blues, Country, Rock, Jazz, Reggae <\/p>\n<p>Geben Sie Ihr Modell ein, um sicherzustellen, dass dieser Artikel passt.<br \/>\nF\u00fcr Blues, Rock, Country, Jazz, Reggae<br \/>\nSystem Richter, 10 Kanzellen<br \/>\n5-fach verschraubte Stimmplatten aus Messing<br \/>\nDeckel aus Edelstahl, Zusammensteckbares Kunststoffetui<br \/>\nE-Moll<br \/>\n<div class=\"main-cross-sell\" data-asin=\"B0002H0RRM\">\n\n\t<div class=\"WooZone-cross-sell-loader\">\n\t\t<div>\n\t\t\t<div id=\"floatingBarsG\">\n\t\t\t\t<div class=\"blockG\" id=\"rotateG_01\"><\/div>\n\t\t\t\t<div class=\"blockG\" id=\"rotateG_02\"><\/div>\n\t\t\t\t<div class=\"blockG\" id=\"rotateG_03\"><\/div>\n\t\t\t\t<div class=\"blockG\" id=\"rotateG_04\"><\/div>\n\t\t\t\t<div class=\"blockG\" id=\"rotateG_05\"><\/div>\n\t\t\t\t<div class=\"blockG\" id=\"rotateG_06\"><\/div>\n\t\t\t\t<div class=\"blockG\" id=\"rotateG_07\"><\/div>\n\t\t\t\t<div class=\"blockG\" id=\"rotateG_08\"><\/div>\n\t\t\t<\/div>\n\t\t\t<div class=\"WooZone-cross-sell-loader-text\"><\/div>\n\t\t<\/div>\n\t<\/div>\n\n\t\t\n<\/div>\n<div style=\"clear:both;\"><\/div>\n","protected":false},"excerpt":{"rendered":"<p>Geben Sie Ihr Modell ein, um sicherzustellen, dass dieser Artikel passt.<br \/>\nF\u00fcr Blues, Rock, Country, Jazz, Reggae<br \/>\nSystem Richter, 10 Kanzellen<\/p>\n","protected":false},"featured_media":1458,"comment_status":"open","ping_status":"closed","template":"","meta":{"_acf_changed":false,"rs_blank_template":"","rs_page_bg_color":"","slide_template_v7":""},"product_brand":[],"product_cat":[112,15],"product_tag":[],"class_list":{"0":"post-1457","1":"product","2":"type-product","3":"status-publish","4":"has-post-thumbnail","6":"product_cat-harmonika","7":"product_cat-shop","8":"pa_amazon-bestseller-rang-nr-2509-in-musikinstrumente-dj-equipment-siehe-top-100-in-musikinstrumente-dj-equipment-nr-36-in-mundharmonikas-musikinstrumente-dj-equipment","9":"pa_artikelgewicht-9-07-g","10":"pa_brand-marke-lee-oskar","11":"pa_durchschnittliche-kundenbewer-43-von-5-sternen-155-sternebewertungen-43-von-5-sternen","12":"pa_im-angebot-von-amazon-de-seit-2-august-2012","13":"pa_modellnummer-lee-oskar-1910n-em-harmonica","14":"pa_produktabmessungen-15-24-x-7-62-x-2-54-cm","15":"pa_zusammenbau-noetig-nein","17":"first","18":"instock","19":"shipping-taxable","20":"purchasable","21":"product-type-simple"},"acf":[],"_links":{"self":[{"href":"https:\/\/www.instrumentbox.de\/index.php?rest_route=\/wp\/v2\/product\/1457","targetHints":{"allow":["GET"]}}],"collection":[{"href":"https:\/\/www.instrumentbox.de\/index.php?rest_route=\/wp\/v2\/product"}],"about":[{"href":"https:\/\/www.instrumentbox.de\/index.php?rest_route=\/wp\/v2\/types\/product"}],"replies":[{"embeddable":true,"href":"https:\/\/www.instrumentbox.de\/index.php?rest_route=%2Fwp%2Fv2%2Fcomments&post=1457"}],"wp:featuredmedia":[{"embeddable":true,"href":"https:\/\/www.instrumentbox.de\/index.php?rest_route=\/wp\/v2\/media\/1458"}],"wp:attachment":[{"href":"https:\/\/www.instrumentbox.de\/index.php?rest_route=%2Fwp%2Fv2%2Fmedia&parent=1457"}],"wp:term":[{"taxonomy":"product_brand","embeddable":true,"href":"https:\/\/www.instrumentbox.de\/index.php?rest_route=%2Fwp%2Fv2%2Fproduct_brand&post=1457"},{"taxonomy":"product_cat","embeddable":true,"href":"https:\/\/www.instrumentbox.de\/index.php?rest_route=%2Fwp%2Fv2%2Fproduct_cat&post=1457"},{"taxonomy":"product_tag","embeddable":true,"href":"https:\/\/www.instrumentbox.de\/index.php?rest_route=%2Fwp%2Fv2%2Fproduct_tag&post=1457"}],"curies":[{"name":"wp","href":"https:\/\/api.w.org\/{rel}","templated":true}]}}