{"id":1483,"date":"2020-07-16T00:27:38","date_gmt":"2020-07-16T00:27:38","guid":{"rendered":"https:\/\/www.instrumentbox.de\/?product=hohner-m1896036x-marine-band-classic-d-mundharmonika"},"modified":"2025-01-23T18:06:55","modified_gmt":"2025-01-23T17:06:55","slug":"hohner-m1896036x-marine-band-classic-d-mundharmonika","status":"publish","type":"product","link":"https:\/\/www.instrumentbox.de\/?product=hohner-m1896036x-marine-band-classic-d-mundharmonika","title":{"rendered":"Hohner M1896036X Marine Band Classic D Mundharmonika"},"content":{"rendered":"<p><!-- show up to 2 reviews by default --> <\/p>\n<p>Der Name &#8221; Marine Band&#8221; steht f\u00fcr eine lange, erfolgreiche Tradition in der Herstellung von hochwertigen Mundharmonikas. Ein Kanzellenk\u00f6rper aus Birnbaum-Holz und die gew\u00f6lbten Edelstahldeckel mit seitl. Schallschlitzen verleihen dem Instrument ihren legend\u00e4ren Klang, der auf vielen klassischen Blues-Aufnahmen zu h\u00f6ren ist. Features:- Birnbaum Kanzellenk\u00f6rper- Messing Stimmplatten 0,9mm, aufgenagelt- Edelstahl Deckel mit seitlichen Schallschlitzen- super Tonansprache- Handmade <\/p>\n<p>Geben Sie Ihr Modell ein, um sicherzustellen, dass dieser Artikel passt.<br \/>\n1 St\u00fcck<br \/>\n<div class=\"main-cross-sell\" data-asin=\"B00V6CRYKK\">\n\n\t<div class=\"WooZone-cross-sell-loader\">\n\t\t<div>\n\t\t\t<div id=\"floatingBarsG\">\n\t\t\t\t<div class=\"blockG\" id=\"rotateG_01\"><\/div>\n\t\t\t\t<div class=\"blockG\" id=\"rotateG_02\"><\/div>\n\t\t\t\t<div class=\"blockG\" id=\"rotateG_03\"><\/div>\n\t\t\t\t<div class=\"blockG\" id=\"rotateG_04\"><\/div>\n\t\t\t\t<div class=\"blockG\" id=\"rotateG_05\"><\/div>\n\t\t\t\t<div class=\"blockG\" id=\"rotateG_06\"><\/div>\n\t\t\t\t<div class=\"blockG\" id=\"rotateG_07\"><\/div>\n\t\t\t\t<div class=\"blockG\" id=\"rotateG_08\"><\/div>\n\t\t\t<\/div>\n\t\t\t<div class=\"WooZone-cross-sell-loader-text\"><\/div>\n\t\t<\/div>\n\t<\/div>\n\n\t\t\n<\/div>\n<div style=\"clear:both;\"><\/div>\n","protected":false},"excerpt":{"rendered":"<p>Geben Sie Ihr Modell ein, um sicherzustellen, dass dieser Artikel passt.<br \/>\n1 St\u00fcck<\/p>\n","protected":false},"featured_media":1484,"comment_status":"open","ping_status":"closed","template":"","meta":{"_acf_changed":false,"rs_blank_template":"","rs_page_bg_color":"","slide_template_v7":""},"product_brand":[],"product_cat":[112,15],"product_tag":[],"class_list":{"0":"post-1483","1":"product","2":"type-product","3":"status-publish","4":"has-post-thumbnail","6":"product_cat-harmonika","7":"product_cat-shop","8":"pa_amazon-bestseller-rang-nr-4375-in-musikinstrumente-dj-equipment-siehe-top-100-in-musikinstrumente-dj-equipment-nr-66-in-mundharmonikas-musikinstrumente-dj-equipment","9":"pa_artikelgewicht-60-g","10":"pa_brand-marke-hohner","11":"pa_durchschnittliche-kundenbewer-43-von-5-sternen-2-sternebewertungen-43-von-5-sternen","12":"pa_im-angebot-von-amazon-de-seit-10-maerz-2015","13":"pa_modellnummer-m1896036x","14":"pa_produktabmessungen-10-x-3-x-2-5-cm","15":"pa_zusammenbau-noetig-nein","17":"first","18":"instock","19":"shipping-taxable","20":"purchasable","21":"product-type-simple"},"acf":[],"_links":{"self":[{"href":"https:\/\/www.instrumentbox.de\/index.php?rest_route=\/wp\/v2\/product\/1483","targetHints":{"allow":["GET"]}}],"collection":[{"href":"https:\/\/www.instrumentbox.de\/index.php?rest_route=\/wp\/v2\/product"}],"about":[{"href":"https:\/\/www.instrumentbox.de\/index.php?rest_route=\/wp\/v2\/types\/product"}],"replies":[{"embeddable":true,"href":"https:\/\/www.instrumentbox.de\/index.php?rest_route=%2Fwp%2Fv2%2Fcomments&post=1483"}],"wp:featuredmedia":[{"embeddable":true,"href":"https:\/\/www.instrumentbox.de\/index.php?rest_route=\/wp\/v2\/media\/1484"}],"wp:attachment":[{"href":"https:\/\/www.instrumentbox.de\/index.php?rest_route=%2Fwp%2Fv2%2Fmedia&parent=1483"}],"wp:term":[{"taxonomy":"product_brand","embeddable":true,"href":"https:\/\/www.instrumentbox.de\/index.php?rest_route=%2Fwp%2Fv2%2Fproduct_brand&post=1483"},{"taxonomy":"product_cat","embeddable":true,"href":"https:\/\/www.instrumentbox.de\/index.php?rest_route=%2Fwp%2Fv2%2Fproduct_cat&post=1483"},{"taxonomy":"product_tag","embeddable":true,"href":"https:\/\/www.instrumentbox.de\/index.php?rest_route=%2Fwp%2Fv2%2Fproduct_tag&post=1483"}],"curies":[{"name":"wp","href":"https:\/\/api.w.org\/{rel}","templated":true}]}}