{"id":1487,"date":"2020-07-16T00:27:40","date_gmt":"2020-07-16T00:27:40","guid":{"rendered":"https:\/\/www.instrumentbox.de\/?product=seydel-soundcheck-set-blues-steel-mundharmonika-cd-schule"},"modified":"2024-01-02T23:52:35","modified_gmt":"2024-01-02T22:52:35","slug":"seydel-soundcheck-set-blues-steel-mundharmonika-cd-schule","status":"publish","type":"product","link":"https:\/\/www.instrumentbox.de\/?product=seydel-soundcheck-set-blues-steel-mundharmonika-cd-schule","title":{"rendered":"Seydel Soundcheck Set Blues Steel &#8211; Mundharmonika, CD, Schule"},"content":{"rendered":"<p><!-- show up to 2 reviews by default --> <\/p>\n<p>Seydel Blues Session Steel Seydel SESSION STEEL Mundharmonika in C mit Begleitheft, Audio-CD und Multimedia-Programm f\u00fcr Mac\/Windows\/Linux Mit hochwertiger SESSION STEEL Blues Harmonika mit haltbaren Edelstahl-Stimmzungen &#8211; h\u00e4lt bis zu f\u00fcnf mal l\u00e4nger als vergleichbare Modelle mit Messing-Stimmzungen. vom ersten Ton bis zum eigenen Solo keine Notenkenntnisse erforderlich viele Klangbeispiele auf Audio CD Multimedia-Programm und mp3 Playbacks zum Mitspielen mit praktischer Ledersteckh\u00fclle Dieser Workshop vermittelt in komprimierter Form das Basiswissen von erfahrenen Mundharmonika-Spielern, didaktisch gut aufbereitet und frisch pr\u00e4sentiert. Kein wichtiges Thema wird ausgelassen. Lernen ohne Noten auch am Computer mit dem Workshop als einfach zu bedienendes Multimedia-Programm auf CD-Rom. Mit diesem Leitfaden bekommst Du die Tipps und Aha-Erlebnisse, f\u00fcr die ein Mundharmonika-Spieler sonst jahrelang auf die Suche gehen m\u00fcsste. <\/p>\n<div class=\"main-cross-sell\" data-asin=\"B00746V3W2\">\n\n\t<div class=\"WooZone-cross-sell-loader\">\n\t\t<div>\n\t\t\t<div id=\"floatingBarsG\">\n\t\t\t\t<div class=\"blockG\" id=\"rotateG_01\"><\/div>\n\t\t\t\t<div class=\"blockG\" id=\"rotateG_02\"><\/div>\n\t\t\t\t<div class=\"blockG\" id=\"rotateG_03\"><\/div>\n\t\t\t\t<div class=\"blockG\" id=\"rotateG_04\"><\/div>\n\t\t\t\t<div class=\"blockG\" id=\"rotateG_05\"><\/div>\n\t\t\t\t<div class=\"blockG\" id=\"rotateG_06\"><\/div>\n\t\t\t\t<div class=\"blockG\" id=\"rotateG_07\"><\/div>\n\t\t\t\t<div class=\"blockG\" id=\"rotateG_08\"><\/div>\n\t\t\t<\/div>\n\t\t\t<div class=\"WooZone-cross-sell-loader-text\"><\/div>\n\t\t<\/div>\n\t<\/div>\n\n\t\t\n<\/div>\n<div style=\"clear:both;\"><\/div>\n","protected":false},"excerpt":{"rendered":"<p>Seydel Blues Session Steel Seydel SESSION STEEL Mundharmonika in C mit Begleitheft, Audio-CD und Multimedia-Programm f\u00fcr Mac\/Windows\/Linux Mit hochwertiger SESSION STEEL Blues Harmonika mit haltbaren Edelstahl-Stimmzungen &#8211; h\u00e4lt bis zu f\u00fcnf mal l\u00e4nger als vergleichbare Modelle mit Messing-Stimmzungen. vom ersten Ton bis zum eigenen Solo keine Notenkenntnisse erforderlich viele Klangbeispiele auf Audio CD Multimedia-Programm und [&hellip;]<\/p>\n","protected":false},"featured_media":1488,"comment_status":"open","ping_status":"closed","template":"","meta":{"_acf_changed":false,"rs_blank_template":"","rs_page_bg_color":"","slide_template_v7":""},"product_brand":[],"product_cat":[112,15],"product_tag":[],"class_list":{"0":"post-1487","1":"product","2":"type-product","3":"status-publish","4":"has-post-thumbnail","6":"product_cat-harmonika","7":"product_cat-shop","8":"pa_amazon-bestseller-rang-nr-8819-in-musikinstrumente-dj-equipment-siehe-top-100-in-musikinstrumente-dj-equipment-nr-119-in-mundharmonikas-musikinstrumente-dj-equipment","9":"pa_brand-marke-seydel","10":"pa_durchschnittliche-kundenbewer-50-von-5-sternen-2-sternebewertungen-50-von-5-sternen","11":"pa_herstellerreferenz-477","12":"pa_im-angebot-von-amazon-de-seit-23-april-2013","14":"first","15":"instock","16":"shipping-taxable","17":"purchasable","18":"product-type-simple"},"acf":[],"_links":{"self":[{"href":"https:\/\/www.instrumentbox.de\/index.php?rest_route=\/wp\/v2\/product\/1487","targetHints":{"allow":["GET"]}}],"collection":[{"href":"https:\/\/www.instrumentbox.de\/index.php?rest_route=\/wp\/v2\/product"}],"about":[{"href":"https:\/\/www.instrumentbox.de\/index.php?rest_route=\/wp\/v2\/types\/product"}],"replies":[{"embeddable":true,"href":"https:\/\/www.instrumentbox.de\/index.php?rest_route=%2Fwp%2Fv2%2Fcomments&post=1487"}],"wp:featuredmedia":[{"embeddable":true,"href":"https:\/\/www.instrumentbox.de\/index.php?rest_route=\/wp\/v2\/media\/1488"}],"wp:attachment":[{"href":"https:\/\/www.instrumentbox.de\/index.php?rest_route=%2Fwp%2Fv2%2Fmedia&parent=1487"}],"wp:term":[{"taxonomy":"product_brand","embeddable":true,"href":"https:\/\/www.instrumentbox.de\/index.php?rest_route=%2Fwp%2Fv2%2Fproduct_brand&post=1487"},{"taxonomy":"product_cat","embeddable":true,"href":"https:\/\/www.instrumentbox.de\/index.php?rest_route=%2Fwp%2Fv2%2Fproduct_cat&post=1487"},{"taxonomy":"product_tag","embeddable":true,"href":"https:\/\/www.instrumentbox.de\/index.php?rest_route=%2Fwp%2Fv2%2Fproduct_tag&post=1487"}],"curies":[{"name":"wp","href":"https:\/\/api.w.org\/{rel}","templated":true}]}}