{"id":1498,"date":"2020-07-16T00:27:46","date_gmt":"2020-07-16T00:27:46","guid":{"rendered":"https:\/\/www.instrumentbox.de\/?product=suzuki-scx64-c-mundharmonika"},"modified":"2025-01-20T03:56:04","modified_gmt":"2025-01-20T02:56:04","slug":"suzuki-scx64-c-mundharmonika","status":"publish","type":"product","link":"https:\/\/www.instrumentbox.de\/?product=suzuki-scx64-c-mundharmonika","title":{"rendered":"Suzuki SCX64-C Mundharmonika"},"content":{"rendered":"<p><!-- show up to 2 reviews by default --> <\/p>\n<p>Suzuki Chromatix 16 Hole Chromatc Harmonica. If a harmonica can be described as luxurious, the new Suzuki Chromatix Series undoubtedly qualifies. The look and feel of this remarkably solid, well designed model is a pleasure to handle and play. The smooth <\/p>\n<p>Geben Sie Ihr Modell ein, um sicherzustellen, dass dieser Artikel passt.<br \/>\nErgonomisch geformtes Mundst\u00fcck, pr\u00e4zise und leichtg\u00e4ngige Schiebung und ABS-Kanzellenk\u00f6rper.<br \/>\nPhosphor-Bronze-Stimmplatten.<br \/>\nVerchromte Abdeckung.<br \/>\n<div class=\"main-cross-sell\" data-asin=\"B001338GSG\">\n\n\t<div class=\"WooZone-cross-sell-loader\">\n\t\t<div>\n\t\t\t<div id=\"floatingBarsG\">\n\t\t\t\t<div class=\"blockG\" id=\"rotateG_01\"><\/div>\n\t\t\t\t<div class=\"blockG\" id=\"rotateG_02\"><\/div>\n\t\t\t\t<div class=\"blockG\" id=\"rotateG_03\"><\/div>\n\t\t\t\t<div class=\"blockG\" id=\"rotateG_04\"><\/div>\n\t\t\t\t<div class=\"blockG\" id=\"rotateG_05\"><\/div>\n\t\t\t\t<div class=\"blockG\" id=\"rotateG_06\"><\/div>\n\t\t\t\t<div class=\"blockG\" id=\"rotateG_07\"><\/div>\n\t\t\t\t<div class=\"blockG\" id=\"rotateG_08\"><\/div>\n\t\t\t<\/div>\n\t\t\t<div class=\"WooZone-cross-sell-loader-text\"><\/div>\n\t\t<\/div>\n\t<\/div>\n\n\t\t\n<\/div>\n<div style=\"clear:both;\"><\/div>\n","protected":false},"excerpt":{"rendered":"<p>Geben Sie Ihr Modell ein, um sicherzustellen, dass dieser Artikel passt.<br \/>\nErgonomisch geformtes Mundst\u00fcck, pr\u00e4zise und leichtg\u00e4ngige Schiebung und ABS-Kanzellenk\u00f6rper.<br \/>\nPhosphor-Bronze-Stimmplatten.<\/p>\n","protected":false},"featured_media":1499,"comment_status":"open","ping_status":"closed","template":"","meta":{"_acf_changed":false,"rs_blank_template":"","rs_page_bg_color":"","slide_template_v7":""},"product_brand":[],"product_cat":[112,15],"product_tag":[],"class_list":{"0":"post-1498","1":"product","2":"type-product","3":"status-publish","4":"has-post-thumbnail","6":"product_cat-harmonika","7":"product_cat-shop","8":"pa_amazon-bestseller-rang-nr-19889-in-musikinstrumente-dj-equipment-siehe-top-100-in-musikinstrumente-dj-equipment-nr-234-in-mundharmonikas-musikinstrumente-dj-equipment","9":"pa_artikelgewicht-290-g","10":"pa_brand-marke-suzuki","11":"pa_durchschnittliche-kundenbewer-39-von-5-sternen-137-sternebewertungen-39-von-5-sternen","12":"pa_farbe-silver","13":"pa_groesse-497","14":"pa_im-angebot-von-amazon-de-seit-16-juni-2011","15":"pa_material-abs-plastic","16":"pa_modellnummer-scx-64-c","17":"pa_produktabmessungen-30-48-x-30-48-x-5-08-cm","18":"pa_zusammenbau-noetig-nein","20":"first","21":"instock","22":"shipping-taxable","23":"purchasable","24":"product-type-simple"},"acf":[],"_links":{"self":[{"href":"https:\/\/www.instrumentbox.de\/index.php?rest_route=\/wp\/v2\/product\/1498","targetHints":{"allow":["GET"]}}],"collection":[{"href":"https:\/\/www.instrumentbox.de\/index.php?rest_route=\/wp\/v2\/product"}],"about":[{"href":"https:\/\/www.instrumentbox.de\/index.php?rest_route=\/wp\/v2\/types\/product"}],"replies":[{"embeddable":true,"href":"https:\/\/www.instrumentbox.de\/index.php?rest_route=%2Fwp%2Fv2%2Fcomments&post=1498"}],"wp:featuredmedia":[{"embeddable":true,"href":"https:\/\/www.instrumentbox.de\/index.php?rest_route=\/wp\/v2\/media\/1499"}],"wp:attachment":[{"href":"https:\/\/www.instrumentbox.de\/index.php?rest_route=%2Fwp%2Fv2%2Fmedia&parent=1498"}],"wp:term":[{"taxonomy":"product_brand","embeddable":true,"href":"https:\/\/www.instrumentbox.de\/index.php?rest_route=%2Fwp%2Fv2%2Fproduct_brand&post=1498"},{"taxonomy":"product_cat","embeddable":true,"href":"https:\/\/www.instrumentbox.de\/index.php?rest_route=%2Fwp%2Fv2%2Fproduct_cat&post=1498"},{"taxonomy":"product_tag","embeddable":true,"href":"https:\/\/www.instrumentbox.de\/index.php?rest_route=%2Fwp%2Fv2%2Fproduct_tag&post=1498"}],"curies":[{"name":"wp","href":"https:\/\/api.w.org\/{rel}","templated":true}]}}