{"id":1510,"date":"2020-07-16T00:29:28","date_gmt":"2020-07-16T00:29:28","guid":{"rendered":"https:\/\/www.instrumentbox.de\/?product=hohner-m91105-mundharmonika-set-7-er-set"},"modified":"2025-01-16T17:07:03","modified_gmt":"2025-01-16T16:07:03","slug":"hohner-m91105-mundharmonika-set-7-er-set","status":"publish","type":"product","link":"https:\/\/www.instrumentbox.de\/?product=hohner-m91105-mundharmonika-set-7-er-set","title":{"rendered":"Hohner M91105 Mundharmonika Set (7-er Set)"},"content":{"rendered":"<p><!-- show up to 2 reviews by default --> <\/p>\n<p>Das ideale Einsteiger-Set f\u00fcr alle, die das Blues-Harp spielen umfassend erlernen m\u00f6chten. 7 Harps vom Typ &#8220;Blues Band&#8221; mit 0,9mm starken Messingstimmplatten und Edelstahldeckeln in den g\u00e4ngigen Tonarten: C-Dur, D-Dur, E-Dur, F-Dur, G-Dur, A-Dur, Bb-Dur. Das Set wird in einem praktischen und stabilen Case mit Facheinteilung geliefert.Features:- Einsteiger-Set- 7 x Blues Band im Etui (C, D, E, F, G, A, Bb)- Messingstimmplatten 0,9 mm- Schlagfestes Etui mit Rei\u00dfverschluss und Klett-Sicherung <\/p>\n<p>Geben Sie Ihr Modell ein, um sicherzustellen, dass dieser Artikel passt.<br \/>\n1 St\u00fcck<br \/>\n<div class=\"main-cross-sell\" data-asin=\"B00RDV9CIA\">\n\n\t<div class=\"WooZone-cross-sell-loader\">\n\t\t<div>\n\t\t\t<div id=\"floatingBarsG\">\n\t\t\t\t<div class=\"blockG\" id=\"rotateG_01\"><\/div>\n\t\t\t\t<div class=\"blockG\" id=\"rotateG_02\"><\/div>\n\t\t\t\t<div class=\"blockG\" id=\"rotateG_03\"><\/div>\n\t\t\t\t<div class=\"blockG\" id=\"rotateG_04\"><\/div>\n\t\t\t\t<div class=\"blockG\" id=\"rotateG_05\"><\/div>\n\t\t\t\t<div class=\"blockG\" id=\"rotateG_06\"><\/div>\n\t\t\t\t<div class=\"blockG\" id=\"rotateG_07\"><\/div>\n\t\t\t\t<div class=\"blockG\" id=\"rotateG_08\"><\/div>\n\t\t\t<\/div>\n\t\t\t<div class=\"WooZone-cross-sell-loader-text\"><\/div>\n\t\t<\/div>\n\t<\/div>\n\n\t\t\n<\/div>\n<div style=\"clear:both;\"><\/div>\n","protected":false},"excerpt":{"rendered":"<p>Geben Sie Ihr Modell ein, um sicherzustellen, dass dieser Artikel passt.<br \/>\n1 St\u00fcck<\/p>\n","protected":false},"featured_media":1511,"comment_status":"open","ping_status":"closed","template":"","meta":{"_acf_changed":false,"rs_blank_template":"","rs_page_bg_color":"","slide_template_v7":""},"product_brand":[],"product_cat":[112,15],"product_tag":[],"class_list":{"0":"post-1510","1":"product","2":"type-product","3":"status-publish","4":"has-post-thumbnail","6":"product_cat-harmonika","7":"product_cat-shop","8":"pa_amazon-bestseller-rang-nr-5239-in-musikinstrumente-dj-equipment-siehe-top-100-in-musikinstrumente-dj-equipment-nr-79-in-mundharmonikas-musikinstrumente-dj-equipment","9":"pa_artikelgewicht-500-g","10":"pa_brand-marke-hohner","11":"pa_durchschnittliche-kundenbewer-34-von-5-sternen-40-sternebewertungen-34-von-5-sternen","12":"pa_farbe-silber","13":"pa_im-angebot-von-amazon-de-seit-31-juli-2009","14":"pa_modellnummer-m91105","15":"pa_produktabmessungen-10-x-3-x-2-5-cm","16":"pa_zusammenbau-noetig-nein","18":"first","19":"instock","20":"shipping-taxable","21":"purchasable","22":"product-type-simple"},"acf":[],"_links":{"self":[{"href":"https:\/\/www.instrumentbox.de\/index.php?rest_route=\/wp\/v2\/product\/1510","targetHints":{"allow":["GET"]}}],"collection":[{"href":"https:\/\/www.instrumentbox.de\/index.php?rest_route=\/wp\/v2\/product"}],"about":[{"href":"https:\/\/www.instrumentbox.de\/index.php?rest_route=\/wp\/v2\/types\/product"}],"replies":[{"embeddable":true,"href":"https:\/\/www.instrumentbox.de\/index.php?rest_route=%2Fwp%2Fv2%2Fcomments&post=1510"}],"wp:featuredmedia":[{"embeddable":true,"href":"https:\/\/www.instrumentbox.de\/index.php?rest_route=\/wp\/v2\/media\/1511"}],"wp:attachment":[{"href":"https:\/\/www.instrumentbox.de\/index.php?rest_route=%2Fwp%2Fv2%2Fmedia&parent=1510"}],"wp:term":[{"taxonomy":"product_brand","embeddable":true,"href":"https:\/\/www.instrumentbox.de\/index.php?rest_route=%2Fwp%2Fv2%2Fproduct_brand&post=1510"},{"taxonomy":"product_cat","embeddable":true,"href":"https:\/\/www.instrumentbox.de\/index.php?rest_route=%2Fwp%2Fv2%2Fproduct_cat&post=1510"},{"taxonomy":"product_tag","embeddable":true,"href":"https:\/\/www.instrumentbox.de\/index.php?rest_route=%2Fwp%2Fv2%2Fproduct_tag&post=1510"}],"curies":[{"name":"wp","href":"https:\/\/api.w.org\/{rel}","templated":true}]}}