{"id":1530,"date":"2020-07-16T00:29:44","date_gmt":"2020-07-16T00:29:44","guid":{"rendered":"https:\/\/www.instrumentbox.de\/?product=hohner-blues-harp-mundharmonika-in-a-dur"},"modified":"2025-01-24T19:16:55","modified_gmt":"2025-01-24T18:16:55","slug":"hohner-blues-harp-mundharmonika-in-a-dur","status":"publish","type":"product","link":"https:\/\/www.instrumentbox.de\/?product=hohner-blues-harp-mundharmonika-in-a-dur","title":{"rendered":"Hohner Blues Harp Mundharmonika in A-Dur"},"content":{"rendered":"<p><!-- show up to 2 reviews by default --> <\/p>\n<p>Das K\u00c3\u00bcrzel &#8216;MS&#8217; steht f\u00c3\u00bcr das Modular System, ein ganzheitliches Konzept f\u00c3\u00bcr das Mundharmonikadesign von Hohner. MS-Mundharmonikas profitieren von Innovationen, die sowohl die Spiel- eigenschaften verbessern als auch die Pflege und das Handling wesentlich erleichtern. S\u00c3\u00a4mtliche MS-Bauteile (Kanzellenk\u00c3rper, Stimmplatten und Deckel) sind individuell untereinander kombinierbar. Durch einfache Verschraubungen wird eine unkomplizierte Montage erm\u00c3glicht. Das Konzept bietet dem Spieler die M\u00c3glichkeit, das Instrument seinen individuellen Bed\u00c3\u00bcrfnissen anzupassen.G\u00c3\u00a4ngigstes Modell aus der Richter-Baureihe. In allen Dur-Tonarten lieferbar. Brillanter und kr\u00c3\u00a4ftiger Klang. Holzkorpus mit aufgeschraubten Messingstimmplatten. Das Stimmzungenmaterial besteht aus einer speziellen Messing-Legierung. &#8211; Mundharmonika in A-Dur mit 20 Stimmzungen, Holz-Kanzelle, incl. Etui HO-M533106 &#8211; Features: diatonisch System Richter, einfacht\u00c3nigStimmung: A-DurStimmplatten: Messing 0,9mm (20)Kanzellenk\u00c3rper: HolzEinsatzgebiet: Allrounderinkl. Kunststoff-Etui <\/p>\n<p>Geben Sie Ihr Modell ein, um sicherzustellen, dass dieser Artikel passt.<br \/>\ndiatonisch System Richter, einfacht\u00f6,nigStimmung: A-DurStimmplatten: Messing 0,9mm (20)Kanzellenk\u00f6,rper: HolzEinsatzgebiet: Allrounderinkl. Kunststoff-Etui<br \/>\n<div class=\"main-cross-sell\" data-asin=\"B0002E4ZCI\">\n\n\t<div class=\"WooZone-cross-sell-loader\">\n\t\t<div>\n\t\t\t<div id=\"floatingBarsG\">\n\t\t\t\t<div class=\"blockG\" id=\"rotateG_01\"><\/div>\n\t\t\t\t<div class=\"blockG\" id=\"rotateG_02\"><\/div>\n\t\t\t\t<div class=\"blockG\" id=\"rotateG_03\"><\/div>\n\t\t\t\t<div class=\"blockG\" id=\"rotateG_04\"><\/div>\n\t\t\t\t<div class=\"blockG\" id=\"rotateG_05\"><\/div>\n\t\t\t\t<div class=\"blockG\" id=\"rotateG_06\"><\/div>\n\t\t\t\t<div class=\"blockG\" id=\"rotateG_07\"><\/div>\n\t\t\t\t<div class=\"blockG\" id=\"rotateG_08\"><\/div>\n\t\t\t<\/div>\n\t\t\t<div class=\"WooZone-cross-sell-loader-text\"><\/div>\n\t\t<\/div>\n\t<\/div>\n\n\t\t\n<\/div>\n<div style=\"clear:both;\"><\/div>\n","protected":false},"excerpt":{"rendered":"<p>Geben Sie Ihr Modell ein, um sicherzustellen, dass dieser Artikel passt.<br \/>\ndiatonisch System Richter, einfacht\u00f6,nigStimmung: A-DurStimmplatten: Messing 0,9mm (20)Kanzellenk\u00f6,rper: HolzEinsatzgebiet: Allrounderinkl. Kunststoff-Etui<\/p>\n","protected":false},"featured_media":1531,"comment_status":"open","ping_status":"closed","template":"","meta":{"_acf_changed":false,"rs_blank_template":"","rs_page_bg_color":"","slide_template_v7":""},"product_brand":[],"product_cat":[112,15],"product_tag":[],"class_list":{"0":"post-1530","1":"product","2":"type-product","3":"status-publish","4":"has-post-thumbnail","6":"product_cat-harmonika","7":"product_cat-shop","8":"pa_amazon-bestseller-rang-nr-982-in-musikinstrumente-dj-equipment-siehe-top-100-in-musikinstrumente-dj-equipment-nr-12-in-mundharmonikas-musikinstrumente-dj-equipment","9":"pa_artikelgewicht-0-13-g","10":"pa_brand-marke-hohner","11":"pa_durchschnittliche-kundenbewer-47-von-5-sternen-81-sternebewertungen-47-von-5-sternen","12":"pa_im-angebot-von-amazon-de-seit-9-februar-2011","13":"pa_modellnummer-hh532a","14":"pa_produktabmessungen-11-79-x-3-58-x-2-59-cm","15":"pa_zusammenbau-noetig-nein","17":"first","18":"instock","19":"shipping-taxable","20":"purchasable","21":"product-type-simple"},"acf":[],"_links":{"self":[{"href":"https:\/\/www.instrumentbox.de\/index.php?rest_route=\/wp\/v2\/product\/1530","targetHints":{"allow":["GET"]}}],"collection":[{"href":"https:\/\/www.instrumentbox.de\/index.php?rest_route=\/wp\/v2\/product"}],"about":[{"href":"https:\/\/www.instrumentbox.de\/index.php?rest_route=\/wp\/v2\/types\/product"}],"replies":[{"embeddable":true,"href":"https:\/\/www.instrumentbox.de\/index.php?rest_route=%2Fwp%2Fv2%2Fcomments&post=1530"}],"wp:featuredmedia":[{"embeddable":true,"href":"https:\/\/www.instrumentbox.de\/index.php?rest_route=\/wp\/v2\/media\/1531"}],"wp:attachment":[{"href":"https:\/\/www.instrumentbox.de\/index.php?rest_route=%2Fwp%2Fv2%2Fmedia&parent=1530"}],"wp:term":[{"taxonomy":"product_brand","embeddable":true,"href":"https:\/\/www.instrumentbox.de\/index.php?rest_route=%2Fwp%2Fv2%2Fproduct_brand&post=1530"},{"taxonomy":"product_cat","embeddable":true,"href":"https:\/\/www.instrumentbox.de\/index.php?rest_route=%2Fwp%2Fv2%2Fproduct_cat&post=1530"},{"taxonomy":"product_tag","embeddable":true,"href":"https:\/\/www.instrumentbox.de\/index.php?rest_route=%2Fwp%2Fv2%2Fproduct_tag&post=1530"}],"curies":[{"name":"wp","href":"https:\/\/api.w.org\/{rel}","templated":true}]}}