{"id":1555,"date":"2020-07-16T00:32:56","date_gmt":"2020-07-16T00:32:56","guid":{"rendered":"https:\/\/www.instrumentbox.de\/?product=hohner-1896bx-d-marine-band-key-of-d-major"},"modified":"2025-01-24T19:28:31","modified_gmt":"2025-01-24T18:28:31","slug":"hohner-1896bx-d-marine-band-key-of-d-major","status":"publish","type":"product","link":"https:\/\/www.instrumentbox.de\/?product=hohner-1896bx-d-marine-band-key-of-d-major","title":{"rendered":"Hohner Marine Band 1896 Mundharmonika D-Dur &#8211; M1896036X"},"content":{"rendered":"<p><!-- show up to 2 reviews by default --> <\/p>\n<p>Marine Band (#1896) &#8211; den Menschen, die nur, das original &#8212;wenn es sich der harp Mundharmonika blues geboren. Aus der ber\u00fchmten gespielt vom jedes ernsthaften Spieler Mundharmonika von Little Walter zu John Lennon, Paul Butterfield zu Bruce Springsteen, Neil Young und vielen, uvm. Das Ergebnis von mehr als 100 Jahre tradition und deutsche Handarbeit, ist sie die Wahl des oberen Profis und die erkennbaren Modell auf der ganzen Welt, bekannt f\u00fcr seinen vollen Klang und spielen Sie die Marine Band comb. Holz und so einen Teil der Geschichte. Erh\u00e4ltlich in 12 Dur, unten und h\u00f6here Oktaven <\/p>\n<p>Geben Sie Ihr Modell ein, um sicherzustellen, dass dieser Artikel passt.<br \/>\nEine der weltweit bekanntesten Harmonikas, bekannt f\u00fcr seine voller Klang und Holz Kamm<br \/>\nUm Schl\u00fcssel von D; auch erh\u00e4ltlich in anderen wichtigen Schl\u00fcssel, unteren und h\u00f6heren Oktave, und kleinen Stimmungen<br \/>\nBekannt geworden durch Spieler, von LITTLE Walter zu John Lennon, Paul Butterfield zu Bruce Springsteen, und mehr<br \/>\n20 Stimmzungen mit 0,9 mm Messing reedplates; Kamm aus Birnbaumholz<br \/>\nbesticht mit Schutzh\u00fclle<br \/>\n<div class=\"main-cross-sell\" data-asin=\"B007IE5KEC\">\n\n\t<div class=\"WooZone-cross-sell-loader\">\n\t\t<div>\n\t\t\t<div id=\"floatingBarsG\">\n\t\t\t\t<div class=\"blockG\" id=\"rotateG_01\"><\/div>\n\t\t\t\t<div class=\"blockG\" id=\"rotateG_02\"><\/div>\n\t\t\t\t<div class=\"blockG\" id=\"rotateG_03\"><\/div>\n\t\t\t\t<div class=\"blockG\" id=\"rotateG_04\"><\/div>\n\t\t\t\t<div class=\"blockG\" id=\"rotateG_05\"><\/div>\n\t\t\t\t<div class=\"blockG\" id=\"rotateG_06\"><\/div>\n\t\t\t\t<div class=\"blockG\" id=\"rotateG_07\"><\/div>\n\t\t\t\t<div class=\"blockG\" id=\"rotateG_08\"><\/div>\n\t\t\t<\/div>\n\t\t\t<div class=\"WooZone-cross-sell-loader-text\"><\/div>\n\t\t<\/div>\n\t<\/div>\n\n\t\t\n<\/div>\n<div style=\"clear:both;\"><\/div>\n","protected":false},"excerpt":{"rendered":"<p>Geben Sie Ihr Modell ein, um sicherzustellen, dass dieser Artikel passt.<br \/>\nEine der weltweit bekanntesten Harmonikas, bekannt f\u00fcr seine voller Klang und Holz Kamm<br \/>\nUm Schl\u00fcssel von D; auch erh\u00e4ltlich in anderen wichtigen Schl\u00fcssel, unteren und h\u00f6heren Oktave, und kleinen Stimmungen<\/p>\n","protected":false},"featured_media":1556,"comment_status":"open","ping_status":"closed","template":"","meta":{"_acf_changed":false,"rs_blank_template":"","rs_page_bg_color":"","slide_template_v7":""},"product_brand":[],"product_cat":[112,15],"product_tag":[],"class_list":{"0":"post-1555","1":"product","2":"type-product","3":"status-publish","4":"has-post-thumbnail","6":"product_cat-harmonika","7":"product_cat-shop","8":"pa_amazon-bestseller-rang-nr-9828-in-musikinstrumente-dj-equipment-siehe-top-100-in-musikinstrumente-dj-equipment-nr-127-in-mundharmonikas-musikinstrumente-dj-equipment","9":"pa_brand-marke-hohner","10":"pa_durchschnittliche-kundenbewer-45-von-5-sternen-21-sternebewertungen-45-von-5-sternen","11":"pa_groesse-302","12":"pa_im-angebot-von-amazon-de-seit-27-oktober-2014","13":"pa_modellnummer-1896bx-d","14":"pa_produktabmessungen-21-59-x-13-34-x-3-49-cm","15":"pa_zusammenbau-noetig-nein","17":"first","18":"instock","19":"shipping-taxable","20":"purchasable","21":"product-type-simple"},"acf":[],"_links":{"self":[{"href":"https:\/\/www.instrumentbox.de\/index.php?rest_route=\/wp\/v2\/product\/1555","targetHints":{"allow":["GET"]}}],"collection":[{"href":"https:\/\/www.instrumentbox.de\/index.php?rest_route=\/wp\/v2\/product"}],"about":[{"href":"https:\/\/www.instrumentbox.de\/index.php?rest_route=\/wp\/v2\/types\/product"}],"replies":[{"embeddable":true,"href":"https:\/\/www.instrumentbox.de\/index.php?rest_route=%2Fwp%2Fv2%2Fcomments&post=1555"}],"wp:featuredmedia":[{"embeddable":true,"href":"https:\/\/www.instrumentbox.de\/index.php?rest_route=\/wp\/v2\/media\/1556"}],"wp:attachment":[{"href":"https:\/\/www.instrumentbox.de\/index.php?rest_route=%2Fwp%2Fv2%2Fmedia&parent=1555"}],"wp:term":[{"taxonomy":"product_brand","embeddable":true,"href":"https:\/\/www.instrumentbox.de\/index.php?rest_route=%2Fwp%2Fv2%2Fproduct_brand&post=1555"},{"taxonomy":"product_cat","embeddable":true,"href":"https:\/\/www.instrumentbox.de\/index.php?rest_route=%2Fwp%2Fv2%2Fproduct_cat&post=1555"},{"taxonomy":"product_tag","embeddable":true,"href":"https:\/\/www.instrumentbox.de\/index.php?rest_route=%2Fwp%2Fv2%2Fproduct_tag&post=1555"}],"curies":[{"name":"wp","href":"https:\/\/api.w.org\/{rel}","templated":true}]}}