{"id":1559,"date":"2020-07-16T00:32:57","date_gmt":"2020-07-16T00:32:57","guid":{"rendered":"https:\/\/www.instrumentbox.de\/?product=hohner-m1896116x-marine-band-classic-bb-mundharmonika"},"modified":"2025-01-22T06:44:02","modified_gmt":"2025-01-22T05:44:02","slug":"hohner-m1896116x-marine-band-classic-bb-mundharmonika","status":"publish","type":"product","link":"https:\/\/www.instrumentbox.de\/?product=hohner-m1896116x-marine-band-classic-bb-mundharmonika","title":{"rendered":"HOHNER Mundharmonika, Marine Band &#8211; Classic, Bb"},"content":{"rendered":"<p><!-- show up to 2 reviews by default --> <\/p>\n<p>Hohner Marine Band 1896 Classic in Bb<\/p>\n<p>The One, The Only, The Original.<\/p>\n<p>Die Marine Band ist die originale Bluesmundharmonika. Sie wird heute noch weitestgehend so gebaut wie zur Markteinf\u00fchrung 1896 und hat wie kein anderes Instrument die Entwicklung des Blues gepr\u00e4gt. Durch ihren schlichten Birnbaum-Kanzellenk\u00f6rper, die typisch geschwungenen Deckel mit seitlichen Schalll\u00f6chern sowie die traditionelle Befestigung mit N\u00e4geln, ist sie noch heute die erste Wahl f\u00fcr Blues-Puristen.<\/p>\n<p>Features<\/p>\n<ul>\n<li>Der klassische Blues-Sound durch Originaldeckelform von 1896<\/li>\n<li>Reduziertes Quellverhalten durch doppelt lackierten Birnbaum-Kanzellenk\u00f6rper<\/li>\n<\/ul>\n<p> Spezifikationen Messing Stimmzungen 20 Messing Kanzellenk\u00f6rper Oberfl\u00e4che Klarlack Mundst\u00fcck Oberfl\u00e4che Birnbaum lackiert Deckel Oberfl\u00e4che Edelstahl Stimmplatten 0,9 mm Messing Kanzellenk\u00f6rper Birnbaum, braun Artikelbeschreibung Marine Band 1896 Classic Typ diatonisch Anzahl L\u00f6cher 10 Length 10 cm <\/p>\n<\/p>\n<p>Geben Sie Ihr Modell ein, um sicherzustellen, dass dieser Artikel passt.<br \/>\nHohner Marine Band 1896 Classic in Bb<br \/>\n<div class=\"main-cross-sell\" data-asin=\"B00V6CSBF2\">\n\n\t<div class=\"WooZone-cross-sell-loader\">\n\t\t<div>\n\t\t\t<div id=\"floatingBarsG\">\n\t\t\t\t<div class=\"blockG\" id=\"rotateG_01\"><\/div>\n\t\t\t\t<div class=\"blockG\" id=\"rotateG_02\"><\/div>\n\t\t\t\t<div class=\"blockG\" id=\"rotateG_03\"><\/div>\n\t\t\t\t<div class=\"blockG\" id=\"rotateG_04\"><\/div>\n\t\t\t\t<div class=\"blockG\" id=\"rotateG_05\"><\/div>\n\t\t\t\t<div class=\"blockG\" id=\"rotateG_06\"><\/div>\n\t\t\t\t<div class=\"blockG\" id=\"rotateG_07\"><\/div>\n\t\t\t\t<div class=\"blockG\" id=\"rotateG_08\"><\/div>\n\t\t\t<\/div>\n\t\t\t<div class=\"WooZone-cross-sell-loader-text\"><\/div>\n\t\t<\/div>\n\t<\/div>\n\n\t\t\n<\/div>\n<div style=\"clear:both;\"><\/div>\n","protected":false},"excerpt":{"rendered":"<p>Geben Sie Ihr Modell ein, um sicherzustellen, dass dieser Artikel passt.<br \/>\nHohner Marine Band 1896 Classic in Bb<\/p>\n","protected":false},"featured_media":1560,"comment_status":"open","ping_status":"closed","template":"","meta":{"_acf_changed":false,"rs_blank_template":"","rs_page_bg_color":"","slide_template_v7":""},"product_brand":[],"product_cat":[112,15],"product_tag":[],"class_list":{"0":"post-1559","1":"product","2":"type-product","3":"status-publish","4":"has-post-thumbnail","6":"product_cat-harmonika","7":"product_cat-shop","8":"pa_amazon-bestseller-rang-nr-3745-in-musikinstrumente-dj-equipment-siehe-top-100-in-musikinstrumente-dj-equipment-nr-53-in-mundharmonikas-musikinstrumente-dj-equipment","9":"pa_artikelgewicht-60-g","10":"pa_brand-marke-hohner","11":"pa_durchschnittliche-kundenbewer-48-von-5-sternen-14-sternebewertungen-48-von-5-sternen","12":"pa_im-angebot-von-amazon-de-seit-10-maerz-2015","13":"pa_modellnummer-m1896116x","14":"pa_produktabmessungen-10-x-3-x-2-5-cm","15":"pa_zusammenbau-noetig-nein","17":"first","18":"instock","19":"shipping-taxable","20":"purchasable","21":"product-type-simple"},"acf":[],"_links":{"self":[{"href":"https:\/\/www.instrumentbox.de\/index.php?rest_route=\/wp\/v2\/product\/1559","targetHints":{"allow":["GET"]}}],"collection":[{"href":"https:\/\/www.instrumentbox.de\/index.php?rest_route=\/wp\/v2\/product"}],"about":[{"href":"https:\/\/www.instrumentbox.de\/index.php?rest_route=\/wp\/v2\/types\/product"}],"replies":[{"embeddable":true,"href":"https:\/\/www.instrumentbox.de\/index.php?rest_route=%2Fwp%2Fv2%2Fcomments&post=1559"}],"wp:featuredmedia":[{"embeddable":true,"href":"https:\/\/www.instrumentbox.de\/index.php?rest_route=\/wp\/v2\/media\/1560"}],"wp:attachment":[{"href":"https:\/\/www.instrumentbox.de\/index.php?rest_route=%2Fwp%2Fv2%2Fmedia&parent=1559"}],"wp:term":[{"taxonomy":"product_brand","embeddable":true,"href":"https:\/\/www.instrumentbox.de\/index.php?rest_route=%2Fwp%2Fv2%2Fproduct_brand&post=1559"},{"taxonomy":"product_cat","embeddable":true,"href":"https:\/\/www.instrumentbox.de\/index.php?rest_route=%2Fwp%2Fv2%2Fproduct_cat&post=1559"},{"taxonomy":"product_tag","embeddable":true,"href":"https:\/\/www.instrumentbox.de\/index.php?rest_route=%2Fwp%2Fv2%2Fproduct_tag&post=1559"}],"curies":[{"name":"wp","href":"https:\/\/api.w.org\/{rel}","templated":true}]}}