{"id":1570,"date":"2020-07-16T00:33:03","date_gmt":"2020-07-16T00:33:03","guid":{"rendered":"https:\/\/www.instrumentbox.de\/?product=seydel-blues-session-bb-20"},"modified":"2025-01-24T19:34:23","modified_gmt":"2025-01-24T18:34:23","slug":"seydel-blues-session-bb-20","status":"publish","type":"product","link":"https:\/\/www.instrumentbox.de\/?product=seydel-blues-session-bb-20","title":{"rendered":"Seydel Blues-Session Bb\/20"},"content":{"rendered":"<p><!-- show up to 2 reviews by default --> <\/p>\n<p>Mundharmonika in Bb-Dur mit 20 Stimmzungen, Kunststoff-Kanzelle, incl. Ledertasche Christian August Seydel war es, der vor mehr als 150 Jahren in Klingenthal\/Sachsen eine Mundharmonikafabrik gr\u00fcndete. Inzwischen ist die Firma C.A.Seydel S\u00f6hne die \u00e4lteste Mundharmonikafabrik der Welt und die einzige in Deutschland, die sich in Familienbesitz befindet. Alle Modelle werden in Klingenthal hergestellt dabei wird besonders auf die Wahrung der manufakturellen Fertigung geachtet, die sich durch sehr leichte Ansprache, gro\u00dfe Klangf\u00fclle und lange Haltbarkeit auszeichnet. Die Tonzungen <\/p>\n<p>Geben Sie Ihr Modell ein, um sicherzustellen, dass dieser Artikel passt.<br \/>\nC.A. Seydel Bluessession MundharmonikaStimmung Bb-DurKunststoff Kanzellenk\u00f6rper20 Stimmzungeninkl. Ledertasche<br \/>\n<div class=\"main-cross-sell\" data-asin=\"B002N51DDS\">\n\n\t<div class=\"WooZone-cross-sell-loader\">\n\t\t<div>\n\t\t\t<div id=\"floatingBarsG\">\n\t\t\t\t<div class=\"blockG\" id=\"rotateG_01\"><\/div>\n\t\t\t\t<div class=\"blockG\" id=\"rotateG_02\"><\/div>\n\t\t\t\t<div class=\"blockG\" id=\"rotateG_03\"><\/div>\n\t\t\t\t<div class=\"blockG\" id=\"rotateG_04\"><\/div>\n\t\t\t\t<div class=\"blockG\" id=\"rotateG_05\"><\/div>\n\t\t\t\t<div class=\"blockG\" id=\"rotateG_06\"><\/div>\n\t\t\t\t<div class=\"blockG\" id=\"rotateG_07\"><\/div>\n\t\t\t\t<div class=\"blockG\" id=\"rotateG_08\"><\/div>\n\t\t\t<\/div>\n\t\t\t<div class=\"WooZone-cross-sell-loader-text\"><\/div>\n\t\t<\/div>\n\t<\/div>\n\n\t\t\n<\/div>\n<div style=\"clear:both;\"><\/div>\n","protected":false},"excerpt":{"rendered":"<p>Geben Sie Ihr Modell ein, um sicherzustellen, dass dieser Artikel passt.<br \/>\nC.A. Seydel Bluessession MundharmonikaStimmung Bb-DurKunststoff Kanzellenk\u00f6rper20 Stimmzungeninkl. Ledertasche<\/p>\n","protected":false},"featured_media":1571,"comment_status":"open","ping_status":"closed","template":"","meta":{"_acf_changed":false,"rs_blank_template":"","rs_page_bg_color":"","slide_template_v7":""},"product_brand":[],"product_cat":[112,15],"product_tag":[],"class_list":{"0":"post-1570","1":"product","2":"type-product","3":"status-publish","4":"has-post-thumbnail","6":"product_cat-harmonika","7":"product_cat-shop","8":"pa_amazon-bestseller-rang-nr-45695-in-musikinstrumente-dj-equipment-siehe-top-100-in-musikinstrumente-dj-equipment-nr-505-in-mundharmonikas-musikinstrumente-dj-equipment","9":"pa_artikelgewicht-100-g","10":"pa_brand-marke-seydel","11":"pa_durchschnittliche-kundenbewer-45-von-5-sternen-2-sternebewertungen-45-von-5-sternen","12":"pa_im-angebot-von-amazon-de-seit-28-august-2009","13":"pa_modellnummer-blues-session-standard-bb","14":"pa_produktabmessungen-11-43-x-4-45-x-3-18-cm","15":"pa_zusammenbau-noetig-nein","17":"first","18":"instock","19":"shipping-taxable","20":"purchasable","21":"product-type-simple"},"acf":[],"_links":{"self":[{"href":"https:\/\/www.instrumentbox.de\/index.php?rest_route=\/wp\/v2\/product\/1570","targetHints":{"allow":["GET"]}}],"collection":[{"href":"https:\/\/www.instrumentbox.de\/index.php?rest_route=\/wp\/v2\/product"}],"about":[{"href":"https:\/\/www.instrumentbox.de\/index.php?rest_route=\/wp\/v2\/types\/product"}],"replies":[{"embeddable":true,"href":"https:\/\/www.instrumentbox.de\/index.php?rest_route=%2Fwp%2Fv2%2Fcomments&post=1570"}],"wp:featuredmedia":[{"embeddable":true,"href":"https:\/\/www.instrumentbox.de\/index.php?rest_route=\/wp\/v2\/media\/1571"}],"wp:attachment":[{"href":"https:\/\/www.instrumentbox.de\/index.php?rest_route=%2Fwp%2Fv2%2Fmedia&parent=1570"}],"wp:term":[{"taxonomy":"product_brand","embeddable":true,"href":"https:\/\/www.instrumentbox.de\/index.php?rest_route=%2Fwp%2Fv2%2Fproduct_brand&post=1570"},{"taxonomy":"product_cat","embeddable":true,"href":"https:\/\/www.instrumentbox.de\/index.php?rest_route=%2Fwp%2Fv2%2Fproduct_cat&post=1570"},{"taxonomy":"product_tag","embeddable":true,"href":"https:\/\/www.instrumentbox.de\/index.php?rest_route=%2Fwp%2Fv2%2Fproduct_tag&post=1570"}],"curies":[{"name":"wp","href":"https:\/\/api.w.org\/{rel}","templated":true}]}}