{"id":1589,"date":"2020-07-16T00:33:14","date_gmt":"2020-07-16T00:33:14","guid":{"rendered":"https:\/\/www.instrumentbox.de\/?product=c-a-seydel-blues-session-low-d-mundharmonika"},"modified":"2025-01-22T06:53:02","modified_gmt":"2025-01-22T05:53:02","slug":"c-a-seydel-blues-session-low-d-mundharmonika","status":"publish","type":"product","link":"https:\/\/www.instrumentbox.de\/?product=c-a-seydel-blues-session-low-d-mundharmonika","title":{"rendered":"C.A. Seydel Blues-Session low-D Mundharmonika"},"content":{"rendered":"<p><!-- show up to 2 reviews by default --> <\/p>\n<p>Christian August Seydel war es, der vor mehr als 160 Jahren in Klingenthal\/Sachsen eine Mundharmonikafabrik gr\u00fcndete.Inzwischen ist die Firma C.A.Seydel S\u00f6hne die \u00e4lteste Mundharmonikafabrik der Welt.Alle Modelle werden in Klingenthal hergestellt dabei wird besonders auf die Wahrung der manufakturellen Fertigung geachtet,die sich durch sehr leichte Ansprache, gro\u00dfe Klangf\u00fclle und lange Haltbarkeit auszeichnet. Die Tonzungen aus speziellem Messing werden von Hand gestimmt.FAZIT: Die Blues-Session ist die neue ultimative Blues Harp handmade von C.A.Seydel und ist weltweit die einzige Mundharmonika, die in 52 unterschiedlichen Stimmungen erh\u00e4ltlich ist (Dur, Moll, Hoch &#8211; und Tiefstimmungen, z.B. tiefste weltweit erh\u00e4ltliche Blues-Harp) &#8211; Mundharmonika in tief-D mit 20 Stimmzungen, Kunststoff-Kanzelle, incl. Ledertasche &#8211; Features: C.A. Seydel Bluessession Mundharmonika,Stimmung Low D-Dur,Kunststoff Kanzellenk\u00f6rper,20 Stimmzungen,inkl. Ledertasche <\/p>\n<p>Geben Sie Ihr Modell ein, um sicherzustellen, dass dieser Artikel passt.<br \/>\nC.A. Seydel Bluessession Mundharmonika<br \/>\nStimmung Low D-Dur<br \/>\nKunststoff Kanzellenk\u00f6rper<br \/>\n20 Stimmzungen<br \/>\ninkl. Ledertasche<br \/>\n<div class=\"main-cross-sell\" data-asin=\"B00HF7PAXI\">\n\n\t<div class=\"WooZone-cross-sell-loader\">\n\t\t<div>\n\t\t\t<div id=\"floatingBarsG\">\n\t\t\t\t<div class=\"blockG\" id=\"rotateG_01\"><\/div>\n\t\t\t\t<div class=\"blockG\" id=\"rotateG_02\"><\/div>\n\t\t\t\t<div class=\"blockG\" id=\"rotateG_03\"><\/div>\n\t\t\t\t<div class=\"blockG\" id=\"rotateG_04\"><\/div>\n\t\t\t\t<div class=\"blockG\" id=\"rotateG_05\"><\/div>\n\t\t\t\t<div class=\"blockG\" id=\"rotateG_06\"><\/div>\n\t\t\t\t<div class=\"blockG\" id=\"rotateG_07\"><\/div>\n\t\t\t\t<div class=\"blockG\" id=\"rotateG_08\"><\/div>\n\t\t\t<\/div>\n\t\t\t<div class=\"WooZone-cross-sell-loader-text\"><\/div>\n\t\t<\/div>\n\t<\/div>\n\n\t\t\n<\/div>\n<div style=\"clear:both;\"><\/div>\n","protected":false},"excerpt":{"rendered":"<p>Geben Sie Ihr Modell ein, um sicherzustellen, dass dieser Artikel passt.<br \/>\nC.A. Seydel Bluessession Mundharmonika<br \/>\nStimmung Low D-Dur<\/p>\n","protected":false},"featured_media":1590,"comment_status":"open","ping_status":"closed","template":"","meta":{"_acf_changed":false,"rs_blank_template":"","rs_page_bg_color":"","slide_template_v7":""},"product_brand":[],"product_cat":[112,15],"product_tag":[],"class_list":{"0":"post-1589","1":"product","2":"type-product","3":"status-publish","4":"has-post-thumbnail","6":"product_cat-harmonika","7":"product_cat-shop","8":"pa_artikelgewicht-100-g","9":"pa_brand-marke-c-a-seydel","10":"pa_durchschnittliche-kundenbewer-47-von-5-sternen-4-sternebewertungen-47-von-5-sternen","11":"pa_im-angebot-von-amazon-de-seit-9-maerz-2012","12":"pa_modellnummer-blues-session-standard-ld","13":"pa_verpackungsabmessungen-11-6-x-4-4-x-3-2-cm","14":"pa_zusammenbau-noetig-nein","16":"first","17":"instock","18":"shipping-taxable","19":"purchasable","20":"product-type-simple"},"acf":[],"_links":{"self":[{"href":"https:\/\/www.instrumentbox.de\/index.php?rest_route=\/wp\/v2\/product\/1589","targetHints":{"allow":["GET"]}}],"collection":[{"href":"https:\/\/www.instrumentbox.de\/index.php?rest_route=\/wp\/v2\/product"}],"about":[{"href":"https:\/\/www.instrumentbox.de\/index.php?rest_route=\/wp\/v2\/types\/product"}],"replies":[{"embeddable":true,"href":"https:\/\/www.instrumentbox.de\/index.php?rest_route=%2Fwp%2Fv2%2Fcomments&post=1589"}],"wp:featuredmedia":[{"embeddable":true,"href":"https:\/\/www.instrumentbox.de\/index.php?rest_route=\/wp\/v2\/media\/1590"}],"wp:attachment":[{"href":"https:\/\/www.instrumentbox.de\/index.php?rest_route=%2Fwp%2Fv2%2Fmedia&parent=1589"}],"wp:term":[{"taxonomy":"product_brand","embeddable":true,"href":"https:\/\/www.instrumentbox.de\/index.php?rest_route=%2Fwp%2Fv2%2Fproduct_brand&post=1589"},{"taxonomy":"product_cat","embeddable":true,"href":"https:\/\/www.instrumentbox.de\/index.php?rest_route=%2Fwp%2Fv2%2Fproduct_cat&post=1589"},{"taxonomy":"product_tag","embeddable":true,"href":"https:\/\/www.instrumentbox.de\/index.php?rest_route=%2Fwp%2Fv2%2Fproduct_tag&post=1589"}],"curies":[{"name":"wp","href":"https:\/\/api.w.org\/{rel}","templated":true}]}}