{"id":1593,"date":"2020-07-16T00:33:18","date_gmt":"2020-07-16T00:33:18","guid":{"rendered":"https:\/\/www.instrumentbox.de\/?product=hohner-m200503x-marine-band-deluxe-d-mundharmonika"},"modified":"2025-01-24T19:41:56","modified_gmt":"2025-01-24T18:41:56","slug":"hohner-m200503x-marine-band-deluxe-d-mundharmonika","status":"publish","type":"product","link":"https:\/\/www.instrumentbox.de\/?product=hohner-m200503x-marine-band-deluxe-d-mundharmonika","title":{"rendered":"Hohner Marine Band Deluxe Harmonica M200503 x D"},"content":{"rendered":"<p><!-- show up to 2 reviews by default --> <\/p>\n<p>Hohner Marine Band Deluxe 2005\/20 (D) ist eine diatonische Harmonika in D-T\u00f6nen.Die klassische Deluxe-Serie bietet Verbesserungen gegen\u00fcber der Serie Marine Band: Ein optimiertes Design der Abdeckung, geschlossener Kamm und abgerundete \u00d6ffnungen f\u00fcr eine umfassende Klangverbesserung.Eine professionelle Mundharmonika.Hauptmerkmale: Hohner Marine Band Deluxe 2005\/20 (D). <\/p>\n<p>Geben Sie Ihr Modell ein, um sicherzustellen, dass dieser Artikel passt.<br \/>\nTyp:Diatonische Harmonika.<br \/>\nT\u00f6ne:D.<br \/>\nKamm aus Birnenholz, 3-fach lackiert<br \/>\n20 klassische Zungen.<br \/>\nStimmplatten aus Messing.<br \/>\n<div class=\"main-cross-sell\" data-asin=\"B00V6CSGZC\">\n\n\t<div class=\"WooZone-cross-sell-loader\">\n\t\t<div>\n\t\t\t<div id=\"floatingBarsG\">\n\t\t\t\t<div class=\"blockG\" id=\"rotateG_01\"><\/div>\n\t\t\t\t<div class=\"blockG\" id=\"rotateG_02\"><\/div>\n\t\t\t\t<div class=\"blockG\" id=\"rotateG_03\"><\/div>\n\t\t\t\t<div class=\"blockG\" id=\"rotateG_04\"><\/div>\n\t\t\t\t<div class=\"blockG\" id=\"rotateG_05\"><\/div>\n\t\t\t\t<div class=\"blockG\" id=\"rotateG_06\"><\/div>\n\t\t\t\t<div class=\"blockG\" id=\"rotateG_07\"><\/div>\n\t\t\t\t<div class=\"blockG\" id=\"rotateG_08\"><\/div>\n\t\t\t<\/div>\n\t\t\t<div class=\"WooZone-cross-sell-loader-text\"><\/div>\n\t\t<\/div>\n\t<\/div>\n\n\t\t\n<\/div>\n<div style=\"clear:both;\"><\/div>\n","protected":false},"excerpt":{"rendered":"<p>Geben Sie Ihr Modell ein, um sicherzustellen, dass dieser Artikel passt.<br \/>\nTyp:Diatonische Harmonika.<br \/>\nT\u00f6ne:D.<\/p>\n","protected":false},"featured_media":1594,"comment_status":"open","ping_status":"closed","template":"","meta":{"_acf_changed":false,"rs_blank_template":"","rs_page_bg_color":"","slide_template_v7":""},"product_brand":[],"product_cat":[112,15],"product_tag":[],"class_list":{"0":"post-1593","1":"product","2":"type-product","3":"status-publish","4":"has-post-thumbnail","6":"product_cat-harmonika","7":"product_cat-shop","8":"pa_amazon-bestseller-rang-nr-16008-in-musikinstrumente-dj-equipment-siehe-top-100-in-musikinstrumente-dj-equipment-nr-192-in-mundharmonikas-musikinstrumente-dj-equipment","9":"pa_artikelgewicht-59-g","10":"pa_brand-marke-hohner","11":"pa_durchschnittliche-kundenbewer-47-von-5-sternen-10-sternebewertungen-47-von-5-sternen","12":"pa_im-angebot-von-amazon-de-seit-10-maerz-2015","13":"pa_modellnummer-m200503x","14":"pa_produktabmessungen-10-01-x-3-x-2-49-cm","15":"pa_zusammenbau-noetig-nein","17":"first","18":"instock","19":"shipping-taxable","20":"purchasable","21":"product-type-simple"},"acf":[],"_links":{"self":[{"href":"https:\/\/www.instrumentbox.de\/index.php?rest_route=\/wp\/v2\/product\/1593","targetHints":{"allow":["GET"]}}],"collection":[{"href":"https:\/\/www.instrumentbox.de\/index.php?rest_route=\/wp\/v2\/product"}],"about":[{"href":"https:\/\/www.instrumentbox.de\/index.php?rest_route=\/wp\/v2\/types\/product"}],"replies":[{"embeddable":true,"href":"https:\/\/www.instrumentbox.de\/index.php?rest_route=%2Fwp%2Fv2%2Fcomments&post=1593"}],"wp:featuredmedia":[{"embeddable":true,"href":"https:\/\/www.instrumentbox.de\/index.php?rest_route=\/wp\/v2\/media\/1594"}],"wp:attachment":[{"href":"https:\/\/www.instrumentbox.de\/index.php?rest_route=%2Fwp%2Fv2%2Fmedia&parent=1593"}],"wp:term":[{"taxonomy":"product_brand","embeddable":true,"href":"https:\/\/www.instrumentbox.de\/index.php?rest_route=%2Fwp%2Fv2%2Fproduct_brand&post=1593"},{"taxonomy":"product_cat","embeddable":true,"href":"https:\/\/www.instrumentbox.de\/index.php?rest_route=%2Fwp%2Fv2%2Fproduct_cat&post=1593"},{"taxonomy":"product_tag","embeddable":true,"href":"https:\/\/www.instrumentbox.de\/index.php?rest_route=%2Fwp%2Fv2%2Fproduct_tag&post=1593"}],"curies":[{"name":"wp","href":"https:\/\/api.w.org\/{rel}","templated":true}]}}