{"id":1602,"date":"2020-07-16T00:35:14","date_gmt":"2020-07-16T00:35:14","guid":{"rendered":"https:\/\/www.instrumentbox.de\/?product=mundharmonika-billy-joel-signature-harp-in-ton-c"},"modified":"2025-01-20T04:45:14","modified_gmt":"2025-01-20T03:45:14","slug":"mundharmonika-billy-joel-signature-harp-in-ton-c","status":"publish","type":"product","link":"https:\/\/www.instrumentbox.de\/?product=mundharmonika-billy-joel-signature-harp-in-ton-c","title":{"rendered":"HOHNER Mundharmonika, Marine Band &#8211; Crossover, Db"},"content":{"rendered":"<p><!-- show up to 2 reviews by default --> <\/p>\n<p>Neues Design mit gr\u00f6\u00dferen Tonl\u00f6chern und weit offenen Deckeln f\u00fcr ein maximales Volumen. Das beste Material der Hohlzunge f\u00fcr eine schnelle Reaktion. Ergonomischer K\u00f6rper f\u00fcr ein besonders komfortables Spielgef\u00fchl Stimmpl\u00e4ttchen im Kanzlerk\u00f6rper integriert Erh\u00e4ltlich in allen Tonarten.Potential des neuen Topseller-Produkts. <\/p>\n<p>Geben Sie Ihr Modell ein, um sicherzustellen, dass dieser Artikel passt.<br \/>\nProduktreihe Progressive<br \/>\nEine riesige Masturbation<br \/>\nTonart: F<br \/>\n<div class=\"main-cross-sell\" data-asin=\"B07N93M22W\">\n\n\t<div class=\"WooZone-cross-sell-loader\">\n\t\t<div>\n\t\t\t<div id=\"floatingBarsG\">\n\t\t\t\t<div class=\"blockG\" id=\"rotateG_01\"><\/div>\n\t\t\t\t<div class=\"blockG\" id=\"rotateG_02\"><\/div>\n\t\t\t\t<div class=\"blockG\" id=\"rotateG_03\"><\/div>\n\t\t\t\t<div class=\"blockG\" id=\"rotateG_04\"><\/div>\n\t\t\t\t<div class=\"blockG\" id=\"rotateG_05\"><\/div>\n\t\t\t\t<div class=\"blockG\" id=\"rotateG_06\"><\/div>\n\t\t\t\t<div class=\"blockG\" id=\"rotateG_07\"><\/div>\n\t\t\t\t<div class=\"blockG\" id=\"rotateG_08\"><\/div>\n\t\t\t<\/div>\n\t\t\t<div class=\"WooZone-cross-sell-loader-text\"><\/div>\n\t\t<\/div>\n\t<\/div>\n\n\t\t\n<\/div>\n<div style=\"clear:both;\"><\/div>\n","protected":false},"excerpt":{"rendered":"<p>Geben Sie Ihr Modell ein, um sicherzustellen, dass dieser Artikel passt.<br \/>\nProduktreihe Progressive<br \/>\nEine riesige Masturbation<\/p>\n","protected":false},"featured_media":1603,"comment_status":"open","ping_status":"closed","template":"","meta":{"_acf_changed":false,"rs_blank_template":"","rs_page_bg_color":"","slide_template_v7":""},"product_brand":[],"product_cat":[112,15],"product_tag":[],"class_list":{"0":"post-1602","1":"product","2":"type-product","3":"status-publish","4":"has-post-thumbnail","6":"product_cat-harmonika","7":"product_cat-shop","8":"pa_artikelgewicht-0-2-g","9":"pa_brand-marke-hohner","10":"pa_durchschnittliche-kundenbewer-44-von-5-sternen-4-sternebewertungen-44-von-5-sternen","11":"pa_im-angebot-von-amazon-de-seit-27-april-2015","12":"pa_modellnummer-632","13":"pa_produktabmessungen-20-x-10-x-16-cm","14":"pa_zusammenbau-noetig-nein","16":"first","17":"instock","18":"shipping-taxable","19":"purchasable","20":"product-type-simple"},"acf":[],"_links":{"self":[{"href":"https:\/\/www.instrumentbox.de\/index.php?rest_route=\/wp\/v2\/product\/1602","targetHints":{"allow":["GET"]}}],"collection":[{"href":"https:\/\/www.instrumentbox.de\/index.php?rest_route=\/wp\/v2\/product"}],"about":[{"href":"https:\/\/www.instrumentbox.de\/index.php?rest_route=\/wp\/v2\/types\/product"}],"replies":[{"embeddable":true,"href":"https:\/\/www.instrumentbox.de\/index.php?rest_route=%2Fwp%2Fv2%2Fcomments&post=1602"}],"wp:featuredmedia":[{"embeddable":true,"href":"https:\/\/www.instrumentbox.de\/index.php?rest_route=\/wp\/v2\/media\/1603"}],"wp:attachment":[{"href":"https:\/\/www.instrumentbox.de\/index.php?rest_route=%2Fwp%2Fv2%2Fmedia&parent=1602"}],"wp:term":[{"taxonomy":"product_brand","embeddable":true,"href":"https:\/\/www.instrumentbox.de\/index.php?rest_route=%2Fwp%2Fv2%2Fproduct_brand&post=1602"},{"taxonomy":"product_cat","embeddable":true,"href":"https:\/\/www.instrumentbox.de\/index.php?rest_route=%2Fwp%2Fv2%2Fproduct_cat&post=1602"},{"taxonomy":"product_tag","embeddable":true,"href":"https:\/\/www.instrumentbox.de\/index.php?rest_route=%2Fwp%2Fv2%2Fproduct_tag&post=1602"}],"curies":[{"name":"wp","href":"https:\/\/api.w.org\/{rel}","templated":true}]}}