{"id":1605,"date":"2020-07-16T00:35:16","date_gmt":"2020-07-16T00:35:16","guid":{"rendered":"https:\/\/www.instrumentbox.de\/?product=hohner-m2009066x-marine-band-crossover-f-mundharmonika"},"modified":"2025-01-16T18:17:15","modified_gmt":"2025-01-16T17:17:15","slug":"hohner-m2009066x-marine-band-crossover-f-mundharmonika","status":"publish","type":"product","link":"https:\/\/www.instrumentbox.de\/?product=hohner-m2009066x-marine-band-crossover-f-mundharmonika","title":{"rendered":"HOHNER Mundharmonika, Marine Band &#8211; Crossover, E"},"content":{"rendered":"<p><!-- show up to 2 reviews by default --> <\/p>\n<p>Hohner Marine Band Crossover Mundharmonika in E<\/p>\n<p>Vielseitig &#8211; Nachhaltig &#8211; Unglaublich!<\/p>\n<p>Mit der Crossover wurde das Marine Band-Konzept um ein erstklassiges Instrument f\u00fcr professionelle Anspr\u00fcche erweitert. Sie etablierte sich daher sofort in modernen Blues-Kreisen, im Rock, Jazz, Soul und Funk. Der revolution\u00e4re patentierte Kanzellenk\u00f6rper aus schichtverleimtem Bambus ist voll versiegelt und dadurch komplett wasserabweisend.<\/p>\n<p>Durch die verschraubte Bauweise ist die Harp extrem luftdicht und sorgt f\u00fcr eine wimpernschlagschnelle Ansprache. Der klare, \u00e4u\u00dferst volle und kr\u00e4ftige Sound eignet sich sowohl f\u00fcr das akustische als auch elektrisch verst\u00e4rkte Mundharmonikaspiel. Die moderne Kompromiss-Stimmung machen das Einzeltonspiel auch in unterschiedlichen Lagen, unabh\u00e4ngig vom Stil, zum Vergn\u00fcgen. Mit ihrem vollen Akkord-Sound pr\u00e4sentiert sich die Crossover als perfekte Erg\u00e4nzung der Marine Band-Serie.<\/p>\n<ul>\n<li>Durchsetzungskr\u00e4ftiger Sound durch patentierten schichtverleimten Bambuskanzellenk\u00f6rper<\/li>\n<li>Vollversiegelung verhindert Aufquellen des Bambus-Kanzellenk\u00f6rpers.<\/li>\n<li>Angepasste Kompromiss-Stimmung f\u00fcr alle g\u00e4ngigen Musikstile.<\/li>\n<li>Angenehmeres Spielgef\u00fchl durch abgerundete Kanal\u00f6ffnungen und Au\u00dfenkanten.<\/li>\n<li>Robustes, staubabweisendes Kunststoff-Zippercase: Sch\u00fctzt vor Staub und Schmutz, l\u00e4sst Feuchtigkeit jedoch entweichen.<\/li>\n<\/ul>\n<p> Typ diatonisch Stimmung Richter Anzahl L\u00f6cher 10 Kanzellenk\u00f6rper Bambus, blond Kanzellenk\u00f6rper Oberfl\u00e4che Klarlack Mundst\u00fcck Oberfl\u00e4che SuperGlide Lack Deckel Oberfl\u00e4che Edelstahl Stimmplatten 0,9 mm Messing Stimmplatten Oberfl\u00e4che Messing Stimmzungen 20 Messing <\/p>\n<p>Geben Sie Ihr Modell ein, um sicherzustellen, dass dieser Artikel passt.<br \/>\nHohner Marine Band Crossover Mundharmonika in E<br \/>\n<div class=\"main-cross-sell\" data-asin=\"B00V6CSQLQ\">\n\n\t<div class=\"WooZone-cross-sell-loader\">\n\t\t<div>\n\t\t\t<div id=\"floatingBarsG\">\n\t\t\t\t<div class=\"blockG\" id=\"rotateG_01\"><\/div>\n\t\t\t\t<div class=\"blockG\" id=\"rotateG_02\"><\/div>\n\t\t\t\t<div class=\"blockG\" id=\"rotateG_03\"><\/div>\n\t\t\t\t<div class=\"blockG\" id=\"rotateG_04\"><\/div>\n\t\t\t\t<div class=\"blockG\" id=\"rotateG_05\"><\/div>\n\t\t\t\t<div class=\"blockG\" id=\"rotateG_06\"><\/div>\n\t\t\t\t<div class=\"blockG\" id=\"rotateG_07\"><\/div>\n\t\t\t\t<div class=\"blockG\" id=\"rotateG_08\"><\/div>\n\t\t\t<\/div>\n\t\t\t<div class=\"WooZone-cross-sell-loader-text\"><\/div>\n\t\t<\/div>\n\t<\/div>\n\n\t\t\n<\/div>\n<div style=\"clear:both;\"><\/div>\n","protected":false},"excerpt":{"rendered":"<p>Geben Sie Ihr Modell ein, um sicherzustellen, dass dieser Artikel passt.<br \/>\nHohner Marine Band Crossover Mundharmonika in E<\/p>\n","protected":false},"featured_media":1606,"comment_status":"open","ping_status":"closed","template":"","meta":{"_acf_changed":false,"rs_blank_template":"","rs_page_bg_color":"","slide_template_v7":""},"product_brand":[],"product_cat":[112,15],"product_tag":[],"class_list":{"0":"post-1605","1":"product","2":"type-product","3":"status-publish","4":"has-post-thumbnail","6":"product_cat-harmonika","7":"product_cat-shop","8":"pa_amazon-bestseller-rang-nr-37858-in-musikinstrumente-dj-equipment-siehe-top-100-in-musikinstrumente-dj-equipment-nr-412-in-mundharmonikas-musikinstrumente-dj-equipment","9":"pa_artikelgewicht-59-g","10":"pa_brand-marke-hohner","11":"pa_durchschnittliche-kundenbewer-50-von-5-sternen-2-sternebewertungen-50-von-5-sternen","12":"pa_im-angebot-von-amazon-de-seit-10-maerz-2015","13":"pa_modellnummer-m2009066x","14":"pa_produktabmessungen-10-01-x-3-x-2-49-cm","15":"pa_zusammenbau-noetig-nein","17":"first","18":"instock","19":"shipping-taxable","20":"purchasable","21":"product-type-simple"},"acf":[],"_links":{"self":[{"href":"https:\/\/www.instrumentbox.de\/index.php?rest_route=\/wp\/v2\/product\/1605","targetHints":{"allow":["GET"]}}],"collection":[{"href":"https:\/\/www.instrumentbox.de\/index.php?rest_route=\/wp\/v2\/product"}],"about":[{"href":"https:\/\/www.instrumentbox.de\/index.php?rest_route=\/wp\/v2\/types\/product"}],"replies":[{"embeddable":true,"href":"https:\/\/www.instrumentbox.de\/index.php?rest_route=%2Fwp%2Fv2%2Fcomments&post=1605"}],"wp:featuredmedia":[{"embeddable":true,"href":"https:\/\/www.instrumentbox.de\/index.php?rest_route=\/wp\/v2\/media\/1606"}],"wp:attachment":[{"href":"https:\/\/www.instrumentbox.de\/index.php?rest_route=%2Fwp%2Fv2%2Fmedia&parent=1605"}],"wp:term":[{"taxonomy":"product_brand","embeddable":true,"href":"https:\/\/www.instrumentbox.de\/index.php?rest_route=%2Fwp%2Fv2%2Fproduct_brand&post=1605"},{"taxonomy":"product_cat","embeddable":true,"href":"https:\/\/www.instrumentbox.de\/index.php?rest_route=%2Fwp%2Fv2%2Fproduct_cat&post=1605"},{"taxonomy":"product_tag","embeddable":true,"href":"https:\/\/www.instrumentbox.de\/index.php?rest_route=%2Fwp%2Fv2%2Fproduct_tag&post=1605"}],"curies":[{"name":"wp","href":"https:\/\/api.w.org\/{rel}","templated":true}]}}