{"id":1609,"date":"2020-07-16T00:35:20","date_gmt":"2020-07-16T00:35:20","guid":{"rendered":"https:\/\/www.instrumentbox.de\/?product=harmo-polar-mundharmonika-c"},"modified":"2025-01-24T19:48:14","modified_gmt":"2025-01-24T18:48:14","slug":"harmo-polar-mundharmonika-c","status":"publish","type":"product","link":"https:\/\/www.instrumentbox.de\/?product=harmo-polar-mundharmonika-c","title":{"rendered":"Harmo Polar Harmonica &#8211; Key of C &#8211; Professional Quality Designed in the Usa"},"content":{"rendered":"<p><!-- show up to 2 reviews by default --> <\/p>\n<p>Polar Harmonika harmo au\u00dfergew\u00f6hnlich vielseitig und stylishThe Polar einsetzbar, in-house-specific Prozess, der macht Sie besonders gut f\u00fcr Blues, Folk, Country, Rock und Funk-, so dass Sie gro\u00dfe Projektion, Luftdichtigkeit und eine gute overblow-friendly. Voller und lauter Ton mit schnelle Antwort. Die Polars wei\u00df matt Abdeckungen sind eine einzigartige Funktion, sie wird die Blicke auf sich ziehen.Das Polar von harmo diatonischen Mundharmonika wird in allen 12 Schl\u00fcsseln geliefert: C, DB, D, Eb, E, F, F #, G, Ab, A, Bb, B.A robuste Schutzh\u00fclle mit Rei\u00dfverschluss h\u00e4lt den Staub drau\u00dfen und erm\u00f6glicht der Feuchtigkeit zu verdampfen. Enthalten ist ein Wischtuch. <\/p>\n<p>Geben Sie Ihr Modell ein, um sicherzustellen, dass dieser Artikel passt.<br \/>\nPolar von harmo diatonischen Mundharmonika Mundharmonika<br \/>\n<div class=\"main-cross-sell\" data-asin=\"B07C587KBW\">\n\n\t<div class=\"WooZone-cross-sell-loader\">\n\t\t<div>\n\t\t\t<div id=\"floatingBarsG\">\n\t\t\t\t<div class=\"blockG\" id=\"rotateG_01\"><\/div>\n\t\t\t\t<div class=\"blockG\" id=\"rotateG_02\"><\/div>\n\t\t\t\t<div class=\"blockG\" id=\"rotateG_03\"><\/div>\n\t\t\t\t<div class=\"blockG\" id=\"rotateG_04\"><\/div>\n\t\t\t\t<div class=\"blockG\" id=\"rotateG_05\"><\/div>\n\t\t\t\t<div class=\"blockG\" id=\"rotateG_06\"><\/div>\n\t\t\t\t<div class=\"blockG\" id=\"rotateG_07\"><\/div>\n\t\t\t\t<div class=\"blockG\" id=\"rotateG_08\"><\/div>\n\t\t\t<\/div>\n\t\t\t<div class=\"WooZone-cross-sell-loader-text\"><\/div>\n\t\t<\/div>\n\t<\/div>\n\n\t\t\n<\/div>\n<div style=\"clear:both;\"><\/div>\n","protected":false},"excerpt":{"rendered":"<p>Geben Sie Ihr Modell ein, um sicherzustellen, dass dieser Artikel passt.<br \/>\nPolar von harmo diatonischen Mundharmonika Mundharmonika<\/p>\n","protected":false},"featured_media":1610,"comment_status":"open","ping_status":"closed","template":"","meta":{"_acf_changed":false,"rs_blank_template":"","rs_page_bg_color":"","slide_template_v7":""},"product_brand":[],"product_cat":[112,15],"product_tag":[],"class_list":{"0":"post-1609","1":"product","2":"type-product","3":"status-publish","4":"has-post-thumbnail","6":"product_cat-harmonika","7":"product_cat-shop","8":"pa_artikelgewicht-133-g","9":"pa_brand-marke-harmo","10":"pa_durchschnittliche-kundenbewer-47-von-5-sternen-102-sternebewertungen-47-von-5-sternen","11":"pa_im-angebot-von-amazon-de-seit-30-juni-2018","12":"pa_modellnummer-harmo-polar-harmonica-12-keys-blues-r","13":"pa_verpackungsabmessungen-13-1-x-4-6-x-3-6-cm","14":"pa_zusammenbau-noetig-nein","16":"first","17":"instock","18":"shipping-taxable","19":"purchasable","20":"product-type-simple"},"acf":[],"_links":{"self":[{"href":"https:\/\/www.instrumentbox.de\/index.php?rest_route=\/wp\/v2\/product\/1609","targetHints":{"allow":["GET"]}}],"collection":[{"href":"https:\/\/www.instrumentbox.de\/index.php?rest_route=\/wp\/v2\/product"}],"about":[{"href":"https:\/\/www.instrumentbox.de\/index.php?rest_route=\/wp\/v2\/types\/product"}],"replies":[{"embeddable":true,"href":"https:\/\/www.instrumentbox.de\/index.php?rest_route=%2Fwp%2Fv2%2Fcomments&post=1609"}],"wp:featuredmedia":[{"embeddable":true,"href":"https:\/\/www.instrumentbox.de\/index.php?rest_route=\/wp\/v2\/media\/1610"}],"wp:attachment":[{"href":"https:\/\/www.instrumentbox.de\/index.php?rest_route=%2Fwp%2Fv2%2Fmedia&parent=1609"}],"wp:term":[{"taxonomy":"product_brand","embeddable":true,"href":"https:\/\/www.instrumentbox.de\/index.php?rest_route=%2Fwp%2Fv2%2Fproduct_brand&post=1609"},{"taxonomy":"product_cat","embeddable":true,"href":"https:\/\/www.instrumentbox.de\/index.php?rest_route=%2Fwp%2Fv2%2Fproduct_cat&post=1609"},{"taxonomy":"product_tag","embeddable":true,"href":"https:\/\/www.instrumentbox.de\/index.php?rest_route=%2Fwp%2Fv2%2Fproduct_tag&post=1609"}],"curies":[{"name":"wp","href":"https:\/\/api.w.org\/{rel}","templated":true}]}}