{"id":1636,"date":"2020-07-16T00:35:39","date_gmt":"2020-07-16T00:35:39","guid":{"rendered":"https:\/\/www.instrumentbox.de\/?product=c%c2%b7a%c2%b7seydel-soehne-orchestra-s-10330-in-lc"},"modified":"2025-01-22T07:06:57","modified_gmt":"2025-01-22T06:06:57","slug":"c%c2%b7a%c2%b7seydel-soehne-orchestra-s-10330-in-lc","status":"publish","type":"product","link":"https:\/\/www.instrumentbox.de\/?product=c%c2%b7a%c2%b7seydel-soehne-orchestra-s-10330-in-lc","title":{"rendered":"C\u00b7A\u00b7SEYDEL S\u00d6HNE ORCHESTRA S 10330 in LC"},"content":{"rendered":"<p><!-- show up to 2 reviews by default --> <\/p>\n<p>C\u00b7A\u00b7SEYDEL S\u00d6HNE ORCHESTRA S 10330 in LC<\/p>\n<p>Korrosionsfreie <b>Solo-gestimmte Mundharmonika<\/b> mit Edelstahl-Stimmzungen (Orchestra-Stimmung), ergonomischen Schalldeckeln und karmin-rotem Kunststoff-Kanzellenk\u00f6rper.<\/p>\n<p>Die <b>ORCHESTRA S:<\/b> Endlich gibt es ein Modell mit <b>zehn Kanzellen in der beliebten Solo-Stimmung,<\/b> auf dem <b>alle T\u00f6ne der Dur-Tonleiter \u00fcber volle zweieinhalb Oktaven<\/b> gespielt werden k\u00f6nnen.<\/p>\n<p>Die <b>ORCHESTRA S<\/b> bietet aber noch mehr &#8211; statt mit dem Grundton zu beginnen, startet die <b>ORCHESTRA S<\/b> eine halbe Oktave tiefer. Die auf Richter-gestimmten Blues-Harmonicas fehlenden T\u00f6ne der Tonleiter im unteren Bereich sind auf der <b>ORCHESTRA S<\/b> vorhanden und k\u00f6nnen wie gewohnt gespielt werden, ohne sie mit Hilfe der Bending-Technik &#8220;herunterbiegen&#8221; zu m\u00fcssen. Der Grundton der Dur-Tonleiter ist mit einer Deckelmarkierung versehen &#8211; dort startet die Dur-Skala (3 blasen).<\/p>\n<p>Das macht die ORCHESTRA S zum idealen und kompakten Melodie-Instrument mit dem man seine Lieblingslieder \u00fcberall mitnehmen kann.<\/p>\n<p>Die Tonanordnung ist grunds\u00e4tzlich die selbe wie die bei chromatischen Mundharmonikas, so dass sich die <b>ORCHESTRA S<\/b> auch sehr gut zum Erlernen des chromatischen Spielkonzeptes eignet, z. B. in der musikalischen Fr\u00fcherziehung oder beim Klassenmusizieren.<\/p>\n<p>Auch <b>Bluesharmonika-Spieler kommen voll auf ihre Kosten<\/b> &#8211; die <b>ORCHESTRA S<\/b> spielt sich wunderbar in Moll (3. Spielposition) und klingt dann aufgrund der Solo-Stimmung einer chromatischen Mundharmonika sehr \u00e4hnlich. Durch die Verl\u00e4ngerung der Tonleiter unter den Grundton hinaus, ergeben sich tolle M\u00f6glichkeiten f\u00fcr die Improvisation \u00fcber das gesamte Blues-Schema (1 ziehen ist, wie in der 2. Position, der Grundton der Dominante!). &#8230; und das Bonbon f\u00fcr den Blueser: Alle T\u00f6ne der Blues-Skala sind vorhanden oder mit Bending zu erreichen &#8211; ideal f\u00fcr gef\u00fchlvoll gespielte Improvisationen in Moll.<\/p>\n<ul>\n<li>kompakte Bauform mit 10 Kan\n<\/p>\n<\/li>\n<\/ul>\n<p>Geben Sie Ihr Modell ein, um sicherzustellen, dass dieser Artikel passt.<br \/>\nC\u00b7A\u00b7SEYDEL S\u00d6HNE ORCHESTRA S 10330 in LC<br \/>\n<div class=\"main-cross-sell\" data-asin=\"B00XKU3N2E\">\n\n\t<div class=\"WooZone-cross-sell-loader\">\n\t\t<div>\n\t\t\t<div id=\"floatingBarsG\">\n\t\t\t\t<div class=\"blockG\" id=\"rotateG_01\"><\/div>\n\t\t\t\t<div class=\"blockG\" id=\"rotateG_02\"><\/div>\n\t\t\t\t<div class=\"blockG\" id=\"rotateG_03\"><\/div>\n\t\t\t\t<div class=\"blockG\" id=\"rotateG_04\"><\/div>\n\t\t\t\t<div class=\"blockG\" id=\"rotateG_05\"><\/div>\n\t\t\t\t<div class=\"blockG\" id=\"rotateG_06\"><\/div>\n\t\t\t\t<div class=\"blockG\" id=\"rotateG_07\"><\/div>\n\t\t\t\t<div class=\"blockG\" id=\"rotateG_08\"><\/div>\n\t\t\t<\/div>\n\t\t\t<div class=\"WooZone-cross-sell-loader-text\"><\/div>\n\t\t<\/div>\n\t<\/div>\n\n\t\t\n<\/div>\n<div style=\"clear:both;\"><\/div>\n","protected":false},"excerpt":{"rendered":"<p>Geben Sie Ihr Modell ein, um sicherzustellen, dass dieser Artikel passt.<br \/>\nC\u00b7A\u00b7SEYDEL S\u00d6HNE ORCHESTRA S 10330 in LC<\/p>\n","protected":false},"featured_media":1637,"comment_status":"open","ping_status":"closed","template":"","meta":{"_acf_changed":false,"rs_blank_template":"","rs_page_bg_color":"","slide_template_v7":""},"product_brand":[],"product_cat":[112,15],"product_tag":[],"class_list":{"0":"post-1636","1":"product","2":"type-product","3":"status-publish","4":"has-post-thumbnail","6":"product_cat-harmonika","7":"product_cat-shop","8":"pa_amazon-bestseller-rang-nr-41640-in-musikinstrumente-dj-equipment-siehe-top-100-in-musikinstrumente-dj-equipment-nr-456-in-mundharmonikas-musikinstrumente-dj-equipment","9":"pa_artikelgewicht-99-8-g","10":"pa_brand-marke-unbekannt","11":"pa_durchschnittliche-kundenbewer-39-von-5-sternen-23-sternebewertungen-39-von-5-sternen","12":"pa_im-angebot-von-amazon-de-seit-24-maerz-2016","13":"pa_modellnummer-10330lc","14":"pa_produktabmessungen-11-43-x-4-06-x-3-18-cm","15":"pa_zusammenbau-noetig-nein","17":"first","18":"instock","19":"shipping-taxable","20":"purchasable","21":"product-type-simple"},"acf":[],"_links":{"self":[{"href":"https:\/\/www.instrumentbox.de\/index.php?rest_route=\/wp\/v2\/product\/1636","targetHints":{"allow":["GET"]}}],"collection":[{"href":"https:\/\/www.instrumentbox.de\/index.php?rest_route=\/wp\/v2\/product"}],"about":[{"href":"https:\/\/www.instrumentbox.de\/index.php?rest_route=\/wp\/v2\/types\/product"}],"replies":[{"embeddable":true,"href":"https:\/\/www.instrumentbox.de\/index.php?rest_route=%2Fwp%2Fv2%2Fcomments&post=1636"}],"wp:featuredmedia":[{"embeddable":true,"href":"https:\/\/www.instrumentbox.de\/index.php?rest_route=\/wp\/v2\/media\/1637"}],"wp:attachment":[{"href":"https:\/\/www.instrumentbox.de\/index.php?rest_route=%2Fwp%2Fv2%2Fmedia&parent=1636"}],"wp:term":[{"taxonomy":"product_brand","embeddable":true,"href":"https:\/\/www.instrumentbox.de\/index.php?rest_route=%2Fwp%2Fv2%2Fproduct_brand&post=1636"},{"taxonomy":"product_cat","embeddable":true,"href":"https:\/\/www.instrumentbox.de\/index.php?rest_route=%2Fwp%2Fv2%2Fproduct_cat&post=1636"},{"taxonomy":"product_tag","embeddable":true,"href":"https:\/\/www.instrumentbox.de\/index.php?rest_route=%2Fwp%2Fv2%2Fproduct_tag&post=1636"}],"curies":[{"name":"wp","href":"https:\/\/api.w.org\/{rel}","templated":true}]}}