{"id":1660,"date":"2020-07-16T00:43:11","date_gmt":"2020-07-16T00:43:11","guid":{"rendered":"https:\/\/www.instrumentbox.de\/?product=weltmeister-piano-akkordeon-saphir-weissperloid"},"modified":"2024-01-03T00:03:37","modified_gmt":"2024-01-02T23:03:37","slug":"weltmeister-piano-akkordeon-saphir-weissperloid","status":"publish","type":"product","link":"https:\/\/www.instrumentbox.de\/?product=weltmeister-piano-akkordeon-saphir-weissperloid","title":{"rendered":"Weltmeister Piano Akkordeon Saphir weissperloid"},"content":{"rendered":"<p><!-- show up to 2 reviews by default --> <\/p>\n<p>Weltmeister Pianoakkordeon Saphir &#8211; weissperloid<br \/> 41\/120\/IV\/11\/5 <\/p>\n<p>Das ideale Orchesterinstrument und ein solider Begleiter f\u00fcr den professionelle Musiker<\/p>\n<p>Die Saphir ist unser gr\u00f6\u00dftes Akkordeon ohne Cassotto.<br \/> Es bietet mit 41 Tasten und 120 B\u00e4ssen einen sehr gro\u00dfen Tonumfang, wie ihn vor allem professionelle Spieler brauchen.<br \/> Mit ihren zahlreichen Klangvariationsm\u00f6glichkeiten ist sie f\u00fcr jede Art von Musik geeignet.<\/p>\n<p>120 B\u00e4sse mit 5 Bassregister, 4-ch\u00f6rig<br \/> 41 Diskanttasten, 4-ch\u00f6rig mit 11 Diskantregister<br \/> Tonumfang f-a3<br \/> ausgesuchte handgearbeitete tschechische Stimmplatten<br \/> inkl. Riemengarnitur<br \/> abnehmbarer Balgschoner<br \/> Gewicht des Instruments: 10,6 kg<br \/> Abmessungen : 482 x 192 mm <br \/> Lieferung im Koffer oder Rucksack, ohne Aufpreis!<br \/> Sofern nicht angegeben, liefern wir im Koffer ! <\/p>\n<p> Hersteller Weltmeister Akkordeon Manufaktur GmbH<\/p>\n<\/p>\n<p>Geben Sie Ihr Modell ein, um sicherzustellen, dass dieser Artikel passt.<br \/>\nWeltmeister Piano-Akkordeon Saphir<br \/>\ndas ideale Orchesterinstrument, bzw. solider Begleiter f\u00fcr den professionellen B\u00fchnenauftritt<br \/>\nDiskant- und Bassregisterdr\u00fccker in schwarz<br \/>\n41 Diskanttasten, 4-ch\u00f6rig mit 11 Diskantregister &#8211; 120 B\u00e4sse mit 5 Bassregister, 4-ch\u00f6rig<br \/>\nhergestellt in Klingenthal\/Sachsen<br \/>\n<div class=\"main-cross-sell\" data-asin=\"B00KGZ3OZC\">\n\n\t<div class=\"WooZone-cross-sell-loader\">\n\t\t<div>\n\t\t\t<div id=\"floatingBarsG\">\n\t\t\t\t<div class=\"blockG\" id=\"rotateG_01\"><\/div>\n\t\t\t\t<div class=\"blockG\" id=\"rotateG_02\"><\/div>\n\t\t\t\t<div class=\"blockG\" id=\"rotateG_03\"><\/div>\n\t\t\t\t<div class=\"blockG\" id=\"rotateG_04\"><\/div>\n\t\t\t\t<div class=\"blockG\" id=\"rotateG_05\"><\/div>\n\t\t\t\t<div class=\"blockG\" id=\"rotateG_06\"><\/div>\n\t\t\t\t<div class=\"blockG\" id=\"rotateG_07\"><\/div>\n\t\t\t\t<div class=\"blockG\" id=\"rotateG_08\"><\/div>\n\t\t\t<\/div>\n\t\t\t<div class=\"WooZone-cross-sell-loader-text\"><\/div>\n\t\t<\/div>\n\t<\/div>\n\n\t\t\n<\/div>\n<div style=\"clear:both;\"><\/div>\n","protected":false},"excerpt":{"rendered":"<p>Geben Sie Ihr Modell ein, um sicherzustellen, dass dieser Artikel passt.<br \/>\nWeltmeister Piano-Akkordeon Saphir<br \/>\ndas ideale Orchesterinstrument, bzw. solider Begleiter f\u00fcr den professionellen B\u00fchnenauftritt<\/p>\n","protected":false},"featured_media":1661,"comment_status":"open","ping_status":"closed","template":"","meta":{"_acf_changed":false,"rs_blank_template":"","rs_page_bg_color":"","slide_template_v7":""},"product_brand":[],"product_cat":[39,15],"product_tag":[],"class_list":{"0":"post-1660","1":"product","2":"type-product","3":"status-publish","4":"has-post-thumbnail","6":"product_cat-akkordeon","7":"product_cat-shop","8":"pa_amazon-bestseller-rang-nr-263185-in-musikinstrumente-dj-equipment-siehe-top-100-in-musikinstrumente-dj-equipment-nr-197-in-pianoakkordeons","9":"pa_brand-marke-weltmeister","10":"pa_im-angebot-von-amazon-de-seit-21-mai-2014","12":"first","13":"instock","14":"shipping-taxable","15":"purchasable","16":"product-type-simple"},"acf":[],"_links":{"self":[{"href":"https:\/\/www.instrumentbox.de\/index.php?rest_route=\/wp\/v2\/product\/1660","targetHints":{"allow":["GET"]}}],"collection":[{"href":"https:\/\/www.instrumentbox.de\/index.php?rest_route=\/wp\/v2\/product"}],"about":[{"href":"https:\/\/www.instrumentbox.de\/index.php?rest_route=\/wp\/v2\/types\/product"}],"replies":[{"embeddable":true,"href":"https:\/\/www.instrumentbox.de\/index.php?rest_route=%2Fwp%2Fv2%2Fcomments&post=1660"}],"wp:featuredmedia":[{"embeddable":true,"href":"https:\/\/www.instrumentbox.de\/index.php?rest_route=\/wp\/v2\/media\/1661"}],"wp:attachment":[{"href":"https:\/\/www.instrumentbox.de\/index.php?rest_route=%2Fwp%2Fv2%2Fmedia&parent=1660"}],"wp:term":[{"taxonomy":"product_brand","embeddable":true,"href":"https:\/\/www.instrumentbox.de\/index.php?rest_route=%2Fwp%2Fv2%2Fproduct_brand&post=1660"},{"taxonomy":"product_cat","embeddable":true,"href":"https:\/\/www.instrumentbox.de\/index.php?rest_route=%2Fwp%2Fv2%2Fproduct_cat&post=1660"},{"taxonomy":"product_tag","embeddable":true,"href":"https:\/\/www.instrumentbox.de\/index.php?rest_route=%2Fwp%2Fv2%2Fproduct_tag&post=1660"}],"curies":[{"name":"wp","href":"https:\/\/api.w.org\/{rel}","templated":true}]}}