{"id":1704,"date":"2020-07-16T00:44:29","date_gmt":"2020-07-16T00:44:29","guid":{"rendered":"https:\/\/www.instrumentbox.de\/?product=weltmeister-piano-akkordeon-achat-72-farbe-schwarz"},"modified":"2024-01-03T00:14:01","modified_gmt":"2024-01-02T23:14:01","slug":"weltmeister-piano-akkordeon-achat-72-farbe-schwarz","status":"publish","type":"product","link":"https:\/\/www.instrumentbox.de\/?product=weltmeister-piano-akkordeon-achat-72-farbe-schwarz","title":{"rendered":"Weltmeister Piano Akkordeon Achat 72 Farbe: schwarz"},"content":{"rendered":"<p><!-- show up to 2 reviews by default --> <\/p>\n<p>Weltmeister Pianoakkordeon Achat 72 &#8211; schwarz<br \/> 34\/72\/III\/5\/3<\/p>\n<p>Der Allrounder unter den Weltmeistern.<\/p>\n<p>Das Achat bietet mit seinen 34 Tasten, und 72 B\u00e4ssen und den Wahlm\u00f6glichkeiten<br \/> der Klangfarben auf Diskant- und Basseite die M\u00f6glichkeit, die g\u00e4ngige Literatur variantenreich zu spielen.<br \/> Mit seiner Spezialbauweise, die auf Leichtigkeit ausgelegt ist, ist das Achat in allen Genres der Musik beliebt.<\/p>\n<p>72 B\u00e4sse, 3 Bassregister<br \/> 34 Diskanttasten<br \/> 3-ch\u00f6rig mit 5 Diskantregister<br \/> Tonumfang im Diskant: g-e3<br \/> Tonumfang im Bass: G-d#&#8217;<br \/> Einsatz einer zylindergef\u00fchrten Diskantklaviatur, Standardbreite 20 mm<br \/> hochgl\u00e4nzende Halbtontasten<br \/> ger\u00e4uschged\u00e4mpfte Ba\u00dfmechanik<br \/> Formkoffer mit zus\u00e4tzlichen St\u00fctzelementen f\u00fcr eine exakte Fixierung des Akkordeons im Koffer<br \/> inkl. Riemengarnitur<br \/> Gewicht des Instruments: 8,1 kg<br \/> Abmessungen : 412 x 192 mm<\/p>\n<p> Lieferung ohne Aufpreis im Koffer oder Rucksack, bitte angeben!<br \/> Sofern nicht angegeben, liefern wir im Koffer ! <\/p>\n<\/p>\n<p> Hersteller: Weltmeister Akkordeon Manufaktur GmbH<\/p>\n<\/p>\n<p>Geben Sie Ihr Modell ein, um sicherzustellen, dass dieser Artikel passt.<br \/>\nWeltmeister Piano Akkordeon Achat 72 schwarz<br \/>\nDer Allrounder unter den Weltmeister Pianoakkordeons &#8211; 72 B\u00e4sse, 3 Bassregister, 34 Diskanttasten, 3-ch\u00f6rig im Diskant mit 5 Diskantregister<br \/>\nDiskant- und Bassregisterdr\u00fccker in schwarz<br \/>\nGewicht 8,1 kg<br \/>\ninkl. Koffer und Riemengarnitur (alternativ Rucksack)<br \/>\n<div class=\"main-cross-sell\" data-asin=\"B07PT9W59F\">\n\n\t<div class=\"WooZone-cross-sell-loader\">\n\t\t<div>\n\t\t\t<div id=\"floatingBarsG\">\n\t\t\t\t<div class=\"blockG\" id=\"rotateG_01\"><\/div>\n\t\t\t\t<div class=\"blockG\" id=\"rotateG_02\"><\/div>\n\t\t\t\t<div class=\"blockG\" id=\"rotateG_03\"><\/div>\n\t\t\t\t<div class=\"blockG\" id=\"rotateG_04\"><\/div>\n\t\t\t\t<div class=\"blockG\" id=\"rotateG_05\"><\/div>\n\t\t\t\t<div class=\"blockG\" id=\"rotateG_06\"><\/div>\n\t\t\t\t<div class=\"blockG\" id=\"rotateG_07\"><\/div>\n\t\t\t\t<div class=\"blockG\" id=\"rotateG_08\"><\/div>\n\t\t\t<\/div>\n\t\t\t<div class=\"WooZone-cross-sell-loader-text\"><\/div>\n\t\t<\/div>\n\t<\/div>\n\n\t\t\n<\/div>\n<div style=\"clear:both;\"><\/div>\n","protected":false},"excerpt":{"rendered":"<p>Geben Sie Ihr Modell ein, um sicherzustellen, dass dieser Artikel passt.<br \/>\nWeltmeister Piano Akkordeon Achat 72 schwarz<br \/>\nDer Allrounder unter den Weltmeister Pianoakkordeons &#8211; 72 B\u00e4sse, 3 Bassregister, 34 Diskanttasten, 3-ch\u00f6rig im Diskant mit 5 Diskantregister<\/p>\n","protected":false},"featured_media":1705,"comment_status":"open","ping_status":"closed","template":"","meta":{"_acf_changed":false,"rs_blank_template":"","rs_page_bg_color":"","slide_template_v7":""},"product_brand":[],"product_cat":[39,15],"product_tag":[],"class_list":{"0":"post-1704","1":"product","2":"type-product","3":"status-publish","4":"has-post-thumbnail","6":"product_cat-akkordeon","7":"product_cat-shop","8":"pa_brand-marke-weltmeister","9":"pa_im-angebot-von-amazon-de-seit-18-maerz-2019","11":"first","12":"instock","13":"shipping-taxable","14":"purchasable","15":"product-type-simple"},"acf":[],"_links":{"self":[{"href":"https:\/\/www.instrumentbox.de\/index.php?rest_route=\/wp\/v2\/product\/1704","targetHints":{"allow":["GET"]}}],"collection":[{"href":"https:\/\/www.instrumentbox.de\/index.php?rest_route=\/wp\/v2\/product"}],"about":[{"href":"https:\/\/www.instrumentbox.de\/index.php?rest_route=\/wp\/v2\/types\/product"}],"replies":[{"embeddable":true,"href":"https:\/\/www.instrumentbox.de\/index.php?rest_route=%2Fwp%2Fv2%2Fcomments&post=1704"}],"wp:featuredmedia":[{"embeddable":true,"href":"https:\/\/www.instrumentbox.de\/index.php?rest_route=\/wp\/v2\/media\/1705"}],"wp:attachment":[{"href":"https:\/\/www.instrumentbox.de\/index.php?rest_route=%2Fwp%2Fv2%2Fmedia&parent=1704"}],"wp:term":[{"taxonomy":"product_brand","embeddable":true,"href":"https:\/\/www.instrumentbox.de\/index.php?rest_route=%2Fwp%2Fv2%2Fproduct_brand&post=1704"},{"taxonomy":"product_cat","embeddable":true,"href":"https:\/\/www.instrumentbox.de\/index.php?rest_route=%2Fwp%2Fv2%2Fproduct_cat&post=1704"},{"taxonomy":"product_tag","embeddable":true,"href":"https:\/\/www.instrumentbox.de\/index.php?rest_route=%2Fwp%2Fv2%2Fproduct_tag&post=1704"}],"curies":[{"name":"wp","href":"https:\/\/api.w.org\/{rel}","templated":true}]}}