{"id":1732,"date":"2020-07-16T00:45:20","date_gmt":"2020-07-16T00:45:20","guid":{"rendered":"https:\/\/www.instrumentbox.de\/?product=weltmeister-piano-akkordeon-perle-weissperloid"},"modified":"2024-01-03T00:14:01","modified_gmt":"2024-01-02T23:14:01","slug":"weltmeister-piano-akkordeon-perle-weissperloid","status":"publish","type":"product","link":"https:\/\/www.instrumentbox.de\/?product=weltmeister-piano-akkordeon-perle-weissperloid","title":{"rendered":"Weltmeister Piano Akkordeon Perle weissperloid"},"content":{"rendered":"<p><!-- show up to 2 reviews by default --> <\/p>\n<p>Weltmeister Piano Akkordeon Perle &#8211; weissperloid<\/p>\n<p> Dieses Akkordeon ist wahrhaft eine Perle in unserem Sortiment.<br \/> Sie ist unser kleinstes und leichtestes, bietet zugleich aber die gleiche<br \/> Qualit\u00e4t wie ihre gr\u00f6\u00dferen Schwestern. F\u00fcr den g\u00fcnstigen Einstieg in die<br \/> Akkordeonwelt oder f\u00fcr alle, die ein leichtes Instrument f\u00fcr unterwegs<br \/> brauchen, ist die Perle die richtige Wahl.<\/p>\n<p> 48 B\u00e4sse<br \/> 26 Diskanktasten<br \/> 2-ch\u00f6rig mit 3 Diskantregister<br \/> Tonumfang h-c3<br \/> zylindergef\u00fchrte Diskantklaviatur<br \/> komfortable Riemengarnituren<br \/> Gewicht : 5,5 kg<br \/> Abmessungen: 332 x 182 mm<br \/> Lieferung ohne Aufpreis im Koffer oder Rucksack, bitte angeben!<br \/> Sofern nicht angegeben, liefern wir im Koffer !<br \/> Sollte das Instrument f\u00fcr einen Erwachsenen sein, geben Sie uns bitte auch Bescheid, dann legen wir l\u00e4ngere Gurte bei.<\/p>\n<\/p>\n<p>Geben Sie Ihr Modell ein, um sicherzustellen, dass dieser Artikel passt.<br \/>\nWeltmeister Piano Akkordeon Perle<br \/>\nKinder- Sch\u00fclerakkordeon &#8211; klein, leicht und handlich<br \/>\nDiskant- und Bassregisterdr\u00fccker in schwarz<br \/>\n48 B\u00e4sse, 26 Diskanttasten, 2-ch\u00f6rig<br \/>\nhergestellt in Klingenthal\/Sachsen<br \/>\n<div class=\"main-cross-sell\" data-asin=\"B00KGZ3CP4\">\n\n\t<div class=\"WooZone-cross-sell-loader\">\n\t\t<div>\n\t\t\t<div id=\"floatingBarsG\">\n\t\t\t\t<div class=\"blockG\" id=\"rotateG_01\"><\/div>\n\t\t\t\t<div class=\"blockG\" id=\"rotateG_02\"><\/div>\n\t\t\t\t<div class=\"blockG\" id=\"rotateG_03\"><\/div>\n\t\t\t\t<div class=\"blockG\" id=\"rotateG_04\"><\/div>\n\t\t\t\t<div class=\"blockG\" id=\"rotateG_05\"><\/div>\n\t\t\t\t<div class=\"blockG\" id=\"rotateG_06\"><\/div>\n\t\t\t\t<div class=\"blockG\" id=\"rotateG_07\"><\/div>\n\t\t\t\t<div class=\"blockG\" id=\"rotateG_08\"><\/div>\n\t\t\t<\/div>\n\t\t\t<div class=\"WooZone-cross-sell-loader-text\"><\/div>\n\t\t<\/div>\n\t<\/div>\n\n\t\t\n<\/div>\n<div style=\"clear:both;\"><\/div>\n","protected":false},"excerpt":{"rendered":"<p>Geben Sie Ihr Modell ein, um sicherzustellen, dass dieser Artikel passt.<br \/>\nWeltmeister Piano Akkordeon Perle<br \/>\nKinder- Sch\u00fclerakkordeon &#8211; klein, leicht und handlich<\/p>\n","protected":false},"featured_media":1733,"comment_status":"open","ping_status":"closed","template":"","meta":{"_acf_changed":false,"rs_blank_template":"","rs_page_bg_color":"","slide_template_v7":""},"product_brand":[],"product_cat":[39,15],"product_tag":[],"class_list":{"0":"post-1732","1":"product","2":"type-product","3":"status-publish","4":"has-post-thumbnail","6":"product_cat-akkordeon","7":"product_cat-shop","8":"pa_amazon-bestseller-rang-nr-265521-in-musikinstrumente-dj-equipment-siehe-top-100-in-musikinstrumente-dj-equipment-nr-229-in-pianoakkordeons","9":"pa_brand-marke-weltmeister","10":"pa_im-angebot-von-amazon-de-seit-21-mai-2014","12":"first","13":"instock","14":"shipping-taxable","15":"purchasable","16":"product-type-simple"},"acf":[],"_links":{"self":[{"href":"https:\/\/www.instrumentbox.de\/index.php?rest_route=\/wp\/v2\/product\/1732","targetHints":{"allow":["GET"]}}],"collection":[{"href":"https:\/\/www.instrumentbox.de\/index.php?rest_route=\/wp\/v2\/product"}],"about":[{"href":"https:\/\/www.instrumentbox.de\/index.php?rest_route=\/wp\/v2\/types\/product"}],"replies":[{"embeddable":true,"href":"https:\/\/www.instrumentbox.de\/index.php?rest_route=%2Fwp%2Fv2%2Fcomments&post=1732"}],"wp:featuredmedia":[{"embeddable":true,"href":"https:\/\/www.instrumentbox.de\/index.php?rest_route=\/wp\/v2\/media\/1733"}],"wp:attachment":[{"href":"https:\/\/www.instrumentbox.de\/index.php?rest_route=%2Fwp%2Fv2%2Fmedia&parent=1732"}],"wp:term":[{"taxonomy":"product_brand","embeddable":true,"href":"https:\/\/www.instrumentbox.de\/index.php?rest_route=%2Fwp%2Fv2%2Fproduct_brand&post=1732"},{"taxonomy":"product_cat","embeddable":true,"href":"https:\/\/www.instrumentbox.de\/index.php?rest_route=%2Fwp%2Fv2%2Fproduct_cat&post=1732"},{"taxonomy":"product_tag","embeddable":true,"href":"https:\/\/www.instrumentbox.de\/index.php?rest_route=%2Fwp%2Fv2%2Fproduct_tag&post=1732"}],"curies":[{"name":"wp","href":"https:\/\/api.w.org\/{rel}","templated":true}]}}