{"id":1766,"date":"2020-07-16T00:45:36","date_gmt":"2020-07-16T00:45:36","guid":{"rendered":"https:\/\/www.instrumentbox.de\/?product=weltmeister-piano-akkordeon-kristall-farbe-gruenperloid"},"modified":"2024-01-03T01:03:16","modified_gmt":"2024-01-03T00:03:16","slug":"weltmeister-piano-akkordeon-kristall-farbe-gruenperloid","status":"publish","type":"product","link":"https:\/\/www.instrumentbox.de\/?product=weltmeister-piano-akkordeon-kristall-farbe-gruenperloid","title":{"rendered":"Weltmeister Piano Akkordeon Kristall Farbe: gr\u00fcnperloid"},"content":{"rendered":"<p><!-- show up to 2 reviews by default --> <\/p>\n<p>Weltmeister Pianoakkordeon Kristall &#8211; gr\u00fcnperloid<br \/> 30\/60\/III\/5<\/p>\n<p> Die Weltmeister Kristall erfreut den Spieler durch ihre Vielseitigkeit und ihrer <br \/> kompakten Baugr\u00f6\u00dfe. <br \/> Mit den drei Ch\u00f6ren im Diskant und den 60 B\u00e4ssen erm\u00f6glicht es <br \/> die Kristall, vielseitiges Repertoire wiederzugeben, gleichzeitig aber mit 6,9 kg <br \/> ein leichtes Akkordeon zu sein.<br \/> Die auf zwei Achsen gelagerte Tastatur, die hervorragende Weltmeister-Standardbassmechanik und hochwertige Handarbeit unterstreichen den Wert dieses Akkordeons. <br \/> Ob auf der B\u00fchne, in gem\u00fctlicher Runde oder einfach zu Hause: Die Kristall ist jederzeit griffbereit.<\/p>\n<p> &#8211; 60 B\u00e4sse<br \/> &#8211; 30 Diskanttasten, 3-ch\u00f6rig<br \/> &#8211; 5 Diskantregister<br \/> &#8211; 4 Ch\u00f6re im Bass<\/p>\n<p>&#8211; Tonumfang im Diskant: g &#8211; c&#8221;&#8217;<br \/> &#8211; Tonumfang im Bass: C &#8211; d#&#8221;<br \/> &#8211; Gr\u00f6\u00dfe: 372 mm x 182 mm<br \/> &#8211; Standart Tastatur mit 20 mm Tastenbreite <br \/> &#8211; Gewicht: 6,9 kg<br \/> &#8211; inkl. bequemer Riemengarnitur<\/p>\n<p> Lieferung ohne Aufpreis im Koffer oder Rucksack, bitte angeben!<\/p>\n<p> Sofern nicht angegeben, liefern wir im Koffer.<\/p>\n<p> Sollte das Instrument f\u00fcr eine gr\u00f6\u00dfere Person sein, geben Sie das bitte ebenfalls an, dann legen wir etwas l\u00e4ngere Riemen bei.<\/p>\n<\/p>\n<p>Geben Sie Ihr Modell ein, um sicherzustellen, dass dieser Artikel passt.<br \/>\nWeltmeister Pianoakkordeon Kristall &#8211; gr\u00fcnperloid<br \/>\nkleines, leichtes Allrounderakkordeon &#8211; gro\u00dfer Tonumfang trotz geringer Gr\u00f6\u00dfe<br \/>\nDiskant- und Bassregisterdr\u00fccker in schwarz<br \/>\n60 B\u00e4sse, 30 Diskanttasten, 3-ch\u00f6rig<br \/>\nhergestellt in Klingenthal\/Sachsen<br \/>\n<div class=\"main-cross-sell\" data-asin=\"B07PT5VYNH\">\n\n\t<div class=\"WooZone-cross-sell-loader\">\n\t\t<div>\n\t\t\t<div id=\"floatingBarsG\">\n\t\t\t\t<div class=\"blockG\" id=\"rotateG_01\"><\/div>\n\t\t\t\t<div class=\"blockG\" id=\"rotateG_02\"><\/div>\n\t\t\t\t<div class=\"blockG\" id=\"rotateG_03\"><\/div>\n\t\t\t\t<div class=\"blockG\" id=\"rotateG_04\"><\/div>\n\t\t\t\t<div class=\"blockG\" id=\"rotateG_05\"><\/div>\n\t\t\t\t<div class=\"blockG\" id=\"rotateG_06\"><\/div>\n\t\t\t\t<div class=\"blockG\" id=\"rotateG_07\"><\/div>\n\t\t\t\t<div class=\"blockG\" id=\"rotateG_08\"><\/div>\n\t\t\t<\/div>\n\t\t\t<div class=\"WooZone-cross-sell-loader-text\"><\/div>\n\t\t<\/div>\n\t<\/div>\n\n\t\t\n<\/div>\n<div style=\"clear:both;\"><\/div>\n","protected":false},"excerpt":{"rendered":"<p>Geben Sie Ihr Modell ein, um sicherzustellen, dass dieser Artikel passt.<br \/>\nWeltmeister Pianoakkordeon Kristall &#8211; gr\u00fcnperloid<br \/>\nkleines, leichtes Allrounderakkordeon &#8211; gro\u00dfer Tonumfang trotz geringer Gr\u00f6\u00dfe<\/p>\n","protected":false},"featured_media":1767,"comment_status":"open","ping_status":"closed","template":"","meta":{"_acf_changed":false,"rs_blank_template":"","rs_page_bg_color":"","slide_template_v7":""},"product_brand":[],"product_cat":[39,15],"product_tag":[],"class_list":{"0":"post-1766","1":"product","2":"type-product","3":"status-publish","4":"has-post-thumbnail","6":"product_cat-akkordeon","7":"product_cat-shop","8":"pa_brand-marke-weltmeister","9":"pa_im-angebot-von-amazon-de-seit-18-maerz-2019","11":"first","12":"instock","13":"shipping-taxable","14":"purchasable","15":"product-type-simple"},"acf":[],"_links":{"self":[{"href":"https:\/\/www.instrumentbox.de\/index.php?rest_route=\/wp\/v2\/product\/1766","targetHints":{"allow":["GET"]}}],"collection":[{"href":"https:\/\/www.instrumentbox.de\/index.php?rest_route=\/wp\/v2\/product"}],"about":[{"href":"https:\/\/www.instrumentbox.de\/index.php?rest_route=\/wp\/v2\/types\/product"}],"replies":[{"embeddable":true,"href":"https:\/\/www.instrumentbox.de\/index.php?rest_route=%2Fwp%2Fv2%2Fcomments&post=1766"}],"wp:featuredmedia":[{"embeddable":true,"href":"https:\/\/www.instrumentbox.de\/index.php?rest_route=\/wp\/v2\/media\/1767"}],"wp:attachment":[{"href":"https:\/\/www.instrumentbox.de\/index.php?rest_route=%2Fwp%2Fv2%2Fmedia&parent=1766"}],"wp:term":[{"taxonomy":"product_brand","embeddable":true,"href":"https:\/\/www.instrumentbox.de\/index.php?rest_route=%2Fwp%2Fv2%2Fproduct_brand&post=1766"},{"taxonomy":"product_cat","embeddable":true,"href":"https:\/\/www.instrumentbox.de\/index.php?rest_route=%2Fwp%2Fv2%2Fproduct_cat&post=1766"},{"taxonomy":"product_tag","embeddable":true,"href":"https:\/\/www.instrumentbox.de\/index.php?rest_route=%2Fwp%2Fv2%2Fproduct_tag&post=1766"}],"curies":[{"name":"wp","href":"https:\/\/api.w.org\/{rel}","templated":true}]}}