{"id":1768,"date":"2020-07-16T00:45:38","date_gmt":"2020-07-16T00:45:38","guid":{"rendered":"https:\/\/www.instrumentbox.de\/?product=weltmeister-akkordeon-kristall-30-60-iii-5-in-schwarz-uni"},"modified":"2024-01-03T01:03:16","modified_gmt":"2024-01-03T00:03:16","slug":"weltmeister-akkordeon-kristall-30-60-iii-5-in-schwarz-uni","status":"publish","type":"product","link":"https:\/\/www.instrumentbox.de\/?product=weltmeister-akkordeon-kristall-30-60-iii-5-in-schwarz-uni","title":{"rendered":"Weltmeister Akkordeon Kristall 30\/60\/III\/5 in schwarz uni"},"content":{"rendered":"<p><!-- show up to 2 reviews by default --> <\/p>\n<p>Mit den drei Ch\u00f6ren im Diskant und den 60 B\u00e4ssen erm\u00f6glicht es das Weltmeister Akkordeon Kristall ein vielseitiges Repertoire wiederzugeben und mit 6,70 kg dazu ein sehr leichtes Akkordeon zu sein. Zus\u00e4tzlich enth\u00e4lt der Lieferumfang einen Koffer und einen passenden Weltmeister 30er Standard Riemen. Features:- 3-ch\u00f6riger Diskant- 4-ch\u00f6riger Bass- 5 Diskantregister- 30 Diskanttasten- 60 B\u00e4sse- Gewicht: 6,70 kg- Zubeh\u00f6r: Koffer und Weltmeister 30er Standard Riemen <\/p>\n<p>Geben Sie Ihr Modell ein, um sicherzustellen, dass dieser Artikel passt.<br \/>\n1 St\u00fcck<br \/>\n<div class=\"main-cross-sell\" data-asin=\"B07WNX4781\">\n\n\t<div class=\"WooZone-cross-sell-loader\">\n\t\t<div>\n\t\t\t<div id=\"floatingBarsG\">\n\t\t\t\t<div class=\"blockG\" id=\"rotateG_01\"><\/div>\n\t\t\t\t<div class=\"blockG\" id=\"rotateG_02\"><\/div>\n\t\t\t\t<div class=\"blockG\" id=\"rotateG_03\"><\/div>\n\t\t\t\t<div class=\"blockG\" id=\"rotateG_04\"><\/div>\n\t\t\t\t<div class=\"blockG\" id=\"rotateG_05\"><\/div>\n\t\t\t\t<div class=\"blockG\" id=\"rotateG_06\"><\/div>\n\t\t\t\t<div class=\"blockG\" id=\"rotateG_07\"><\/div>\n\t\t\t\t<div class=\"blockG\" id=\"rotateG_08\"><\/div>\n\t\t\t<\/div>\n\t\t\t<div class=\"WooZone-cross-sell-loader-text\"><\/div>\n\t\t<\/div>\n\t<\/div>\n\n\t\t\n<\/div>\n<div style=\"clear:both;\"><\/div>\n","protected":false},"excerpt":{"rendered":"<p>Geben Sie Ihr Modell ein, um sicherzustellen, dass dieser Artikel passt.<br \/>\n1 St\u00fcck<\/p>\n","protected":false},"featured_media":1769,"comment_status":"open","ping_status":"closed","template":"","meta":{"_acf_changed":false,"rs_blank_template":"","rs_page_bg_color":"","slide_template_v7":""},"product_brand":[],"product_cat":[39,15],"product_tag":[],"class_list":{"0":"post-1768","1":"product","2":"type-product","3":"status-publish","4":"has-post-thumbnail","6":"product_cat-akkordeon","7":"product_cat-shop","8":"pa_brand-marke-weltmeister","9":"pa_herstellerreferenz-746","10":"pa_im-angebot-von-amazon-de-seit-21-august-2019","12":"first","13":"instock","14":"shipping-taxable","15":"purchasable","16":"product-type-simple"},"acf":[],"_links":{"self":[{"href":"https:\/\/www.instrumentbox.de\/index.php?rest_route=\/wp\/v2\/product\/1768","targetHints":{"allow":["GET"]}}],"collection":[{"href":"https:\/\/www.instrumentbox.de\/index.php?rest_route=\/wp\/v2\/product"}],"about":[{"href":"https:\/\/www.instrumentbox.de\/index.php?rest_route=\/wp\/v2\/types\/product"}],"replies":[{"embeddable":true,"href":"https:\/\/www.instrumentbox.de\/index.php?rest_route=%2Fwp%2Fv2%2Fcomments&post=1768"}],"wp:featuredmedia":[{"embeddable":true,"href":"https:\/\/www.instrumentbox.de\/index.php?rest_route=\/wp\/v2\/media\/1769"}],"wp:attachment":[{"href":"https:\/\/www.instrumentbox.de\/index.php?rest_route=%2Fwp%2Fv2%2Fmedia&parent=1768"}],"wp:term":[{"taxonomy":"product_brand","embeddable":true,"href":"https:\/\/www.instrumentbox.de\/index.php?rest_route=%2Fwp%2Fv2%2Fproduct_brand&post=1768"},{"taxonomy":"product_cat","embeddable":true,"href":"https:\/\/www.instrumentbox.de\/index.php?rest_route=%2Fwp%2Fv2%2Fproduct_cat&post=1768"},{"taxonomy":"product_tag","embeddable":true,"href":"https:\/\/www.instrumentbox.de\/index.php?rest_route=%2Fwp%2Fv2%2Fproduct_tag&post=1768"}],"curies":[{"name":"wp","href":"https:\/\/api.w.org\/{rel}","templated":true}]}}