{"id":1778,"date":"2020-07-16T00:46:24","date_gmt":"2020-07-16T00:46:24","guid":{"rendered":"https:\/\/www.instrumentbox.de\/?product=weltmeister-piano-akkordeon-rubin-schwarz"},"modified":"2024-01-03T01:03:16","modified_gmt":"2024-01-03T00:03:16","slug":"weltmeister-piano-akkordeon-rubin-schwarz","status":"publish","type":"product","link":"https:\/\/www.instrumentbox.de\/?product=weltmeister-piano-akkordeon-rubin-schwarz","title":{"rendered":"Weltmeister Piano Akkordeon Rubin schwarz"},"content":{"rendered":"<p><!-- show up to 2 reviews by default --> <\/p>\n<p>Weltmeister Piano Akkordeon Rubin &#8211; schwarz<br \/> Ein kindgerechtes farbenfrohes Sch\u00fclerakkordeon !<br \/> mit schmalen Tasten!<\/p>\n<p> 60 B\u00e4sse<br \/> 30 Diskanttasten (Mediumtastatur, 18,0 mm)<br \/> 2-ch\u00f6rig mit 3 Diskantregistern<br \/> Tonumfang : g-c3<\/p>\n<p> Dieses handliche Instrument hat die gleiche Geh\u00e4usegr\u00f6\u00dfe wie das Modell Perle. <br \/> Die Diskanttastatur umfasst jedoch 30 Tasten (+4 ). <br \/> Wegen der geringeren Tastenbreite (Mediumtastatur 18 mm) ist das Instrument <br \/> besonders f\u00fcr Kinder und Frauen mit kleineren H\u00e4nden geeignet. <br \/> Ein Instrument f\u00fcr den modernen Musikunterricht und f\u00fcr alle Spieler,<br \/> die bei vollem Tonumfang ein geringes Gewicht bevorzugen.<\/p>\n<p> Lieferung inklusive bequemer und stabiler Riemengarnitur <\/p>\n<p> Lieferung ohne Aufpreis im Koffer oder Rucksack, bitte angeben!<\/p>\n<p> Sofern nicht angegeben, liefern wir im Koffer. <\/p>\n<p>Sollte das Instrument f\u00fcuml einen Erwachsenen sein, geben Sie uns bitte auch<br \/> Bescheid, dann legen wir l\u00e4ngere Gurte bei. <\/p>\n<\/p>\n<p>Geben Sie Ihr Modell ein, um sicherzustellen, dass dieser Artikel passt.<br \/>\nWeltmeister Piano Akkordeon Rubin<br \/>\nkleines, leichtes Akkordeon &#8211; schmale Diskantasten 18,0 mm &#8211; Mediumtastatur<br \/>\nDiskant- und Bassregisterdr\u00fccker in schwarz<br \/>\n60 B\u00e4sse, 30 Diskanttasten, 2-ch\u00f6rig<br \/>\nhergestellt in Klingenthal\/Sachsen<br \/>\n<div class=\"main-cross-sell\" data-asin=\"B003TNR6X4\">\n\n\t<div class=\"WooZone-cross-sell-loader\">\n\t\t<div>\n\t\t\t<div id=\"floatingBarsG\">\n\t\t\t\t<div class=\"blockG\" id=\"rotateG_01\"><\/div>\n\t\t\t\t<div class=\"blockG\" id=\"rotateG_02\"><\/div>\n\t\t\t\t<div class=\"blockG\" id=\"rotateG_03\"><\/div>\n\t\t\t\t<div class=\"blockG\" id=\"rotateG_04\"><\/div>\n\t\t\t\t<div class=\"blockG\" id=\"rotateG_05\"><\/div>\n\t\t\t\t<div class=\"blockG\" id=\"rotateG_06\"><\/div>\n\t\t\t\t<div class=\"blockG\" id=\"rotateG_07\"><\/div>\n\t\t\t\t<div class=\"blockG\" id=\"rotateG_08\"><\/div>\n\t\t\t<\/div>\n\t\t\t<div class=\"WooZone-cross-sell-loader-text\"><\/div>\n\t\t<\/div>\n\t<\/div>\n\n\t\t\n<\/div>\n<div style=\"clear:both;\"><\/div>\n","protected":false},"excerpt":{"rendered":"<p>Geben Sie Ihr Modell ein, um sicherzustellen, dass dieser Artikel passt.<br \/>\nWeltmeister Piano Akkordeon Rubin<br \/>\nkleines, leichtes Akkordeon &#8211; schmale Diskantasten 18,0 mm &#8211; Mediumtastatur<\/p>\n","protected":false},"featured_media":1779,"comment_status":"open","ping_status":"closed","template":"","meta":{"_acf_changed":false,"rs_blank_template":"","rs_page_bg_color":"","slide_template_v7":""},"product_brand":[],"product_cat":[39,15],"product_tag":[],"class_list":{"0":"post-1778","1":"product","2":"type-product","3":"status-publish","4":"has-post-thumbnail","6":"product_cat-akkordeon","7":"product_cat-shop","8":"pa_amazon-bestseller-rang-nr-226719-in-musikinstrumente-dj-equipment-siehe-top-100-in-musikinstrumente-dj-equipment-nr-137-in-pianoakkordeons","9":"pa_artikelgewicht-7-kg","10":"pa_brand-marke-weltmeister","11":"pa_im-angebot-von-amazon-de-seit-23-juni-2010","13":"first","14":"instock","15":"shipping-taxable","16":"purchasable","17":"product-type-simple"},"acf":[],"_links":{"self":[{"href":"https:\/\/www.instrumentbox.de\/index.php?rest_route=\/wp\/v2\/product\/1778","targetHints":{"allow":["GET"]}}],"collection":[{"href":"https:\/\/www.instrumentbox.de\/index.php?rest_route=\/wp\/v2\/product"}],"about":[{"href":"https:\/\/www.instrumentbox.de\/index.php?rest_route=\/wp\/v2\/types\/product"}],"replies":[{"embeddable":true,"href":"https:\/\/www.instrumentbox.de\/index.php?rest_route=%2Fwp%2Fv2%2Fcomments&post=1778"}],"wp:featuredmedia":[{"embeddable":true,"href":"https:\/\/www.instrumentbox.de\/index.php?rest_route=\/wp\/v2\/media\/1779"}],"wp:attachment":[{"href":"https:\/\/www.instrumentbox.de\/index.php?rest_route=%2Fwp%2Fv2%2Fmedia&parent=1778"}],"wp:term":[{"taxonomy":"product_brand","embeddable":true,"href":"https:\/\/www.instrumentbox.de\/index.php?rest_route=%2Fwp%2Fv2%2Fproduct_brand&post=1778"},{"taxonomy":"product_cat","embeddable":true,"href":"https:\/\/www.instrumentbox.de\/index.php?rest_route=%2Fwp%2Fv2%2Fproduct_cat&post=1778"},{"taxonomy":"product_tag","embeddable":true,"href":"https:\/\/www.instrumentbox.de\/index.php?rest_route=%2Fwp%2Fv2%2Fproduct_tag&post=1778"}],"curies":[{"name":"wp","href":"https:\/\/api.w.org\/{rel}","templated":true}]}}