{"id":1785,"date":"2020-07-16T00:52:37","date_gmt":"2020-07-16T00:52:37","guid":{"rendered":"https:\/\/www.instrumentbox.de\/?product=hohner-bravo-ii-48-blau-akkordeons-piano-akkordeons"},"modified":"2024-01-03T01:03:16","modified_gmt":"2024-01-03T00:03:16","slug":"hohner-bravo-ii-48-blau-akkordeons-piano-akkordeons","status":"publish","type":"product","link":"https:\/\/www.instrumentbox.de\/?product=hohner-bravo-ii-48-blau-akkordeons-piano-akkordeons","title":{"rendered":"HOHNER BRAVO II 48 BLAU Akkordeons Piano-Akkordeons"},"content":{"rendered":"<p><!-- show up to 2 reviews by default --> <\/p>\n<p>Die robusten und musikalisch vielseitigen Instrumente dieser Serie bieten IhnenLeistungsmerkmale, die bisher nur in wesentlich teureren Instrumenten zu findenwaren \u00e2?? so ist hier schon die T-Tastatur im Einsatz Farben: weiss, schwarz, rot, blau Stimmplatten: Standard Diskant Piano-Tasten: 26 T\u00c3ne: 26 (H \u00e2?? C) Ch\u00c3re im Diskant: 2 Register: 2 Standard Bass B\u00c3\u00a4sse: 48 Ch\u00c3re: 4 Register: &#8211; Gr\u00c3sse in cm: 31 x 18,5 Gewicht in kg: 5,0 Mit Textil Trageriemen und Gigbag. <\/p>\n<div class=\"main-cross-sell\" data-asin=\"B0057UXFM8\">\n\n\t<div class=\"WooZone-cross-sell-loader\">\n\t\t<div>\n\t\t\t<div id=\"floatingBarsG\">\n\t\t\t\t<div class=\"blockG\" id=\"rotateG_01\"><\/div>\n\t\t\t\t<div class=\"blockG\" id=\"rotateG_02\"><\/div>\n\t\t\t\t<div class=\"blockG\" id=\"rotateG_03\"><\/div>\n\t\t\t\t<div class=\"blockG\" id=\"rotateG_04\"><\/div>\n\t\t\t\t<div class=\"blockG\" id=\"rotateG_05\"><\/div>\n\t\t\t\t<div class=\"blockG\" id=\"rotateG_06\"><\/div>\n\t\t\t\t<div class=\"blockG\" id=\"rotateG_07\"><\/div>\n\t\t\t\t<div class=\"blockG\" id=\"rotateG_08\"><\/div>\n\t\t\t<\/div>\n\t\t\t<div class=\"WooZone-cross-sell-loader-text\"><\/div>\n\t\t<\/div>\n\t<\/div>\n\n\t\t\n<\/div>\n<div style=\"clear:both;\"><\/div>\n","protected":false},"excerpt":{"rendered":"<p>Die robusten und musikalisch vielseitigen Instrumente dieser Serie bieten IhnenLeistungsmerkmale, die bisher nur in wesentlich teureren Instrumenten zu findenwaren \u00e2?? so ist hier schon die T-Tastatur im Einsatz Farben: weiss, schwarz, rot, blau Stimmplatten: Standard Diskant Piano-Tasten: 26 T\u00c3ne: 26 (H \u00e2?? C) Ch\u00c3re im Diskant: 2 Register: 2 Standard Bass B\u00c3\u00a4sse: 48 Ch\u00c3re: 4 [&hellip;]<\/p>\n","protected":false},"featured_media":1786,"comment_status":"open","ping_status":"closed","template":"","meta":{"_acf_changed":false,"rs_blank_template":"","rs_page_bg_color":"","slide_template_v7":""},"product_brand":[],"product_cat":[39,15],"product_tag":[],"class_list":{"0":"post-1785","1":"product","2":"type-product","3":"status-publish","4":"has-post-thumbnail","6":"product_cat-akkordeon","7":"product_cat-shop","8":"pa_amazon-bestseller-rang-nr-213147-in-musikinstrumente-dj-equipment-siehe-top-100-in-musikinstrumente-dj-equipment-nr-127-in-pianoakkordeons","9":"pa_brand-marke-hohner","10":"pa_herstellerreferenz-756","11":"pa_im-angebot-von-amazon-de-seit-24-juni-2011","13":"first","14":"instock","15":"shipping-taxable","16":"purchasable","17":"product-type-simple"},"acf":[],"_links":{"self":[{"href":"https:\/\/www.instrumentbox.de\/index.php?rest_route=\/wp\/v2\/product\/1785","targetHints":{"allow":["GET"]}}],"collection":[{"href":"https:\/\/www.instrumentbox.de\/index.php?rest_route=\/wp\/v2\/product"}],"about":[{"href":"https:\/\/www.instrumentbox.de\/index.php?rest_route=\/wp\/v2\/types\/product"}],"replies":[{"embeddable":true,"href":"https:\/\/www.instrumentbox.de\/index.php?rest_route=%2Fwp%2Fv2%2Fcomments&post=1785"}],"wp:featuredmedia":[{"embeddable":true,"href":"https:\/\/www.instrumentbox.de\/index.php?rest_route=\/wp\/v2\/media\/1786"}],"wp:attachment":[{"href":"https:\/\/www.instrumentbox.de\/index.php?rest_route=%2Fwp%2Fv2%2Fmedia&parent=1785"}],"wp:term":[{"taxonomy":"product_brand","embeddable":true,"href":"https:\/\/www.instrumentbox.de\/index.php?rest_route=%2Fwp%2Fv2%2Fproduct_brand&post=1785"},{"taxonomy":"product_cat","embeddable":true,"href":"https:\/\/www.instrumentbox.de\/index.php?rest_route=%2Fwp%2Fv2%2Fproduct_cat&post=1785"},{"taxonomy":"product_tag","embeddable":true,"href":"https:\/\/www.instrumentbox.de\/index.php?rest_route=%2Fwp%2Fv2%2Fproduct_tag&post=1785"}],"curies":[{"name":"wp","href":"https:\/\/api.w.org\/{rel}","templated":true}]}}