{"id":1812,"date":"2020-07-16T00:52:51","date_gmt":"2020-07-16T00:52:51","guid":{"rendered":"https:\/\/www.instrumentbox.de\/?product=hohner-3100-fb-panther-3-reihig-fbe-diatonische-akkordeon"},"modified":"2024-12-23T15:49:47","modified_gmt":"2024-12-23T14:49:47","slug":"hohner-3100-fb-panther-3-reihig-fbe-diatonische-akkordeon","status":"publish","type":"product","link":"https:\/\/www.instrumentbox.de\/?product=hohner-3100-fb-panther-3-reihig-fbe-diatonische-akkordeon","title":{"rendered":"Hohner 3100 Fb, Panther, 3-reihig FBE Diatonische Akkordeon"},"content":{"rendered":"<p><!-- show up to 2 reviews by default --> <\/p>\n<p>Vielleicht ist dies die intuitive Form der Musikmachen: Pick Up ein Instrument, das einfach zu spielen. Wo ist die beachten? Lernt man diese in kurzer Zeit von Herzen \u2013 mit diesen Instrumenten, spielt man nicht dar\u00fcber nachdenken, Musik, man es. Panther ist der g\u00fcnstigste 3 Reihen von Hohner Akkordeon. Es hat viele der gleichen Qualit\u00e4tsmerkmale wie die anderen Hohner three-row Diatonische Akkordeons und Doppelband Klammern. Funktionen: Bass\/Akkord Tasten: 12 H\u00f6hen, Diskant Kn\u00f6pfe: 31 (3 Reihen): 2 Sets Tastenkombination: FBE Farbe: Matt Schwarz lackiert Gewicht: 9 lbs. Gr\u00f6\u00dfe: 19,1 cm tief von 30,5 cm hoch <\/p>\n<p>Geben Sie Ihr Modell ein, um sicherzustellen, dass dieser Artikel passt.<br \/>\nWird in matt schwarz und nur in der Schl\u00fcssel des FBE<br \/>\n31 Tasten, 12 Bass-Kn\u00f6pfe, und eine doppelte Gurt Klammern.<br \/>\nAusgestattet mit Riemen und Hohner diatonische Methode Book.<br \/>\nKeine Gigbag.<br \/>\n<div class=\"main-cross-sell\" data-asin=\"B00CXZNRBE\">\n\n\t<div class=\"WooZone-cross-sell-loader\">\n\t\t<div>\n\t\t\t<div id=\"floatingBarsG\">\n\t\t\t\t<div class=\"blockG\" id=\"rotateG_01\"><\/div>\n\t\t\t\t<div class=\"blockG\" id=\"rotateG_02\"><\/div>\n\t\t\t\t<div class=\"blockG\" id=\"rotateG_03\"><\/div>\n\t\t\t\t<div class=\"blockG\" id=\"rotateG_04\"><\/div>\n\t\t\t\t<div class=\"blockG\" id=\"rotateG_05\"><\/div>\n\t\t\t\t<div class=\"blockG\" id=\"rotateG_06\"><\/div>\n\t\t\t\t<div class=\"blockG\" id=\"rotateG_07\"><\/div>\n\t\t\t\t<div class=\"blockG\" id=\"rotateG_08\"><\/div>\n\t\t\t<\/div>\n\t\t\t<div class=\"WooZone-cross-sell-loader-text\"><\/div>\n\t\t<\/div>\n\t<\/div>\n\n\t\t\n<\/div>\n<div style=\"clear:both;\"><\/div>\n","protected":false},"excerpt":{"rendered":"<p>Geben Sie Ihr Modell ein, um sicherzustellen, dass dieser Artikel passt.<br \/>\nWird in matt schwarz und nur in der Schl\u00fcssel des FBE<br \/>\n31 Tasten, 12 Bass-Kn\u00f6pfe, und eine doppelte Gurt Klammern.<\/p>\n","protected":false},"featured_media":1813,"comment_status":"open","ping_status":"closed","template":"","meta":{"_acf_changed":false,"rs_blank_template":"","rs_page_bg_color":"","slide_template_v7":""},"product_brand":[],"product_cat":[39,15],"product_tag":[],"class_list":{"0":"post-1812","1":"product","2":"type-product","3":"status-publish","4":"has-post-thumbnail","6":"product_cat-akkordeon","7":"product_cat-shop","8":"pa_amazon-bestseller-rang-nr-122032-in-musikinstrumente-dj-equipment-siehe-top-100-in-musikinstrumente-dj-equipment-nr-55-in-knopfakkordeons","9":"pa_artikelgewicht-4-08-kg","10":"pa_brand-marke-hohner","11":"pa_durchschnittliche-kundenbewer-44-von-5-sternen-23-sternebewertungen-44-von-5-sternen","12":"pa_im-angebot-von-amazon-de-seit-5-oktober-2017","13":"pa_modellnummer-3100fb","14":"pa_produktabmessungen-19-05-x-30-48-x-30-48-cm","15":"pa_zusammenbau-noetig-nein","17":"first","18":"instock","19":"shipping-taxable","20":"purchasable","21":"product-type-simple"},"acf":[],"_links":{"self":[{"href":"https:\/\/www.instrumentbox.de\/index.php?rest_route=\/wp\/v2\/product\/1812","targetHints":{"allow":["GET"]}}],"collection":[{"href":"https:\/\/www.instrumentbox.de\/index.php?rest_route=\/wp\/v2\/product"}],"about":[{"href":"https:\/\/www.instrumentbox.de\/index.php?rest_route=\/wp\/v2\/types\/product"}],"replies":[{"embeddable":true,"href":"https:\/\/www.instrumentbox.de\/index.php?rest_route=%2Fwp%2Fv2%2Fcomments&post=1812"}],"wp:featuredmedia":[{"embeddable":true,"href":"https:\/\/www.instrumentbox.de\/index.php?rest_route=\/wp\/v2\/media\/1813"}],"wp:attachment":[{"href":"https:\/\/www.instrumentbox.de\/index.php?rest_route=%2Fwp%2Fv2%2Fmedia&parent=1812"}],"wp:term":[{"taxonomy":"product_brand","embeddable":true,"href":"https:\/\/www.instrumentbox.de\/index.php?rest_route=%2Fwp%2Fv2%2Fproduct_brand&post=1812"},{"taxonomy":"product_cat","embeddable":true,"href":"https:\/\/www.instrumentbox.de\/index.php?rest_route=%2Fwp%2Fv2%2Fproduct_cat&post=1812"},{"taxonomy":"product_tag","embeddable":true,"href":"https:\/\/www.instrumentbox.de\/index.php?rest_route=%2Fwp%2Fv2%2Fproduct_tag&post=1812"}],"curies":[{"name":"wp","href":"https:\/\/api.w.org\/{rel}","templated":true}]}}