{"id":1907,"date":"2020-07-16T01:02:27","date_gmt":"2020-07-16T01:02:27","guid":{"rendered":"https:\/\/www.instrumentbox.de\/?product=zupan-juwel-ivd-harmonika-b-es-as-des-shadow-red"},"modified":"2025-01-20T06:30:22","modified_gmt":"2025-01-20T05:30:22","slug":"zupan-juwel-ivd-harmonika-b-es-as-des-shadow-red","status":"publish","type":"product","link":"https:\/\/www.instrumentbox.de\/?product=zupan-juwel-ivd-harmonika-b-es-as-des-shadow-red","title":{"rendered":"Zupan Juwel IVD Harmonika B-Es-As-Des, Shadow Red"},"content":{"rendered":"<p><!-- show up to 2 reviews by default --> <\/p>\n<p><b>Handwerkskunst und Leidenschaft!<\/b><\/p>\n<p>Zupan Instrumente, seit Jahrzehnten die Top-Marke im Akkordeon- und Harmonika-Bereich nun wieder neu aufgelegt.<\/p>\n<p><b>Zupan geh\u00f6rt schon seit einiger Zeit zu den wohl gefragtesten Herstellern f\u00fcr Akkordeons und Harmonikas auf dem<br \/>gesamten Markt.<\/b><br \/>Sie sind bei Profimusikern genauso wie Amateuren vor allem wegen ihrer unvergleichlichen Zuverl\u00e4ssigkeit, der liebevollen<br \/>Verarbeitung und nat\u00fcrlich ihrem herausragendem Klang \u00e4u\u00dferst beliebt. Ein weiteres Glanzlicht der Zupan Instrumente sind<br \/>ohne Frage die gepolsterten Trageriemen. Die breiten, gepolsterten Riemen bieten h\u00f6chsten Tragekomfort bei robuster<br \/>Verarbeitung. Die Riemen sind dekorativen mit Edelwei\u00df-Stickereien und Ledergurten ausgestattet. Sie lassen sich<br \/>problemlos in der L\u00e4nge auf jeden Spieler anpassen.<\/p>\n<p>Mit Zupan bekommen Sie ein Instrument f\u00fcr&#8217;s Leben, auf das Sie sich jeder Zeit verlassen k\u00f6nnen und das Ihr<br \/>musikalisches Schaffen f\u00f6rdert und unterst\u00fctzt! Deshalb vertrauen soviele internationale Stars auf Handzuginstrumente von<br \/>Zupan. Lassen auch Sie sich begeistern!<\/p>\n<p><b>ZUPAN: Qualit\u00e4t und Werthaltigkeit auf h\u00f6chstem Niveau. Von Profis weltweit empfohlen!<\/b><\/p>\n<\/p>\n<p>Geben Sie Ihr Modell ein, um sicherzustellen, dass dieser Artikel passt.<br \/>\nJuwel Serie, 48 Diskantkn\u00f6pfe, 3-ch\u00f6rig, 4-reihig, 16 Basskn\u00f6pfe, 8 Helikonb\u00e4sse<br \/>\nbesonders pr\u00e4zise, leichtg\u00e4ngige Diskantmechanik mit Perlmuttkn\u00f6pfen und kurzem Tastenhub<br \/>\nspeziell gefertigter und behandelter Balg, neu entwickelte Helikonb\u00e4sse<br \/>\ngef\u00fctterter Balgschoner, 2 Balgverschl\u00fcsse, Ma\u00dfe: 380 x 200 mm, Gewicht: 7,1 kg<br \/>\ninklusive patentierten Ergoline Trageriemen mit Querriemen, inklusive Poliertuch und Luxuskoffer<br \/>\n<div class=\"main-cross-sell\" data-asin=\"B003LQMWOW\">\n\n\t<div class=\"WooZone-cross-sell-loader\">\n\t\t<div>\n\t\t\t<div id=\"floatingBarsG\">\n\t\t\t\t<div class=\"blockG\" id=\"rotateG_01\"><\/div>\n\t\t\t\t<div class=\"blockG\" id=\"rotateG_02\"><\/div>\n\t\t\t\t<div class=\"blockG\" id=\"rotateG_03\"><\/div>\n\t\t\t\t<div class=\"blockG\" id=\"rotateG_04\"><\/div>\n\t\t\t\t<div class=\"blockG\" id=\"rotateG_05\"><\/div>\n\t\t\t\t<div class=\"blockG\" id=\"rotateG_06\"><\/div>\n\t\t\t\t<div class=\"blockG\" id=\"rotateG_07\"><\/div>\n\t\t\t\t<div class=\"blockG\" id=\"rotateG_08\"><\/div>\n\t\t\t<\/div>\n\t\t\t<div class=\"WooZone-cross-sell-loader-text\"><\/div>\n\t\t<\/div>\n\t<\/div>\n\n\t\t\n<\/div>\n<div style=\"clear:both;\"><\/div>\n","protected":false},"excerpt":{"rendered":"<p>Geben Sie Ihr Modell ein, um sicherzustellen, dass dieser Artikel passt.<br \/>\nJuwel Serie, 48 Diskantkn\u00f6pfe, 3-ch\u00f6rig, 4-reihig, 16 Basskn\u00f6pfe, 8 Helikonb\u00e4sse<br \/>\nbesonders pr\u00e4zise, leichtg\u00e4ngige Diskantmechanik mit Perlmuttkn\u00f6pfen und kurzem Tastenhub<\/p>\n","protected":false},"featured_media":1908,"comment_status":"open","ping_status":"closed","template":"","meta":{"_acf_changed":false,"rs_blank_template":"","rs_page_bg_color":"","slide_template_v7":""},"product_brand":[],"product_cat":[39,15],"product_tag":[],"class_list":{"0":"post-1907","1":"product","2":"type-product","3":"status-publish","4":"has-post-thumbnail","6":"product_cat-akkordeon","7":"product_cat-shop","8":"pa_amazon-bestseller-rang-nr-265421-in-musikinstrumente-dj-equipment-siehe-top-100-in-musikinstrumente-dj-equipment-nr-158-in-knopfakkordeons","9":"pa_artikelgewicht-14-1-kg","10":"pa_brand-marke-zupan","11":"pa_herstellerreferenz-885","12":"pa_im-angebot-von-amazon-de-seit-11-mai-2010","13":"pa_verpackungsabmessungen-54-x-54-x-31-cm","15":"first","16":"instock","17":"shipping-taxable","18":"purchasable","19":"product-type-simple"},"acf":[],"_links":{"self":[{"href":"https:\/\/www.instrumentbox.de\/index.php?rest_route=\/wp\/v2\/product\/1907","targetHints":{"allow":["GET"]}}],"collection":[{"href":"https:\/\/www.instrumentbox.de\/index.php?rest_route=\/wp\/v2\/product"}],"about":[{"href":"https:\/\/www.instrumentbox.de\/index.php?rest_route=\/wp\/v2\/types\/product"}],"replies":[{"embeddable":true,"href":"https:\/\/www.instrumentbox.de\/index.php?rest_route=%2Fwp%2Fv2%2Fcomments&post=1907"}],"wp:featuredmedia":[{"embeddable":true,"href":"https:\/\/www.instrumentbox.de\/index.php?rest_route=\/wp\/v2\/media\/1908"}],"wp:attachment":[{"href":"https:\/\/www.instrumentbox.de\/index.php?rest_route=%2Fwp%2Fv2%2Fmedia&parent=1907"}],"wp:term":[{"taxonomy":"product_brand","embeddable":true,"href":"https:\/\/www.instrumentbox.de\/index.php?rest_route=%2Fwp%2Fv2%2Fproduct_brand&post=1907"},{"taxonomy":"product_cat","embeddable":true,"href":"https:\/\/www.instrumentbox.de\/index.php?rest_route=%2Fwp%2Fv2%2Fproduct_cat&post=1907"},{"taxonomy":"product_tag","embeddable":true,"href":"https:\/\/www.instrumentbox.de\/index.php?rest_route=%2Fwp%2Fv2%2Fproduct_tag&post=1907"}],"curies":[{"name":"wp","href":"https:\/\/api.w.org\/{rel}","templated":true}]}}