{"id":1925,"date":"2020-07-16T01:07:16","date_gmt":"2020-07-16T01:07:16","guid":{"rendered":"https:\/\/www.instrumentbox.de\/?product=zupan-alpe-iv-96-mh-akkordeon-palisander"},"modified":"2025-01-24T22:05:30","modified_gmt":"2025-01-24T21:05:30","slug":"zupan-alpe-iv-96-mh-akkordeon-palisander","status":"publish","type":"product","link":"https:\/\/www.instrumentbox.de\/?product=zupan-alpe-iv-96-mh-akkordeon-palisander","title":{"rendered":"Zupan Alpe IV 96 MH Akkordeon Palisander"},"content":{"rendered":"<p><!-- show up to 2 reviews by default --> <\/p>\n<p><b>Handwerkskunst und Leidenschaft!<\/b><\/p>\n<p>Als <b>europaweiter Exklusiv-Vertrieb<\/b> freuen wir uns Ihnen die hochwertigen <b>Akkordeons und Harmonikas aus dem<br \/>Hause Zupan<\/b> ab sofort zu sensationell g\u00fcnstigen Preisen, in gro\u00dfer Auswahl und nat\u00fcrlich mit fachkundigem Service<br \/>anbieten zu k\u00f6nnen.<\/p>\n<p><b>Zupan geh\u00f6rt schon seit einiger Zeit zu den wohl gefragtesten Herstellern f\u00fcr Akkordeons und Harmonikas auf dem<br \/>gesamten Markt. <\/b>Sie sind bei Profimusikern genauso wie Amateuren vor allem wegen ihrer unvergleichlichen<br \/>Zuverl\u00e4ssigkeit, der liebevollen Verarbeitung und nat\u00fcrlich ihrem herausragendem Klang \u00e4u\u00dferst beliebt.<\/p>\n<p>Mit Zupan bekommen Sie ein Instrument f\u00fcr&#8217;s Leben, auf das Sie sich jeder Zeit verlassen k\u00f6nnen und das Ihr<br \/>musikalisches Schaffen f\u00f6rdert und unterst\u00fctzt! <b>Deshalb vertrauen soviele internationale Stars auf Handzuginstrumente<br \/>von Zupan. Lassen auch Sie sich begeistern!<\/b><\/p>\n<\/p>\n<p>Geben Sie Ihr Modell ein, um sicherzustellen, dass dieser Artikel passt.<br \/>\nAlpe Serie, 38 Diskanttasten, 4-ch\u00f6rig, 9+1 Register, 96 Basskn\u00f6pfe<br \/>\nspeziell gefertigter und behandelter Balg, aufwendig gearbeitetes Chromverdeck<br \/>\nger\u00e4uscharme und leichtg\u00e4ngige Regosterschaltung, gef\u00fctterter Balgschoner, 2 Balgverschl\u00fcsse<br \/>\nMa\u00dfe: 450 x 200 mm, Gewicht: 10,4 kg, inklusive Trageriemen mit Querriemen<br \/>\ninklusive Poliertuch und Luxuskoffer<br \/>\n<div class=\"main-cross-sell\" data-asin=\"B003LQSA9I\">\n\n\t<div class=\"WooZone-cross-sell-loader\">\n\t\t<div>\n\t\t\t<div id=\"floatingBarsG\">\n\t\t\t\t<div class=\"blockG\" id=\"rotateG_01\"><\/div>\n\t\t\t\t<div class=\"blockG\" id=\"rotateG_02\"><\/div>\n\t\t\t\t<div class=\"blockG\" id=\"rotateG_03\"><\/div>\n\t\t\t\t<div class=\"blockG\" id=\"rotateG_04\"><\/div>\n\t\t\t\t<div class=\"blockG\" id=\"rotateG_05\"><\/div>\n\t\t\t\t<div class=\"blockG\" id=\"rotateG_06\"><\/div>\n\t\t\t\t<div class=\"blockG\" id=\"rotateG_07\"><\/div>\n\t\t\t\t<div class=\"blockG\" id=\"rotateG_08\"><\/div>\n\t\t\t<\/div>\n\t\t\t<div class=\"WooZone-cross-sell-loader-text\"><\/div>\n\t\t<\/div>\n\t<\/div>\n\n\t\t\n<\/div>\n<div style=\"clear:both;\"><\/div>\n","protected":false},"excerpt":{"rendered":"<p>Geben Sie Ihr Modell ein, um sicherzustellen, dass dieser Artikel passt.<br \/>\nAlpe Serie, 38 Diskanttasten, 4-ch\u00f6rig, 9+1 Register, 96 Basskn\u00f6pfe<br \/>\nspeziell gefertigter und behandelter Balg, aufwendig gearbeitetes Chromverdeck<\/p>\n","protected":false},"featured_media":1926,"comment_status":"open","ping_status":"closed","template":"","meta":{"_acf_changed":false,"rs_blank_template":"","rs_page_bg_color":"","slide_template_v7":""},"product_brand":[],"product_cat":[39,15],"product_tag":[],"class_list":{"0":"post-1925","1":"product","2":"type-product","3":"status-publish","4":"has-post-thumbnail","6":"product_cat-akkordeon","7":"product_cat-shop","8":"pa_amazon-bestseller-rang-nr-262991-in-musikinstrumente-dj-equipment-siehe-top-100-in-musikinstrumente-dj-equipment-nr-186-in-pianoakkordeons","9":"pa_artikelgewicht-18-6-kg","10":"pa_brand-marke-zupan","11":"pa_herstellerreferenz-902","12":"pa_im-angebot-von-amazon-de-seit-11-mai-2010","13":"pa_verpackungsabmessungen-67-x-60-x-35-cm","15":"first","16":"instock","17":"shipping-taxable","18":"purchasable","19":"product-type-simple"},"acf":[],"_links":{"self":[{"href":"https:\/\/www.instrumentbox.de\/index.php?rest_route=\/wp\/v2\/product\/1925","targetHints":{"allow":["GET"]}}],"collection":[{"href":"https:\/\/www.instrumentbox.de\/index.php?rest_route=\/wp\/v2\/product"}],"about":[{"href":"https:\/\/www.instrumentbox.de\/index.php?rest_route=\/wp\/v2\/types\/product"}],"replies":[{"embeddable":true,"href":"https:\/\/www.instrumentbox.de\/index.php?rest_route=%2Fwp%2Fv2%2Fcomments&post=1925"}],"wp:featuredmedia":[{"embeddable":true,"href":"https:\/\/www.instrumentbox.de\/index.php?rest_route=\/wp\/v2\/media\/1926"}],"wp:attachment":[{"href":"https:\/\/www.instrumentbox.de\/index.php?rest_route=%2Fwp%2Fv2%2Fmedia&parent=1925"}],"wp:term":[{"taxonomy":"product_brand","embeddable":true,"href":"https:\/\/www.instrumentbox.de\/index.php?rest_route=%2Fwp%2Fv2%2Fproduct_brand&post=1925"},{"taxonomy":"product_cat","embeddable":true,"href":"https:\/\/www.instrumentbox.de\/index.php?rest_route=%2Fwp%2Fv2%2Fproduct_cat&post=1925"},{"taxonomy":"product_tag","embeddable":true,"href":"https:\/\/www.instrumentbox.de\/index.php?rest_route=%2Fwp%2Fv2%2Fproduct_tag&post=1925"}],"curies":[{"name":"wp","href":"https:\/\/api.w.org\/{rel}","templated":true}]}}