{"id":1932,"date":"2020-07-16T01:07:21","date_gmt":"2020-07-16T01:07:21","guid":{"rendered":"https:\/\/www.instrumentbox.de\/?product=zupan-alpe-iii-72-mh-akkordeon-schwarz"},"modified":"2024-12-27T09:56:59","modified_gmt":"2024-12-27T08:56:59","slug":"zupan-alpe-iii-72-mh-akkordeon-schwarz","status":"publish","type":"product","link":"https:\/\/www.instrumentbox.de\/?product=zupan-alpe-iii-72-mh-akkordeon-schwarz","title":{"rendered":"Zupan Alpe III 72 MH Akkordeon schwarz"},"content":{"rendered":"<p><!-- show up to 2 reviews by default --> <\/p>\n<p><b>Handwerkskunst und Leidenschaft! <\/b><\/p>\n<p>Als <b>europaweiter Exklusiv-Vertrieb<\/b> freuen wir uns Ihnen die hochwertigen <b>Akkordeons und Harmonikas aus dem Hause Zupan<\/b> ab sofort <br \/> zu sensationell g\u00fcnstigen Preisen, in gro\u00dfer Auswahl und nat\u00fcrlich mit fachkundigem Service anbieten zu k\u00f6nnen.<\/p>\n<p><b>Zupan geh\u00f6rt schon seit einiger Zeit zu den wohl gefragtesten Herstellern f\u00fcr Akkordeons und Harmonikas auf dem gesamten Markt.<br \/><\/b>Sie sind bei Profimusikern genauso wie Amateuren vor allem wegen ihrer unvergleichlichen Zuverl\u00e4ssigkeit, der liebevollen Verarbeitung und nat\u00fcrlich ihrem herausragendem Klang \u00e4u\u00dferst beliebt. <\/p>\n<p>Ein weiteres Glanzlicht der Zupan Instrumente sind ohne Frage die <b>patentierten Ergoline Trageriemen.<\/b> Diese orthop\u00e4dischen Gurte wurden speziell so entwickelt, dass sie nicht auf dem Schulterblatt aufliegen und dadurch den R\u00fccken entlasten. Ein ergonomischer Gurt f\u00fcr h\u00f6chsten Tragekomfort!<\/p>\n<p>Mit Zupan bekommen Sie ein Instrument f\u00fcr&#8217;s Leben, auf das Sie sich jeder Zeit verlassen k\u00f6nnen und das Ihr musikalisches Schaffen f\u00f6rdert und unterst\u00fctzt! <b>Deshalb vertrauen soviele internationale Stars auf Handzuginstrumente von Zupan. Lassen auch Sie sich begeistern!<\/b><\/p>\n<\/p>\n<p>Geben Sie Ihr Modell ein, um sicherzustellen, dass dieser Artikel passt.<br \/>\nAlpe Serie, 34 Diskanttasten, 3-ch\u00f6rig, 5+1 Register im Diskant, 72 Basskn\u00f6pfe, Helikonb\u00e4sse<br \/>\nbesonders pr\u00e4zise, leichtg\u00e4ngige Diskantmechanik mit Holztastatur und Perlmuttauflage<br \/>\nBesonders weite Mensur, gr. Perlmutt-Luftknopf, spez. gefertigter Balg, gef\u00fctterter Balgschoner<br \/>\naufwendig gearbeitetes Chromverdeck, ger\u00e4uscharme und leichtg\u00e4ngige Registerschaltung<br \/>\n2 Balgverschl\u00fcsse, inklusive Ergoline Trageriemen, Luxuskoffer und Poliertuch<br \/>\n<div class=\"main-cross-sell\" data-asin=\"B002ZOAS10\">\n\n\t<div class=\"WooZone-cross-sell-loader\">\n\t\t<div>\n\t\t\t<div id=\"floatingBarsG\">\n\t\t\t\t<div class=\"blockG\" id=\"rotateG_01\"><\/div>\n\t\t\t\t<div class=\"blockG\" id=\"rotateG_02\"><\/div>\n\t\t\t\t<div class=\"blockG\" id=\"rotateG_03\"><\/div>\n\t\t\t\t<div class=\"blockG\" id=\"rotateG_04\"><\/div>\n\t\t\t\t<div class=\"blockG\" id=\"rotateG_05\"><\/div>\n\t\t\t\t<div class=\"blockG\" id=\"rotateG_06\"><\/div>\n\t\t\t\t<div class=\"blockG\" id=\"rotateG_07\"><\/div>\n\t\t\t\t<div class=\"blockG\" id=\"rotateG_08\"><\/div>\n\t\t\t<\/div>\n\t\t\t<div class=\"WooZone-cross-sell-loader-text\"><\/div>\n\t\t<\/div>\n\t<\/div>\n\n\t\t\n<\/div>\n<div style=\"clear:both;\"><\/div>\n","protected":false},"excerpt":{"rendered":"<p>Geben Sie Ihr Modell ein, um sicherzustellen, dass dieser Artikel passt.<br \/>\nAlpe Serie, 34 Diskanttasten, 3-ch\u00f6rig, 5+1 Register im Diskant, 72 Basskn\u00f6pfe, Helikonb\u00e4sse<br \/>\nbesonders pr\u00e4zise, leichtg\u00e4ngige Diskantmechanik mit Holztastatur und Perlmuttauflage<\/p>\n","protected":false},"featured_media":1933,"comment_status":"open","ping_status":"closed","template":"","meta":{"_acf_changed":false,"rs_blank_template":"","rs_page_bg_color":"","slide_template_v7":""},"product_brand":[],"product_cat":[39,15],"product_tag":[],"class_list":{"0":"post-1932","1":"product","2":"type-product","3":"status-publish","4":"has-post-thumbnail","6":"product_cat-akkordeon","7":"product_cat-shop","8":"pa_amazon-bestseller-rang-nr-265817-in-musikinstrumente-dj-equipment-siehe-top-100-in-musikinstrumente-dj-equipment-nr-232-in-pianoakkordeons","9":"pa_artikelgewicht-15-3-kg","10":"pa_brand-marke-zupan","11":"pa_herstellerreferenz-909","12":"pa_im-angebot-von-amazon-de-seit-3-dezember-2009","13":"pa_verpackungsabmessungen-63-x-58-x-33-cm","15":"first","16":"instock","17":"shipping-taxable","18":"purchasable","19":"product-type-simple"},"acf":[],"_links":{"self":[{"href":"https:\/\/www.instrumentbox.de\/index.php?rest_route=\/wp\/v2\/product\/1932","targetHints":{"allow":["GET"]}}],"collection":[{"href":"https:\/\/www.instrumentbox.de\/index.php?rest_route=\/wp\/v2\/product"}],"about":[{"href":"https:\/\/www.instrumentbox.de\/index.php?rest_route=\/wp\/v2\/types\/product"}],"replies":[{"embeddable":true,"href":"https:\/\/www.instrumentbox.de\/index.php?rest_route=%2Fwp%2Fv2%2Fcomments&post=1932"}],"wp:featuredmedia":[{"embeddable":true,"href":"https:\/\/www.instrumentbox.de\/index.php?rest_route=\/wp\/v2\/media\/1933"}],"wp:attachment":[{"href":"https:\/\/www.instrumentbox.de\/index.php?rest_route=%2Fwp%2Fv2%2Fmedia&parent=1932"}],"wp:term":[{"taxonomy":"product_brand","embeddable":true,"href":"https:\/\/www.instrumentbox.de\/index.php?rest_route=%2Fwp%2Fv2%2Fproduct_brand&post=1932"},{"taxonomy":"product_cat","embeddable":true,"href":"https:\/\/www.instrumentbox.de\/index.php?rest_route=%2Fwp%2Fv2%2Fproduct_cat&post=1932"},{"taxonomy":"product_tag","embeddable":true,"href":"https:\/\/www.instrumentbox.de\/index.php?rest_route=%2Fwp%2Fv2%2Fproduct_tag&post=1932"}],"curies":[{"name":"wp","href":"https:\/\/api.w.org\/{rel}","templated":true}]}}