{"id":1934,"date":"2020-07-16T01:07:22","date_gmt":"2020-07-16T01:07:22","guid":{"rendered":"https:\/\/www.instrumentbox.de\/?product=zupan-juwel-iv-96-mhr-akkordeon-shadow-red"},"modified":"2025-01-24T22:20:16","modified_gmt":"2025-01-24T21:20:16","slug":"zupan-juwel-iv-96-mhr-akkordeon-shadow-red","status":"publish","type":"product","link":"https:\/\/www.instrumentbox.de\/?product=zupan-juwel-iv-96-mhr-akkordeon-shadow-red","title":{"rendered":"Zupan Juwel IV 96 MHR Akkordeon Shadow Red"},"content":{"rendered":"<p><!-- show up to 2 reviews by default --> <\/p>\n<p><b>Handwerkskunst und Leidenschaft!<\/b><\/p>\n<p>Zupan Instrumente, seit Jahrzehnten die Top-Marke im Akkordeon- und Harmonika-Bereich nun wieder neu aufgelegt. Zupan<br \/>geh\u00f6rt schon seiteiniger Zeit zu den wohl gefragtesten Herstellern f\u00fcr Akkordeons und Harmonikas auf dem gesamten<br \/>Markt.Sie sind bei Profimusikern<br \/>genauso wie Amateuren vor allem wegen ihrer unvergleichlichen Zuverl\u00e4ssigkeit, der liebevollen Verarbeitung und nat\u00fcrlich<br \/>ihrem herausragendemKlang \u00e4u\u00dferst beliebt.<\/p>\n<p>Mit Zupan bekommen Sie ein Instrument f\u00fcr&#8217;s Leben, auf das Sie sich jeder Zeit verlassen k\u00f6nnen und das Ihr<br \/>musikalisches Schaffen f\u00f6rdert und unterst\u00fctzt!<b><br \/><\/b>Deshalb vertrauen soviele internationale Stars auf Handzuginstrumente von Zupan. Lassen auch Sie sich begeistern!<\/p>\n<p><b>ZUPAN: Qualit\u00e4t und Werthaltigkeit auf h\u00f6chstem Niveau. Von Profis weltweit empfohlen.<\/b><\/p>\n<\/p>\n<p>Geben Sie Ihr Modell ein, um sicherzustellen, dass dieser Artikel passt.<br \/>\nJuwel Serie, 38 Diskanttasten, 4-ch\u00f6rig, 9+1 Register, 96 Basskn\u00f6pfe, 4-ch\u00f6rig, 3+1 Register<br \/>\nbesonders pr\u00e4zise, leichtg\u00e4ngige Diskantmechanik mit Holztastatur und Perlmuttauflage<br \/>\nbesonders weite Mensur, gro\u00dfer Perlmutt-Luftknopf, speziell gefertigter und behandelter Balg<br \/>\ngef\u00fctterter Balgschoner, 2 Balgverschl\u00fcsse, Ma\u00dfe: 450 x 200 mm, Gewicht: 9,9 kg<br \/>\ninklusive Trageriemen mit Querriemen, inklusive Poliertuch und Luxuskoffer<br \/>\n<div class=\"main-cross-sell\" data-asin=\"B003LQMWZ6\">\n\n\t<div class=\"WooZone-cross-sell-loader\">\n\t\t<div>\n\t\t\t<div id=\"floatingBarsG\">\n\t\t\t\t<div class=\"blockG\" id=\"rotateG_01\"><\/div>\n\t\t\t\t<div class=\"blockG\" id=\"rotateG_02\"><\/div>\n\t\t\t\t<div class=\"blockG\" id=\"rotateG_03\"><\/div>\n\t\t\t\t<div class=\"blockG\" id=\"rotateG_04\"><\/div>\n\t\t\t\t<div class=\"blockG\" id=\"rotateG_05\"><\/div>\n\t\t\t\t<div class=\"blockG\" id=\"rotateG_06\"><\/div>\n\t\t\t\t<div class=\"blockG\" id=\"rotateG_07\"><\/div>\n\t\t\t\t<div class=\"blockG\" id=\"rotateG_08\"><\/div>\n\t\t\t<\/div>\n\t\t\t<div class=\"WooZone-cross-sell-loader-text\"><\/div>\n\t\t<\/div>\n\t<\/div>\n\n\t\t\n<\/div>\n<div style=\"clear:both;\"><\/div>\n","protected":false},"excerpt":{"rendered":"<p>Geben Sie Ihr Modell ein, um sicherzustellen, dass dieser Artikel passt.<br \/>\nJuwel Serie, 38 Diskanttasten, 4-ch\u00f6rig, 9+1 Register, 96 Basskn\u00f6pfe, 4-ch\u00f6rig, 3+1 Register<br \/>\nbesonders pr\u00e4zise, leichtg\u00e4ngige Diskantmechanik mit Holztastatur und Perlmuttauflage<\/p>\n","protected":false},"featured_media":1935,"comment_status":"open","ping_status":"closed","template":"","meta":{"_acf_changed":false,"rs_blank_template":"","rs_page_bg_color":"","slide_template_v7":""},"product_brand":[],"product_cat":[39,15],"product_tag":[],"class_list":{"0":"post-1934","1":"product","2":"type-product","3":"status-publish","4":"has-post-thumbnail","6":"product_cat-akkordeon","7":"product_cat-shop","8":"pa_artikelgewicht-18-6-kg","9":"pa_brand-marke-zupan","10":"pa_herstellerreferenz-913","11":"pa_im-angebot-von-amazon-de-seit-11-mai-2010","12":"pa_verpackungsabmessungen-67-x-60-x-35-cm","14":"first","15":"instock","16":"shipping-taxable","17":"purchasable","18":"product-type-simple"},"acf":[],"_links":{"self":[{"href":"https:\/\/www.instrumentbox.de\/index.php?rest_route=\/wp\/v2\/product\/1934","targetHints":{"allow":["GET"]}}],"collection":[{"href":"https:\/\/www.instrumentbox.de\/index.php?rest_route=\/wp\/v2\/product"}],"about":[{"href":"https:\/\/www.instrumentbox.de\/index.php?rest_route=\/wp\/v2\/types\/product"}],"replies":[{"embeddable":true,"href":"https:\/\/www.instrumentbox.de\/index.php?rest_route=%2Fwp%2Fv2%2Fcomments&post=1934"}],"wp:featuredmedia":[{"embeddable":true,"href":"https:\/\/www.instrumentbox.de\/index.php?rest_route=\/wp\/v2\/media\/1935"}],"wp:attachment":[{"href":"https:\/\/www.instrumentbox.de\/index.php?rest_route=%2Fwp%2Fv2%2Fmedia&parent=1934"}],"wp:term":[{"taxonomy":"product_brand","embeddable":true,"href":"https:\/\/www.instrumentbox.de\/index.php?rest_route=%2Fwp%2Fv2%2Fproduct_brand&post=1934"},{"taxonomy":"product_cat","embeddable":true,"href":"https:\/\/www.instrumentbox.de\/index.php?rest_route=%2Fwp%2Fv2%2Fproduct_cat&post=1934"},{"taxonomy":"product_tag","embeddable":true,"href":"https:\/\/www.instrumentbox.de\/index.php?rest_route=%2Fwp%2Fv2%2Fproduct_tag&post=1934"}],"curies":[{"name":"wp","href":"https:\/\/api.w.org\/{rel}","templated":true}]}}