{"id":1998,"date":"2020-07-16T01:16:11","date_gmt":"2020-07-16T01:16:11","guid":{"rendered":"https:\/\/www.instrumentbox.de\/?product=yamaha-ydp-143r-digital-piano"},"modified":"2024-01-03T01:15:07","modified_gmt":"2024-01-03T00:15:07","slug":"yamaha-ydp-143r-digital-piano","status":"publish","type":"product","link":"https:\/\/www.instrumentbox.de\/?product=yamaha-ydp-143r-digital-piano","title":{"rendered":"Yamaha YDP-143R Digital Piano"},"content":{"rendered":"<p><!-- show up to 2 reviews by default --> <\/p>\n<p>Das Yamaha Arius YDP-143 Digitalpiano bietet aufstrebenden Pianisten ein authentisches Spielgef\u00fchl und ein realistisches H\u00f6rerlebnis. Die Graded Hammer Standard (GHS) Tastatur hilft Ihre Fingertechnik zu verbessern und trainiert Ihre Fingerkraft f\u00fcr einen leichten \u00dcbergang zu einem akustischen Instrument. Die verbesserte Pure CF Klangerzeugung sorgt f\u00fcr hochaufl\u00f6sende ausdrucksstarke Aufnahmen des Yamaha CFIIIS Konzertfl\u00fcgels. Digital reproduzierte D\u00e4mpfer Resonanzen erschaffen eine realistische Nachbildung f\u00fcr das Spiel mit gehaltenem Pedal, w\u00e4hrend neue, verbesserte Hall Effekte Sie in den H\u00f6rgenuss verschiedener R\u00e4ume versetzen. Die 192 fache Polyphonie l\u00e4sst Sie auch komplexe Passagen ohne Notenaussetzer spielen, und l\u00e4sst gehaltene T\u00f6ne wirklich ausklingen. Das Arius YDP-143 ist in Rosenholz oder schwarzer Walnuss Oberfl\u00e4che erh\u00e4ltlich. Das Geh\u00e4use passt durch sein stylisches Design in jede Wohnumgebung. <\/p>\n<p>Geben Sie Ihr Modell ein, um sicherzustellen, dass dieser Artikel passt.<br \/>\nGraded Hammer Standard (GHS) Tastaturmit 88 Tasten und matttschwarzen Decklagen192fache PolyphoniePure CF Sound Energie10 KlangfarbenUSB to Host, 2 Kopfh\u00f6rer-Anschl\u00fcsse<br \/>\n4 Reverb TypenDual Funktion und Duo Mode2 Spur Aufnahme 10 Voice Demos und 50 Preset Songs6W + 6W Verst\u00e4rkerFarbe: Rosenholz<br \/>\nErweiterungen zum Vorg\u00e4ngermodell (YDP-142):Weiterentwickelte Pure CF Sound EnginePolyphonie erweitert auf 192 Stimmen<br \/>\n<div class=\"main-cross-sell\" data-asin=\"B01EV2I5C2\">\n\n\t<div class=\"WooZone-cross-sell-loader\">\n\t\t<div>\n\t\t\t<div id=\"floatingBarsG\">\n\t\t\t\t<div class=\"blockG\" id=\"rotateG_01\"><\/div>\n\t\t\t\t<div class=\"blockG\" id=\"rotateG_02\"><\/div>\n\t\t\t\t<div class=\"blockG\" id=\"rotateG_03\"><\/div>\n\t\t\t\t<div class=\"blockG\" id=\"rotateG_04\"><\/div>\n\t\t\t\t<div class=\"blockG\" id=\"rotateG_05\"><\/div>\n\t\t\t\t<div class=\"blockG\" id=\"rotateG_06\"><\/div>\n\t\t\t\t<div class=\"blockG\" id=\"rotateG_07\"><\/div>\n\t\t\t\t<div class=\"blockG\" id=\"rotateG_08\"><\/div>\n\t\t\t<\/div>\n\t\t\t<div class=\"WooZone-cross-sell-loader-text\"><\/div>\n\t\t<\/div>\n\t<\/div>\n\n\t\t\n<\/div>\n<div style=\"clear:both;\"><\/div>\n","protected":false},"excerpt":{"rendered":"<p>Geben Sie Ihr Modell ein, um sicherzustellen, dass dieser Artikel passt.<br \/>\nGraded Hammer Standard (GHS) Tastaturmit 88 Tasten und matttschwarzen Decklagen192fache PolyphoniePure CF Sound Energie10 KlangfarbenUSB to Host, 2 Kopfh\u00f6rer-Anschl\u00fcsse<br \/>\n4 Reverb TypenDual Funktion und Duo Mode2 Spur Aufnahme 10 Voice Demos und 50 Preset Songs6W + 6W Verst\u00e4rkerFarbe: Rosenholz<\/p>\n","protected":false},"featured_media":1999,"comment_status":"open","ping_status":"closed","template":"","meta":{"_acf_changed":false,"rs_blank_template":"","rs_page_bg_color":"","slide_template_v7":""},"product_brand":[],"product_cat":[41,15],"product_tag":[],"class_list":{"0":"post-1998","1":"product","2":"type-product","3":"status-publish","4":"has-post-thumbnail","6":"product_cat-klavier","7":"product_cat-shop","8":"pa_amazon-bestseller-rang-nr-28588-in-musikinstrumente-dj-equipment-siehe-top-100-in-musikinstrumente-dj-equipment-nr-132-in-digital-pianos","9":"pa_anzahl-tasten-952","10":"pa_artikelgewicht-40-kg","11":"pa_brand-marke-yamaha","12":"pa_durchschnittliche-kundenbewer-50-von-5-sternen-11-sternebewertungen-50-von-5-sternen","13":"pa_farbe-dunkle-rosenholz","14":"pa_im-angebot-von-amazon-de-seit-7-april-2016","15":"pa_modellnummer-nydp143ruk","16":"pa_verpackungsabmessungen-142-x-56-4-x-43-4-cm","17":"pa_zusammenbau-noetig-nein","19":"first","20":"instock","21":"shipping-taxable","22":"purchasable","23":"product-type-simple"},"acf":[],"_links":{"self":[{"href":"https:\/\/www.instrumentbox.de\/index.php?rest_route=\/wp\/v2\/product\/1998","targetHints":{"allow":["GET"]}}],"collection":[{"href":"https:\/\/www.instrumentbox.de\/index.php?rest_route=\/wp\/v2\/product"}],"about":[{"href":"https:\/\/www.instrumentbox.de\/index.php?rest_route=\/wp\/v2\/types\/product"}],"replies":[{"embeddable":true,"href":"https:\/\/www.instrumentbox.de\/index.php?rest_route=%2Fwp%2Fv2%2Fcomments&post=1998"}],"wp:featuredmedia":[{"embeddable":true,"href":"https:\/\/www.instrumentbox.de\/index.php?rest_route=\/wp\/v2\/media\/1999"}],"wp:attachment":[{"href":"https:\/\/www.instrumentbox.de\/index.php?rest_route=%2Fwp%2Fv2%2Fmedia&parent=1998"}],"wp:term":[{"taxonomy":"product_brand","embeddable":true,"href":"https:\/\/www.instrumentbox.de\/index.php?rest_route=%2Fwp%2Fv2%2Fproduct_brand&post=1998"},{"taxonomy":"product_cat","embeddable":true,"href":"https:\/\/www.instrumentbox.de\/index.php?rest_route=%2Fwp%2Fv2%2Fproduct_cat&post=1998"},{"taxonomy":"product_tag","embeddable":true,"href":"https:\/\/www.instrumentbox.de\/index.php?rest_route=%2Fwp%2Fv2%2Fproduct_tag&post=1998"}],"curies":[{"name":"wp","href":"https:\/\/api.w.org\/{rel}","templated":true}]}}