{"id":2096,"date":"2020-07-16T08:11:25","date_gmt":"2020-07-16T08:11:25","guid":{"rendered":"https:\/\/www.instrumentbox.de\/?product=nuvo-student-flute-schwarz-silber-stimmung-c"},"modified":"2024-01-03T01:20:11","modified_gmt":"2024-01-03T00:20:11","slug":"nuvo-student-flute-schwarz-silber-stimmung-c","status":"publish","type":"product","link":"https:\/\/www.instrumentbox.de\/?product=nuvo-student-flute-schwarz-silber-stimmung-c","title":{"rendered":"NUVO Student Flute schwarz-silber, Stimmung C"},"content":{"rendered":"<p><!-- show up to 2 reviews by default --> <\/p>\n<p>Die NUVO Student Flute ist eine Querfl\u00f6te in C-Stimmung. F\u00fcr den leichten Einstieg sind im Lieferumfang die Klappeneinlagen mit zus\u00e4tzlichen Fingerbuttons, die Extension f\u00fcr den Gis-Hebel und eine auswechselbare \u201eFirstnote\u201c Mundlochplatte mit Blockfl\u00f6tenschnabel enthalten.<br \/>Sie eignet sich hervorragend f\u00fcr Kinder und Jugendliche wegen ihrer Robustheit und Unempfindlichkeit.<br \/>Die Student Flute ist aus &#8220;Leicht Polymer&#8221;, ein modernes Kunststoffmaterial, das auch 100% wasserfest ist. Der authentische und tragende Klang des Materials bewahrt zudem den Klangcharakter der traditionellen Instrumente.<br \/>Im Set enthalten sind: Etui mit Trageriemen, Klappeneinlagen mit Fingerbuttons, kleines Werkzeugset, NUVO Spezialfett f\u00fcr die Verbindungen, Durchziehwischer und Spielanleitung <\/p>\n<p>Lieferbar sind die Farben Carbon Fiber Effect, Electric Blue, Laser Green, Pretty Pink, schwarz-silber, wei\u00df-blau, wei\u00df-gr\u00fcn und wei\u00df-pink.<\/p>\n<p>Features:<br \/>T\u00dcV gepr\u00fcfte Materialen<br \/>gerades Kopfst\u00fcck<br \/>Stimmung C<br \/>C- Fu\u00df<br \/>Gewicht: 255 Gramm<br \/>100% Wasserfest<br \/> &#8220;First Note&#8221; Mundlochplatte<br \/>Material Korpus: Leicht- Polymer mit rutschhemmender Einlage<br \/>Farbe: schwarz\/ silber<br \/>Mechanik: vorgezogenes G, Trillerklappen, einstellbare Mechanik, sechskant Einstellschrauben, gesicherte Krone, einstellbare Stimmung, Edelstahlachsen, Silikonpolster, silberfarbene Klappeneinlagen, ansetzbare Fingerbuttons, wechselbare Mundlochplatte<br \/>Zubeh\u00f6r: Etui mit Trageriemen, Klappeneinlagen mit Fingerbuttons, kleines Werkzeugset, NUVO Spezialfett f\u00fcr die Verbindungen, Durchziehwischer, Spielanleitung<br \/>optional erh\u00e4ltliches gebogenes Kopfst\u00fcck<\/p>\n<p>Geben Sie Ihr Modell ein, um sicherzustellen, dass dieser Artikel passt.<br \/>\nSet in schwarz-silber mit Etui und Zubeh\u00f6r<br \/>\ntiefster Ton C<br \/>\ngerades Kopfst\u00fcck<br \/>\nC-Fu\u00df<br \/>\nMaterial: Leicht Polymer, Gewicht: 255 Gramm<br \/>\n<div class=\"main-cross-sell\" data-asin=\"B00L2EBYZI\">\n\n\t<div class=\"WooZone-cross-sell-loader\">\n\t\t<div>\n\t\t\t<div id=\"floatingBarsG\">\n\t\t\t\t<div class=\"blockG\" id=\"rotateG_01\"><\/div>\n\t\t\t\t<div class=\"blockG\" id=\"rotateG_02\"><\/div>\n\t\t\t\t<div class=\"blockG\" id=\"rotateG_03\"><\/div>\n\t\t\t\t<div class=\"blockG\" id=\"rotateG_04\"><\/div>\n\t\t\t\t<div class=\"blockG\" id=\"rotateG_05\"><\/div>\n\t\t\t\t<div class=\"blockG\" id=\"rotateG_06\"><\/div>\n\t\t\t\t<div class=\"blockG\" id=\"rotateG_07\"><\/div>\n\t\t\t\t<div class=\"blockG\" id=\"rotateG_08\"><\/div>\n\t\t\t<\/div>\n\t\t\t<div class=\"WooZone-cross-sell-loader-text\"><\/div>\n\t\t<\/div>\n\t<\/div>\n\n\t\t\n<\/div>\n<div style=\"clear:both;\"><\/div>\n","protected":false},"excerpt":{"rendered":"<p>Geben Sie Ihr Modell ein, um sicherzustellen, dass dieser Artikel passt.<br \/>\nSet in schwarz-silber mit Etui und Zubeh\u00f6r<br \/>\ntiefster Ton C<\/p>\n","protected":false},"featured_media":2097,"comment_status":"open","ping_status":"closed","template":"","meta":{"_acf_changed":false,"rs_blank_template":"","rs_page_bg_color":"","slide_template_v7":""},"product_brand":[],"product_cat":[15],"product_tag":[],"class_list":{"0":"post-2096","1":"product","2":"type-product","3":"status-publish","4":"has-post-thumbnail","6":"product_cat-shop","7":"pa_amazon-bestseller-rang-nr-32896-in-musikinstrumente-dj-equipment-siehe-top-100-in-musikinstrumente-dj-equipment-nr-158-in-sopranblockfloeten","8":"pa_artikelgewicht-1-09-kg","9":"pa_brand-nuvo","10":"pa_durchschnittliche-kundenbewer-38-von-5-sternen-6-sternebewertungen-38-von-5-sternen","11":"pa_im-angebot-von-amazon-de-seit-9-september-2013","12":"pa_modellnummer-n210sfbk","13":"pa_produktabmessungen-50-x-16-x-10-cm","14":"pa_zusammenbau-noetig-nein","16":"first","17":"instock","18":"shipping-taxable","19":"purchasable","20":"product-type-simple"},"acf":[],"_links":{"self":[{"href":"https:\/\/www.instrumentbox.de\/index.php?rest_route=\/wp\/v2\/product\/2096","targetHints":{"allow":["GET"]}}],"collection":[{"href":"https:\/\/www.instrumentbox.de\/index.php?rest_route=\/wp\/v2\/product"}],"about":[{"href":"https:\/\/www.instrumentbox.de\/index.php?rest_route=\/wp\/v2\/types\/product"}],"replies":[{"embeddable":true,"href":"https:\/\/www.instrumentbox.de\/index.php?rest_route=%2Fwp%2Fv2%2Fcomments&post=2096"}],"wp:featuredmedia":[{"embeddable":true,"href":"https:\/\/www.instrumentbox.de\/index.php?rest_route=\/wp\/v2\/media\/2097"}],"wp:attachment":[{"href":"https:\/\/www.instrumentbox.de\/index.php?rest_route=%2Fwp%2Fv2%2Fmedia&parent=2096"}],"wp:term":[{"taxonomy":"product_brand","embeddable":true,"href":"https:\/\/www.instrumentbox.de\/index.php?rest_route=%2Fwp%2Fv2%2Fproduct_brand&post=2096"},{"taxonomy":"product_cat","embeddable":true,"href":"https:\/\/www.instrumentbox.de\/index.php?rest_route=%2Fwp%2Fv2%2Fproduct_cat&post=2096"},{"taxonomy":"product_tag","embeddable":true,"href":"https:\/\/www.instrumentbox.de\/index.php?rest_route=%2Fwp%2Fv2%2Fproduct_tag&post=2096"}],"curies":[{"name":"wp","href":"https:\/\/api.w.org\/{rel}","templated":true}]}}