{"id":2136,"date":"2020-07-16T08:18:44","date_gmt":"2020-07-16T08:18:44","guid":{"rendered":"https:\/\/www.instrumentbox.de\/?product=yamaha-alto-venova-yvs120"},"modified":"2025-01-25T00:21:07","modified_gmt":"2025-01-24T23:21:07","slug":"yamaha-alto-venova-yvs120","status":"publish","type":"product","link":"https:\/\/www.instrumentbox.de\/?product=yamaha-alto-venova-yvs120","title":{"rendered":"YVS-120 Alto Venova \u2013 Blockfl\u00f6te mit Saxophonklang \u2013 Mit Transporttasche, Rohrblatt, Mundst\u00fcck und Begleitheft \u2013 In wei\u00df"},"content":{"rendered":"<p><!-- show up to 2 reviews by default --> <\/p>\n<h3>Produktbeschreibung<\/h3>\n<p>Das Alt-Venova in F erweitert die Familie dieser neuartigen Blasinstrumente, welche die Ausdruckskraft eines Einfachrohrblattinstruments mit einem simplen, blockfl\u00f6ten\u00e4hnlichen Griffsystem bieten. Es ist pflegeleicht und extrem robust, und so kompakt und leicht, dass Sie es \u00fcberallhin mitnehmen und Musik machen k\u00f6nnen. <\/p>\n<h3>Produktbeschreibung des Herstellers<\/h3>\n<p>Das Alt-Venova in F erweitert die Familie dieser neuartigen Blasinstrumente, welche die Ausdruckskraft eines Einfachrohrblattinstruments mit einem simplen, blockfl\u00f6ten\u00e4hnlichen Griffsystem bieten. Es ist pflegeleicht und extrem robust, und so kompakt und leicht, dass Sie es \u00fcberallhin mitnehmen und Musik machen k\u00f6nnen. <\/p>\n<p>Geben Sie Ihr Modell ein, um sicherzustellen, dass dieser Artikel passt.<br \/>\nAlt-Venova in F<br \/>\nErzeugt einen vollen, ausdrucksstarken Klang, \u00e4hnlich dem eines Saxophons<br \/>\nLeichte Griffweise, die an eine Blockfl\u00f6te erinnert<br \/>\nSehr wartungsarm und kann mit warmem Wasser gereinigt werden<br \/>\nDas Set enth\u00e4lt alles, was Sie f\u00fcr den Einstieg ben\u00f6tigen<br \/>\n<div class=\"main-cross-sell\" data-asin=\"B07WC5RZ1T\">\n\n\t<div class=\"WooZone-cross-sell-loader\">\n\t\t<div>\n\t\t\t<div id=\"floatingBarsG\">\n\t\t\t\t<div class=\"blockG\" id=\"rotateG_01\"><\/div>\n\t\t\t\t<div class=\"blockG\" id=\"rotateG_02\"><\/div>\n\t\t\t\t<div class=\"blockG\" id=\"rotateG_03\"><\/div>\n\t\t\t\t<div class=\"blockG\" id=\"rotateG_04\"><\/div>\n\t\t\t\t<div class=\"blockG\" id=\"rotateG_05\"><\/div>\n\t\t\t\t<div class=\"blockG\" id=\"rotateG_06\"><\/div>\n\t\t\t\t<div class=\"blockG\" id=\"rotateG_07\"><\/div>\n\t\t\t\t<div class=\"blockG\" id=\"rotateG_08\"><\/div>\n\t\t\t<\/div>\n\t\t\t<div class=\"WooZone-cross-sell-loader-text\"><\/div>\n\t\t<\/div>\n\t<\/div>\n\n\t\t\n<\/div>\n<div style=\"clear:both;\"><\/div>\n","protected":false},"excerpt":{"rendered":"<p>Geben Sie Ihr Modell ein, um sicherzustellen, dass dieser Artikel passt.<br \/>\nAlt-Venova in F<br \/>\nErzeugt einen vollen, ausdrucksstarken Klang, \u00e4hnlich dem eines Saxophons<\/p>\n","protected":false},"featured_media":2137,"comment_status":"open","ping_status":"closed","template":"","meta":{"_acf_changed":false,"rs_blank_template":"","rs_page_bg_color":"","slide_template_v7":""},"product_brand":[],"product_cat":[114,15],"product_tag":[],"class_list":{"0":"post-2136","1":"product","2":"type-product","3":"status-publish","4":"has-post-thumbnail","6":"product_cat-blasinstrument","7":"product_cat-shop","8":"pa_amazon-bestseller-rang-nr-39015-in-musikinstrumente-dj-equipment-siehe-top-100-in-musikinstrumente-dj-equipment-nr-64-in-floeten-musikinstrumente-dj-equipment","9":"pa_artikelgewicht-1-9-kg","10":"pa_brand-yamaha","11":"pa_durchschnittliche-kundenbewer-33-von-5-sternen-8-sternebewertungen-33-von-5-sternen","12":"pa_im-angebot-von-amazon-de-seit-21-november-2019","13":"pa_modellnummer-bvenovayvs120","14":"pa_produktabmessungen-59-x-9-6-x-5-5-cm","15":"pa_zusammenbau-noetig-nein","17":"first","18":"instock","19":"shipping-taxable","20":"purchasable","21":"product-type-simple"},"acf":[],"_links":{"self":[{"href":"https:\/\/www.instrumentbox.de\/index.php?rest_route=\/wp\/v2\/product\/2136","targetHints":{"allow":["GET"]}}],"collection":[{"href":"https:\/\/www.instrumentbox.de\/index.php?rest_route=\/wp\/v2\/product"}],"about":[{"href":"https:\/\/www.instrumentbox.de\/index.php?rest_route=\/wp\/v2\/types\/product"}],"replies":[{"embeddable":true,"href":"https:\/\/www.instrumentbox.de\/index.php?rest_route=%2Fwp%2Fv2%2Fcomments&post=2136"}],"wp:featuredmedia":[{"embeddable":true,"href":"https:\/\/www.instrumentbox.de\/index.php?rest_route=\/wp\/v2\/media\/2137"}],"wp:attachment":[{"href":"https:\/\/www.instrumentbox.de\/index.php?rest_route=%2Fwp%2Fv2%2Fmedia&parent=2136"}],"wp:term":[{"taxonomy":"product_brand","embeddable":true,"href":"https:\/\/www.instrumentbox.de\/index.php?rest_route=%2Fwp%2Fv2%2Fproduct_brand&post=2136"},{"taxonomy":"product_cat","embeddable":true,"href":"https:\/\/www.instrumentbox.de\/index.php?rest_route=%2Fwp%2Fv2%2Fproduct_cat&post=2136"},{"taxonomy":"product_tag","embeddable":true,"href":"https:\/\/www.instrumentbox.de\/index.php?rest_route=%2Fwp%2Fv2%2Fproduct_tag&post=2136"}],"curies":[{"name":"wp","href":"https:\/\/api.w.org\/{rel}","templated":true}]}}