{"id":2140,"date":"2020-07-16T08:18:45","date_gmt":"2020-07-16T08:18:45","guid":{"rendered":"https:\/\/www.instrumentbox.de\/?product=yamaha-venova-yvs100-blockfloete-mit-saxophonklang"},"modified":"2025-01-23T21:45:44","modified_gmt":"2025-01-23T20:45:44","slug":"yamaha-venova-yvs100-blockfloete-mit-saxophonklang","status":"publish","type":"product","link":"https:\/\/www.instrumentbox.de\/?product=yamaha-venova-yvs100-blockfloete-mit-saxophonklang","title":{"rendered":"YVS-100 Venova \u2013 Blockfl\u00f6te mit Saxophonklang \u2013 Mit Transporttasche, Rohrblatt, Mundst\u00fcck und Begleitheft \u2013 In wei\u00df"},"content":{"rendered":"<p><!-- show up to 2 reviews by default --> <\/p>\n<h3>Produktbeschreibung<\/h3>\n<p>Denk nicht dar\u00fcber nach, Musik machen ist so einfach.<br \/>Einfach zu s\u00e4ubern &amp; kann soger Nass werden.<br \/>Sorge f\u00fcr gute Stimmung, wo auch immer du bist &#8211; am Strand, beim Grillen oder sogar beim Campen.<br \/>Ein leichtes, kompaktes Musikinstrument, das du \u00fcberall mitnehmen kannst.<br \/>Egal, ob du nur f\u00fcr einen Tag unterwegs bist, oder vielleicht sogar eine Reise machst.<br \/>Mit dem Venova wirst du sehr viel mehr Spa\u00df haben!<br \/>Klang und Gr\u00f6\u00dfe werden erm\u00f6glicht durch innovative Technologien.<br \/>Aus strapazierf\u00e4higem Material.<br \/>Ein \u00fcppiger, ausdrucksstarker Klang und authentische Blasresonanz.<br \/>Spiel ungezwungen mit Freunden, <br \/>bei Musiksessions oder sogar <br \/>Live-Auftritten<br \/>Einfache Griffweise \u00e4hnlich wie <br \/>bei der Blockfl\u00f6te. <\/p>\n<h3>Rechtliche Hinweise<\/h3>\n<p>Privatverkauf <\/p>\n<p>Geben Sie Ihr Modell ein, um sicherzustellen, dass dieser Artikel passt.<br \/>\nStabiler K\u00f6rper aus ABS Kunststoff, mit Wasser waschbar, leicht zu s\u00e4ubernde StrukturEinzelrohrblattinstrument, das verschiedenste Klangnuancen erzeugen kann<br \/>\nDurch Original von Yamaha entwickelte &#8220;branched pipe&#8221; Technologie in Kombination mit dem verschlungenen Rohrdesign \u00fcberrraschend voller, Saxophon-\u00e4hnlicher Klang in unglaublich kompakter Gr\u00f6\u00dfe<br \/>\nDurch einen Tonumfang \u00fcber 2 Oktaven ist eine gro\u00dfe Anzahl an Songs m\u00f6glichGriffweise leicht zu erlernen, sogar f\u00fcr Einsteiger<br \/>\n<div class=\"main-cross-sell\" data-asin=\"B06Y216PKV\">\n\n\t<div class=\"WooZone-cross-sell-loader\">\n\t\t<div>\n\t\t\t<div id=\"floatingBarsG\">\n\t\t\t\t<div class=\"blockG\" id=\"rotateG_01\"><\/div>\n\t\t\t\t<div class=\"blockG\" id=\"rotateG_02\"><\/div>\n\t\t\t\t<div class=\"blockG\" id=\"rotateG_03\"><\/div>\n\t\t\t\t<div class=\"blockG\" id=\"rotateG_04\"><\/div>\n\t\t\t\t<div class=\"blockG\" id=\"rotateG_05\"><\/div>\n\t\t\t\t<div class=\"blockG\" id=\"rotateG_06\"><\/div>\n\t\t\t\t<div class=\"blockG\" id=\"rotateG_07\"><\/div>\n\t\t\t\t<div class=\"blockG\" id=\"rotateG_08\"><\/div>\n\t\t\t<\/div>\n\t\t\t<div class=\"WooZone-cross-sell-loader-text\"><\/div>\n\t\t<\/div>\n\t<\/div>\n\n\t\t\n<\/div>\n<div style=\"clear:both;\"><\/div>\n","protected":false},"excerpt":{"rendered":"<p>Geben Sie Ihr Modell ein, um sicherzustellen, dass dieser Artikel passt.<br \/>\nStabiler K\u00f6rper aus ABS Kunststoff, mit Wasser waschbar, leicht zu s\u00e4ubernde StrukturEinzelrohrblattinstrument, das verschiedenste Klangnuancen erzeugen kann<br \/>\nDurch Original von Yamaha entwickelte &#8220;branched pipe&#8221; Technologie in Kombination mit dem verschlungenen Rohrdesign \u00fcberrraschend voller, Saxophon-\u00e4hnlicher Klang in unglaublich kompakter Gr\u00f6\u00dfe<\/p>\n","protected":false},"featured_media":2141,"comment_status":"open","ping_status":"closed","template":"","meta":{"_acf_changed":false,"rs_blank_template":"","rs_page_bg_color":"","slide_template_v7":""},"product_brand":[],"product_cat":[114,15],"product_tag":[],"class_list":{"0":"post-2140","1":"product","2":"type-product","3":"status-publish","4":"has-post-thumbnail","6":"product_cat-blasinstrument","7":"product_cat-shop","8":"pa_amazon-bestseller-rang-nr-9451-in-musikinstrumente-dj-equipment-siehe-top-100-in-musikinstrumente-dj-equipment-nr-1-in-sopranosaxophon","9":"pa_artikelgewicht-180-g","10":"pa_brand-yamaha","11":"pa_durchschnittliche-kundenbewer-39-von-5-sternen-194-sternebewertungen-39-von-5-sternen","12":"pa_im-angebot-von-amazon-de-seit-5-april-2017","13":"pa_modellnummer-yvs-100-venova","14":"pa_produktabmessungen-46-x-5-5-x-9-cm","15":"pa_zusammenbau-noetig-nein","17":"first","18":"instock","19":"shipping-taxable","20":"purchasable","21":"product-type-simple"},"acf":[],"_links":{"self":[{"href":"https:\/\/www.instrumentbox.de\/index.php?rest_route=\/wp\/v2\/product\/2140","targetHints":{"allow":["GET"]}}],"collection":[{"href":"https:\/\/www.instrumentbox.de\/index.php?rest_route=\/wp\/v2\/product"}],"about":[{"href":"https:\/\/www.instrumentbox.de\/index.php?rest_route=\/wp\/v2\/types\/product"}],"replies":[{"embeddable":true,"href":"https:\/\/www.instrumentbox.de\/index.php?rest_route=%2Fwp%2Fv2%2Fcomments&post=2140"}],"wp:featuredmedia":[{"embeddable":true,"href":"https:\/\/www.instrumentbox.de\/index.php?rest_route=\/wp\/v2\/media\/2141"}],"wp:attachment":[{"href":"https:\/\/www.instrumentbox.de\/index.php?rest_route=%2Fwp%2Fv2%2Fmedia&parent=2140"}],"wp:term":[{"taxonomy":"product_brand","embeddable":true,"href":"https:\/\/www.instrumentbox.de\/index.php?rest_route=%2Fwp%2Fv2%2Fproduct_brand&post=2140"},{"taxonomy":"product_cat","embeddable":true,"href":"https:\/\/www.instrumentbox.de\/index.php?rest_route=%2Fwp%2Fv2%2Fproduct_cat&post=2140"},{"taxonomy":"product_tag","embeddable":true,"href":"https:\/\/www.instrumentbox.de\/index.php?rest_route=%2Fwp%2Fv2%2Fproduct_tag&post=2140"}],"curies":[{"name":"wp","href":"https:\/\/api.w.org\/{rel}","templated":true}]}}