{"id":2273,"date":"2020-07-16T08:56:26","date_gmt":"2020-07-16T08:56:26","guid":{"rendered":"https:\/\/www.instrumentbox.de\/?product=karl-glaser-b-klarinette-deutsches-system-mit-koffer-mundstueck-blaettchen"},"modified":"2025-01-23T22:21:50","modified_gmt":"2025-01-23T21:21:50","slug":"karl-glaser-b-klarinette-deutsches-system-mit-koffer-mundstueck-blaettchen","status":"publish","type":"product","link":"https:\/\/www.instrumentbox.de\/?product=karl-glaser-b-klarinette-deutsches-system-mit-koffer-mundstueck-blaettchen","title":{"rendered":"Karl Glaser B &#8211; Klarinette, Deutsches System, mit Koffer, Mundst\u00fcck + Bl\u00e4ttchen"},"content":{"rendered":"<p><!-- show up to 2 reviews by default --> <\/p>\n<p>Markeninstrument: &#8220;Karl Glaser &#8221; Ein Qualit\u00e4tsinstrument in solider Verarbeitung. Ideal f\u00fcr den Einsteiger. Die Klarinette hat eine gute Intonation, eine leichte Ansprache und ist somit hervorragend f\u00fcr den Unterricht geeignet. Ein erstklassiges Lerninstrument. Die Lieferung erfolgt inklusive Korkfett, Mundst\u00fcck und Bl\u00e4ttchen im stabilen Softkoffer. <\/p>\n<p>Geben Sie Ihr Modell ein, um sicherzustellen, dass dieser Artikel passt.<br \/>\nDeutsches System<br \/>\nStimmung: Bb16 Klappen, 6 Ringe<br \/>\nKorpus: Kunststoff Ebonit, schwarz<br \/>\nGesamtl\u00e4nge: 66,5 cm, Schallbecher: 7,9 cm<br \/>\ninklusive Korkfett, Mundst\u00fcck und Bl\u00e4ttchen im stabilen Softkoffer.<br \/>\n<div class=\"main-cross-sell\" data-asin=\"B077YJQ2VS\">\n\n\t<div class=\"WooZone-cross-sell-loader\">\n\t\t<div>\n\t\t\t<div id=\"floatingBarsG\">\n\t\t\t\t<div class=\"blockG\" id=\"rotateG_01\"><\/div>\n\t\t\t\t<div class=\"blockG\" id=\"rotateG_02\"><\/div>\n\t\t\t\t<div class=\"blockG\" id=\"rotateG_03\"><\/div>\n\t\t\t\t<div class=\"blockG\" id=\"rotateG_04\"><\/div>\n\t\t\t\t<div class=\"blockG\" id=\"rotateG_05\"><\/div>\n\t\t\t\t<div class=\"blockG\" id=\"rotateG_06\"><\/div>\n\t\t\t\t<div class=\"blockG\" id=\"rotateG_07\"><\/div>\n\t\t\t\t<div class=\"blockG\" id=\"rotateG_08\"><\/div>\n\t\t\t<\/div>\n\t\t\t<div class=\"WooZone-cross-sell-loader-text\"><\/div>\n\t\t<\/div>\n\t<\/div>\n\n\t\t\n<\/div>\n<div style=\"clear:both;\"><\/div>\n","protected":false},"excerpt":{"rendered":"<p>Geben Sie Ihr Modell ein, um sicherzustellen, dass dieser Artikel passt.<br \/>\nDeutsches System<br \/>\nStimmung: Bb16 Klappen, 6 Ringe<\/p>\n","protected":false},"featured_media":2274,"comment_status":"open","ping_status":"closed","template":"","meta":{"_acf_changed":false,"rs_blank_template":"","rs_page_bg_color":"","slide_template_v7":""},"product_brand":[],"product_cat":[114,15],"product_tag":[],"class_list":{"0":"post-2273","1":"product","2":"type-product","3":"status-publish","4":"has-post-thumbnail","6":"product_cat-blasinstrument","7":"product_cat-shop","8":"pa_amazon-bestseller-rang-nr-13679-in-musikinstrumente-dj-equipment-siehe-top-100-in-musikinstrumente-dj-equipment-nr-41-in-klarinetten-musikinstrumente-dj-equipment","9":"pa_brand-karl-glaser","10":"pa_durchschnittliche-kundenbewer-30-von-5-sternen-4-sternebewertungen-30-von-5-sternen","11":"pa_herstellerreferenz-1204","12":"pa_im-angebot-von-amazon-de-seit-6-dezember-2017","13":"pa_zusammenbau-noetig-nein","15":"first","16":"instock","17":"shipping-taxable","18":"purchasable","19":"product-type-simple"},"acf":[],"_links":{"self":[{"href":"https:\/\/www.instrumentbox.de\/index.php?rest_route=\/wp\/v2\/product\/2273","targetHints":{"allow":["GET"]}}],"collection":[{"href":"https:\/\/www.instrumentbox.de\/index.php?rest_route=\/wp\/v2\/product"}],"about":[{"href":"https:\/\/www.instrumentbox.de\/index.php?rest_route=\/wp\/v2\/types\/product"}],"replies":[{"embeddable":true,"href":"https:\/\/www.instrumentbox.de\/index.php?rest_route=%2Fwp%2Fv2%2Fcomments&post=2273"}],"wp:featuredmedia":[{"embeddable":true,"href":"https:\/\/www.instrumentbox.de\/index.php?rest_route=\/wp\/v2\/media\/2274"}],"wp:attachment":[{"href":"https:\/\/www.instrumentbox.de\/index.php?rest_route=%2Fwp%2Fv2%2Fmedia&parent=2273"}],"wp:term":[{"taxonomy":"product_brand","embeddable":true,"href":"https:\/\/www.instrumentbox.de\/index.php?rest_route=%2Fwp%2Fv2%2Fproduct_brand&post=2273"},{"taxonomy":"product_cat","embeddable":true,"href":"https:\/\/www.instrumentbox.de\/index.php?rest_route=%2Fwp%2Fv2%2Fproduct_cat&post=2273"},{"taxonomy":"product_tag","embeddable":true,"href":"https:\/\/www.instrumentbox.de\/index.php?rest_route=%2Fwp%2Fv2%2Fproduct_tag&post=2273"}],"curies":[{"name":"wp","href":"https:\/\/api.w.org\/{rel}","templated":true}]}}