{"id":2289,"date":"2020-07-16T08:56:34","date_gmt":"2020-07-16T08:56:34","guid":{"rendered":"https:\/\/www.instrumentbox.de\/?product=steinbach-bb-klarinette-deutsches-system-mit-16-klappen-4-ringe"},"modified":"2025-01-23T22:33:15","modified_gmt":"2025-01-23T21:33:15","slug":"steinbach-bb-klarinette-deutsches-system-mit-16-klappen-4-ringe","status":"publish","type":"product","link":"https:\/\/www.instrumentbox.de\/?product=steinbach-bb-klarinette-deutsches-system-mit-16-klappen-4-ringe","title":{"rendered":"Steinbach Bb Klarinette deutsches System mit 16 Klappen 4 Ringe"},"content":{"rendered":"<p><!-- show up to 2 reviews by default --> <\/p>\n<p> Marke: Steinbach <\/p>\n<p> Klarinette <\/p>\n<p> Gestimmt in: B <\/p>\n<p> Farbe: Schwarz <\/p>\n<p> Korpus: Ebonit <\/p>\n<p> Durchmesser: 7, 6 cm <\/p>\n<p> Klappen: 16 Neusilber versilbert, 6 Ringe <\/p>\n<p> System: Deutsche Griffweise <\/p>\n<p> Verbreitungsgebiet: Deutschland, \u00d6sterreich, Schweiz <\/p>\n<p> Lieferumfang: <\/p>\n<p> Instrument <\/p>\n<p> Koffer <\/p>\n<p> Mundst\u00fcck <\/p>\n<p> Blattschraube <\/p>\n<p> Kapsel <\/p>\n<p> Einsatzgebiet: <\/p>\n<p> Sch\u00fclerinstrument, Standardklasse <\/p>\n<\/p>\n<div class=\"main-cross-sell\" data-asin=\"B018R9WJAE\">\n\n\t<div class=\"WooZone-cross-sell-loader\">\n\t\t<div>\n\t\t\t<div id=\"floatingBarsG\">\n\t\t\t\t<div class=\"blockG\" id=\"rotateG_01\"><\/div>\n\t\t\t\t<div class=\"blockG\" id=\"rotateG_02\"><\/div>\n\t\t\t\t<div class=\"blockG\" id=\"rotateG_03\"><\/div>\n\t\t\t\t<div class=\"blockG\" id=\"rotateG_04\"><\/div>\n\t\t\t\t<div class=\"blockG\" id=\"rotateG_05\"><\/div>\n\t\t\t\t<div class=\"blockG\" id=\"rotateG_06\"><\/div>\n\t\t\t\t<div class=\"blockG\" id=\"rotateG_07\"><\/div>\n\t\t\t\t<div class=\"blockG\" id=\"rotateG_08\"><\/div>\n\t\t\t<\/div>\n\t\t\t<div class=\"WooZone-cross-sell-loader-text\"><\/div>\n\t\t<\/div>\n\t<\/div>\n\n\t\t\n<\/div>\n<div style=\"clear:both;\"><\/div>\n","protected":false},"excerpt":{"rendered":"<p>Marke: Steinbach Klarinette Gestimmt in: B Farbe: Schwarz Korpus: Ebonit Durchmesser: 7, 6 cm Klappen: 16 Neusilber versilbert, 6 Ringe System: Deutsche Griffweise Verbreitungsgebiet: Deutschland, \u00d6sterreich, Schweiz Lieferumfang: Instrument Koffer Mundst\u00fcck Blattschraube Kapsel Einsatzgebiet: Sch\u00fclerinstrument, Standardklasse<\/p>\n","protected":false},"featured_media":2290,"comment_status":"open","ping_status":"closed","template":"","meta":{"_acf_changed":false,"rs_blank_template":"","rs_page_bg_color":"","slide_template_v7":""},"product_brand":[],"product_cat":[114,15],"product_tag":[],"class_list":{"0":"post-2289","1":"product","2":"type-product","3":"status-publish","4":"has-post-thumbnail","6":"product_cat-blasinstrument","7":"product_cat-shop","8":"pa_amazon-bestseller-rang-nr-16420-in-musikinstrumente-dj-equipment-siehe-top-100-in-musikinstrumente-dj-equipment-nr-59-in-klarinetten-musikinstrumente-dj-equipment","9":"pa_brand-steinbach","10":"pa_durchschnittliche-kundenbewer-47-von-5-sternen-2-sternebewertungen-47-von-5-sternen","11":"pa_groesse-onesize","12":"pa_herstellerreferenz-fd544c3788d299b66-91680300","13":"pa_im-angebot-von-amazon-de-seit-9-november-2019","15":"first","16":"instock","17":"shipping-taxable","18":"purchasable","19":"product-type-simple"},"acf":[],"_links":{"self":[{"href":"https:\/\/www.instrumentbox.de\/index.php?rest_route=\/wp\/v2\/product\/2289","targetHints":{"allow":["GET"]}}],"collection":[{"href":"https:\/\/www.instrumentbox.de\/index.php?rest_route=\/wp\/v2\/product"}],"about":[{"href":"https:\/\/www.instrumentbox.de\/index.php?rest_route=\/wp\/v2\/types\/product"}],"replies":[{"embeddable":true,"href":"https:\/\/www.instrumentbox.de\/index.php?rest_route=%2Fwp%2Fv2%2Fcomments&post=2289"}],"wp:featuredmedia":[{"embeddable":true,"href":"https:\/\/www.instrumentbox.de\/index.php?rest_route=\/wp\/v2\/media\/2290"}],"wp:attachment":[{"href":"https:\/\/www.instrumentbox.de\/index.php?rest_route=%2Fwp%2Fv2%2Fmedia&parent=2289"}],"wp:term":[{"taxonomy":"product_brand","embeddable":true,"href":"https:\/\/www.instrumentbox.de\/index.php?rest_route=%2Fwp%2Fv2%2Fproduct_brand&post=2289"},{"taxonomy":"product_cat","embeddable":true,"href":"https:\/\/www.instrumentbox.de\/index.php?rest_route=%2Fwp%2Fv2%2Fproduct_cat&post=2289"},{"taxonomy":"product_tag","embeddable":true,"href":"https:\/\/www.instrumentbox.de\/index.php?rest_route=%2Fwp%2Fv2%2Fproduct_tag&post=2289"}],"curies":[{"name":"wp","href":"https:\/\/api.w.org\/{rel}","templated":true}]}}