{"id":2321,"date":"2020-07-16T09:02:47","date_gmt":"2020-07-16T09:02:47","guid":{"rendered":"https:\/\/www.instrumentbox.de\/?product=playlite-hybrid-tuba-von-gear4music-schwarz"},"modified":"2024-01-03T02:16:47","modified_gmt":"2024-01-03T01:16:47","slug":"playlite-hybrid-tuba-von-gear4music-schwarz","status":"publish","type":"product","link":"https:\/\/www.instrumentbox.de\/?product=playlite-hybrid-tuba-von-gear4music-schwarz","title":{"rendered":"playLITE Hybrid-Tuba von Gear4music schwarz"},"content":{"rendered":"<p><!-- show up to 2 reviews by default --> <\/p>\n<p>Die playLITE Hybrid-Tuba in B von Gear4music mit schwarz-wei\u00dfem Design ist eine leichtgewichtige Alternative zur traditionellen Messingtuba. Das Instrument besitzt einen Korpus aus ABS-Kunststoff und ist ideal f\u00fcr j\u00fcngere Interpreten oder Profis die auf der Suche nach einem Alternativinstrument sind. Die leichtg\u00e4ngigen Aluminiumventile sorgen f\u00fcr ein gro\u00dfartiges Spielgef\u00fchl. Die playLITE-Tuba mit vier Ventilen besitzt die klassische Tubaform und hat einen authentischen Klang und klare Projektion. Im Lieferumfang sind au\u00dfer der Tuba auch ein Kunststoffmundst\u00fcck und ein Hartschaumkoffer enthalten. <\/p>\n<p>Geben Sie Ihr Modell ein, um sicherzustellen, dass dieser Artikel passt.<br \/>\n4 leichtg\u00e4ngige Drehventile mit Alu-Auskleidung<br \/>\nLeichte Tuba mit 4 Ventilen<br \/>\nSchwarzer Kunststoffkorpus<br \/>\nMundst\u00fcck und Hartschalenkoffer enthalten<br \/>\nF\u00fcr alle Tuba-Spieler geeignet<br \/>\n<div class=\"main-cross-sell\" data-asin=\"B01BLFQYZW\">\n\n\t<div class=\"WooZone-cross-sell-loader\">\n\t\t<div>\n\t\t\t<div id=\"floatingBarsG\">\n\t\t\t\t<div class=\"blockG\" id=\"rotateG_01\"><\/div>\n\t\t\t\t<div class=\"blockG\" id=\"rotateG_02\"><\/div>\n\t\t\t\t<div class=\"blockG\" id=\"rotateG_03\"><\/div>\n\t\t\t\t<div class=\"blockG\" id=\"rotateG_04\"><\/div>\n\t\t\t\t<div class=\"blockG\" id=\"rotateG_05\"><\/div>\n\t\t\t\t<div class=\"blockG\" id=\"rotateG_06\"><\/div>\n\t\t\t\t<div class=\"blockG\" id=\"rotateG_07\"><\/div>\n\t\t\t\t<div class=\"blockG\" id=\"rotateG_08\"><\/div>\n\t\t\t<\/div>\n\t\t\t<div class=\"WooZone-cross-sell-loader-text\"><\/div>\n\t\t<\/div>\n\t<\/div>\n\n\t\t\n<\/div>\n<div style=\"clear:both;\"><\/div>\n","protected":false},"excerpt":{"rendered":"<p>Geben Sie Ihr Modell ein, um sicherzustellen, dass dieser Artikel passt.<br \/>\n4 leichtg\u00e4ngige Drehventile mit Alu-Auskleidung<br \/>\nLeichte Tuba mit 4 Ventilen<\/p>\n","protected":false},"featured_media":2322,"comment_status":"open","ping_status":"closed","template":"","meta":{"_acf_changed":false,"rs_blank_template":"","rs_page_bg_color":"","slide_template_v7":""},"product_brand":[],"product_cat":[15],"product_tag":[],"class_list":{"0":"post-2321","1":"product","2":"type-product","3":"status-publish","4":"has-post-thumbnail","6":"product_cat-shop","7":"pa_amazon-bestseller-rang-nr-48502-in-musikinstrumente-dj-equipment-siehe-top-100-in-musikinstrumente-dj-equipment-nr-9-in-tuben","8":"pa_brand-playlite","9":"pa_durchschnittliche-kundenbewer-50-von-5-sternen-1-sternebewertung-50-von-5-sternen","10":"pa_herstellerreferenz-pltubabw","11":"pa_im-angebot-von-amazon-de-seit-9-februar-2016","13":"first","14":"instock","15":"shipping-taxable","16":"purchasable","17":"product-type-simple"},"acf":[],"_links":{"self":[{"href":"https:\/\/www.instrumentbox.de\/index.php?rest_route=\/wp\/v2\/product\/2321","targetHints":{"allow":["GET"]}}],"collection":[{"href":"https:\/\/www.instrumentbox.de\/index.php?rest_route=\/wp\/v2\/product"}],"about":[{"href":"https:\/\/www.instrumentbox.de\/index.php?rest_route=\/wp\/v2\/types\/product"}],"replies":[{"embeddable":true,"href":"https:\/\/www.instrumentbox.de\/index.php?rest_route=%2Fwp%2Fv2%2Fcomments&post=2321"}],"wp:featuredmedia":[{"embeddable":true,"href":"https:\/\/www.instrumentbox.de\/index.php?rest_route=\/wp\/v2\/media\/2322"}],"wp:attachment":[{"href":"https:\/\/www.instrumentbox.de\/index.php?rest_route=%2Fwp%2Fv2%2Fmedia&parent=2321"}],"wp:term":[{"taxonomy":"product_brand","embeddable":true,"href":"https:\/\/www.instrumentbox.de\/index.php?rest_route=%2Fwp%2Fv2%2Fproduct_brand&post=2321"},{"taxonomy":"product_cat","embeddable":true,"href":"https:\/\/www.instrumentbox.de\/index.php?rest_route=%2Fwp%2Fv2%2Fproduct_cat&post=2321"},{"taxonomy":"product_tag","embeddable":true,"href":"https:\/\/www.instrumentbox.de\/index.php?rest_route=%2Fwp%2Fv2%2Fproduct_tag&post=2321"}],"curies":[{"name":"wp","href":"https:\/\/api.w.org\/{rel}","templated":true}]}}