{"id":2329,"date":"2020-07-16T09:05:41","date_gmt":"2020-07-16T09:05:41","guid":{"rendered":"https:\/\/www.instrumentbox.de\/?product=ajw-schottischer-highland-dudelsack-schwarz-silber-irischer-dudelsack-rosenholz-spielfertig"},"modified":"2024-01-03T02:16:47","modified_gmt":"2024-01-03T01:16:47","slug":"ajw-schottischer-highland-dudelsack-schwarz-silber-irischer-dudelsack-rosenholz-spielfertig","status":"publish","type":"product","link":"https:\/\/www.instrumentbox.de\/?product=ajw-schottischer-highland-dudelsack-schwarz-silber-irischer-dudelsack-rosenholz-spielfertig","title":{"rendered":"Schottischer Highland Dudelsack, schwarz, silber, Irischer Dudelsack, Rosenholz, spielfertig"},"content":{"rendered":"<p><!-- show up to 2 reviews by default --> <\/p>\n<p> Set aus Highland Dudelsack mit Pfeifen in Standardgr\u00f6\u00dfe aus Rosenholz. Gro\u00dfartiger Highland Dudelsack mit silbernen Ringen und sauberen Fassungen mit Endst\u00fccken, Blag, und Ring-Kappen. Der Dudelsack mit schwarzer Samttasche mit dazu passenden Bordunpfeifen. Er hat einen gro\u00dfen Kunststoff-Beutel, um sicherzustellen, dass das Aufblasen ohne austreten von Luft geschieht. Highland Dudelsack- Gr\u00f6\u00dfe:101,6 x 50,8 cm. Sackgr\u00f6\u00dfe: 76,2 x 30,5 cm. Lieferung inkl. Zubeh\u00f6r: 1 Zungenset 1 Bordunpfeifenset 2 Spielpfeifenset 1 \u00dcbungsfl\u00f6te 2 synthetische Bl\u00e4tter f\u00fcr \u00dcbungsfl\u00f6te 1 weiche Tragetasche f\u00fcr den Dudelsack. <\/p>\n<div class=\"main-cross-sell\" data-asin=\"B01GILTE56\">\n\n\t<div class=\"WooZone-cross-sell-loader\">\n\t\t<div>\n\t\t\t<div id=\"floatingBarsG\">\n\t\t\t\t<div class=\"blockG\" id=\"rotateG_01\"><\/div>\n\t\t\t\t<div class=\"blockG\" id=\"rotateG_02\"><\/div>\n\t\t\t\t<div class=\"blockG\" id=\"rotateG_03\"><\/div>\n\t\t\t\t<div class=\"blockG\" id=\"rotateG_04\"><\/div>\n\t\t\t\t<div class=\"blockG\" id=\"rotateG_05\"><\/div>\n\t\t\t\t<div class=\"blockG\" id=\"rotateG_06\"><\/div>\n\t\t\t\t<div class=\"blockG\" id=\"rotateG_07\"><\/div>\n\t\t\t\t<div class=\"blockG\" id=\"rotateG_08\"><\/div>\n\t\t\t<\/div>\n\t\t\t<div class=\"WooZone-cross-sell-loader-text\"><\/div>\n\t\t<\/div>\n\t<\/div>\n\n\t\t\n<\/div>\n<div style=\"clear:both;\"><\/div>\n","protected":false},"excerpt":{"rendered":"<p>Set aus Highland Dudelsack mit Pfeifen in Standardgr\u00f6\u00dfe aus Rosenholz. Gro\u00dfartiger Highland Dudelsack mit silbernen Ringen und sauberen Fassungen mit Endst\u00fccken, Blag, und Ring-Kappen. Der Dudelsack mit schwarzer Samttasche mit dazu passenden Bordunpfeifen. Er hat einen gro\u00dfen Kunststoff-Beutel, um sicherzustellen, dass das Aufblasen ohne austreten von Luft geschieht. Highland Dudelsack- Gr\u00f6\u00dfe:101,6 x 50,8 cm. Sackgr\u00f6\u00dfe: [&hellip;]<\/p>\n","protected":false},"featured_media":2330,"comment_status":"open","ping_status":"closed","template":"","meta":{"_acf_changed":false,"rs_blank_template":"","rs_page_bg_color":"","slide_template_v7":""},"product_brand":[],"product_cat":[114,15],"product_tag":[],"class_list":{"0":"post-2329","1":"product","2":"type-product","3":"status-publish","4":"has-post-thumbnail","6":"product_cat-blasinstrument","7":"product_cat-shop","8":"pa_amazon-bestseller-rang-nr-10900-in-musikinstrumente-dj-equipment-siehe-top-100-in-musikinstrumente-dj-equipment-nr-13-in-dudelsaecke","9":"pa_artikelgewicht-2-88-kg","10":"pa_brand-ajw","11":"pa_durchschnittliche-kundenbewer-29-von-5-sternen-22-sternebewertungen-29-von-5-sternen","12":"pa_farbe-black","13":"pa_im-angebot-von-amazon-de-seit-10-juli-2016","14":"pa_verpackungsabmessungen-55-x-16-x-16-cm","15":"pa_zusammenbau-noetig-nein","17":"first","18":"instock","19":"shipping-taxable","20":"purchasable","21":"product-type-simple"},"acf":[],"_links":{"self":[{"href":"https:\/\/www.instrumentbox.de\/index.php?rest_route=\/wp\/v2\/product\/2329","targetHints":{"allow":["GET"]}}],"collection":[{"href":"https:\/\/www.instrumentbox.de\/index.php?rest_route=\/wp\/v2\/product"}],"about":[{"href":"https:\/\/www.instrumentbox.de\/index.php?rest_route=\/wp\/v2\/types\/product"}],"replies":[{"embeddable":true,"href":"https:\/\/www.instrumentbox.de\/index.php?rest_route=%2Fwp%2Fv2%2Fcomments&post=2329"}],"wp:featuredmedia":[{"embeddable":true,"href":"https:\/\/www.instrumentbox.de\/index.php?rest_route=\/wp\/v2\/media\/2330"}],"wp:attachment":[{"href":"https:\/\/www.instrumentbox.de\/index.php?rest_route=%2Fwp%2Fv2%2Fmedia&parent=2329"}],"wp:term":[{"taxonomy":"product_brand","embeddable":true,"href":"https:\/\/www.instrumentbox.de\/index.php?rest_route=%2Fwp%2Fv2%2Fproduct_brand&post=2329"},{"taxonomy":"product_cat","embeddable":true,"href":"https:\/\/www.instrumentbox.de\/index.php?rest_route=%2Fwp%2Fv2%2Fproduct_cat&post=2329"},{"taxonomy":"product_tag","embeddable":true,"href":"https:\/\/www.instrumentbox.de\/index.php?rest_route=%2Fwp%2Fv2%2Fproduct_tag&post=2329"}],"curies":[{"name":"wp","href":"https:\/\/api.w.org\/{rel}","templated":true}]}}