{"id":2414,"date":"2020-07-16T09:11:58","date_gmt":"2020-07-16T09:11:58","guid":{"rendered":"https:\/\/www.instrumentbox.de\/?product=roland-td-1dmk-elektronisches-drumkit-mit-mesh-heads"},"modified":"2024-01-03T02:36:54","modified_gmt":"2024-01-03T01:36:54","slug":"roland-td-1dmk-elektronisches-drumkit-mit-mesh-heads","status":"publish","type":"product","link":"https:\/\/www.instrumentbox.de\/?product=roland-td-1dmk-elektronisches-drumkit-mit-mesh-heads","title":{"rendered":"Roland TD-1DMK elektronisches Drumkit mit Mesh-Heads, Das V-Drum TD-1DMK ist ein elektronisches Schlagzeug mit der legend\u00e4ren Roland Qualit\u00e4t"},"content":{"rendered":"<div class=\"disclaim\"> Stil:<strong>TD-1DMK<\/strong> <\/div>\n<p> <!-- show up to 2 reviews by default --> <\/p>\n<h3>Produktbeschreibung<\/h3>\n<p>Das TD-1DMK ist das neue elektronische Einsteiger-Drumkit von Roland und bietet den legend\u00e4ren V-Drums Sound und eine einzigartige Spielbarkeit, eine Vielzahl fantastischer Drumsounds sowie eine authentische, akustische Ansprache auf Basis der renommierten zweilagigen Roland Mesh-Pads. Im Zusammenspiel mit den integrierten Coach-Funktionen und der kostenlos verf\u00fcgbaren \u201eMelodics for V-Drums\u201c Trainingssoftware f\u00fcr Mac\/Windows pr\u00e4sentiert sich das TD-1DMK nicht nur als perfekte Wahl f\u00fcr Schlagzeug-Einsteiger, sondern auch als \u00dcbungsinstrument f\u00fcr Studenten oder f\u00fcr ehemalige Schlagzeuger, die wieder Lust am Spielen bekommen haben. Das TD-1DMK bietet ein umfassendes und erf\u00fcllendes Drum-Erlebnis, verpackt in einem kompakten Kit, das sich bei Bedarf auch leise \u00fcber Kopfh\u00f6rer spielen l\u00e4sst und den Einstieg in die Welt der Schlagzeuge erm\u00f6glicht. <\/p>\n<h3>Produktbeschreibung des Herstellers<\/h3>\n<p>2018 <\/p>\n<p>Geben Sie Ihr Modell ein, um sicherzustellen, dass dieser Artikel passt.<br \/>\nLerne schnell und effektiv: Zehn integrierte Coach-Funktionen messen deinen Fortschritt und motivieren zum \u00dcben, w\u00e4hrend du mit dem vorhandenen Metronom dein Timing verbesserst und dein Spiel \u00fcber die Aufnahmefunktion aufzeichnest.<br \/>\nZudem basiert das TD-1DMK auf der legend\u00e4ren Verarbeitungsqualit\u00e4t sowie Robustheit von Roland und wird dich lange begleiten. Die 15 Preset-Drumkits beinhalten realistische, ausdrucksstarke Drumsounds f\u00fcr ein pr\u00e4zises und authentisches Spielerlebnis.<br \/>\nDie renommierten zweilagigen Mesh-Heads lassen sich in der Spannung anpassen und arbeiten mit der marktf\u00fchrenden Roland Trigger-Technologie mit extrem niedriger Latenz. Zudem erm\u00f6glichen die Mesh-Heads ein leises Spielen und \u00dcben, ohne die Menschen in deiner Umgebung zu st\u00f6ren.<br \/>\nDas TD-1DMK ist leicht und einfach zu transportieren und verf\u00fcgt \u00fcber einen eigenst\u00e4ndigen Smartphone-Anschluss, \u00fcber den du zu deinen Lieblingssongs spielen kannst.<br \/>\nEin zus\u00e4tzlicher Trittschallschutz, wie z.B. der Roland NE-10 Noise Eater, ist separat \u00fcber Roland erh\u00e4ltlich. Das TD-1DMK ist mit deinem bevorzugten Kick- oder Double-Kick-Pedal kompatibel, wie z.B. dem RDH-100 und RDH-102 (nicht im Lieferumfang enthalten). Diese k\u00f6nnen separat erworben werden.<br \/>\n<div class=\"main-cross-sell\" data-asin=\"B07H4J3N6J\">\n\n\t<div class=\"WooZone-cross-sell-loader\">\n\t\t<div>\n\t\t\t<div id=\"floatingBarsG\">\n\t\t\t\t<div class=\"blockG\" id=\"rotateG_01\"><\/div>\n\t\t\t\t<div class=\"blockG\" id=\"rotateG_02\"><\/div>\n\t\t\t\t<div class=\"blockG\" id=\"rotateG_03\"><\/div>\n\t\t\t\t<div class=\"blockG\" id=\"rotateG_04\"><\/div>\n\t\t\t\t<div class=\"blockG\" id=\"rotateG_05\"><\/div>\n\t\t\t\t<div class=\"blockG\" id=\"rotateG_06\"><\/div>\n\t\t\t\t<div class=\"blockG\" id=\"rotateG_07\"><\/div>\n\t\t\t\t<div class=\"blockG\" id=\"rotateG_08\"><\/div>\n\t\t\t<\/div>\n\t\t\t<div class=\"WooZone-cross-sell-loader-text\"><\/div>\n\t\t<\/div>\n\t<\/div>\n\n\t\t\n<\/div>\n<div style=\"clear:both;\"><\/div>\n","protected":false},"excerpt":{"rendered":"<p>Geben Sie Ihr Modell ein, um sicherzustellen, dass dieser Artikel passt.<br \/>\nLerne schnell und effektiv: Zehn integrierte Coach-Funktionen messen deinen Fortschritt und motivieren zum \u00dcben, w\u00e4hrend du mit dem vorhandenen Metronom dein Timing verbesserst und dein Spiel \u00fcber die Aufnahmefunktion aufzeichnest.<br \/>\nZudem basiert das TD-1DMK auf der legend\u00e4ren Verarbeitungsqualit\u00e4t sowie Robustheit von Roland und wird dich lange begleiten. Die 15 Preset-Drumkits beinhalten realistische, ausdrucksstarke Drumsounds f\u00fcr ein pr\u00e4zises und authentisches Spielerlebnis.<\/p>\n","protected":false},"featured_media":2415,"comment_status":"open","ping_status":"closed","template":"","meta":{"_acf_changed":false,"rs_blank_template":"","rs_page_bg_color":"","slide_template_v7":""},"product_brand":[],"product_cat":[36,15],"product_tag":[],"class_list":{"0":"post-2414","1":"product","2":"type-product","3":"status-publish","4":"has-post-thumbnail","6":"product_cat-schlagzeug","7":"product_cat-shop","8":"pa_amazon-bestseller-rang-nr-4978-in-musikinstrumente-dj-equipment-siehe-top-100-in-musikinstrumente-dj-equipment-nr-11-in-e-drums","9":"pa_artikelgewicht-10-g","10":"pa_brand-roland","11":"pa_durchschnittliche-kundenbewer-46-von-5-sternen-65-sternebewertungen-46-von-5-sternen","12":"pa_im-angebot-von-amazon-de-seit-29-september-2018","13":"pa_modellnummer-td-1dmk","14":"pa_produktabmessungen-40-x-87-x-50-cm","15":"pa_zusammenbau-noetig-nein","17":"first","18":"instock","19":"shipping-taxable","20":"purchasable","21":"product-type-simple"},"acf":[],"_links":{"self":[{"href":"https:\/\/www.instrumentbox.de\/index.php?rest_route=\/wp\/v2\/product\/2414","targetHints":{"allow":["GET"]}}],"collection":[{"href":"https:\/\/www.instrumentbox.de\/index.php?rest_route=\/wp\/v2\/product"}],"about":[{"href":"https:\/\/www.instrumentbox.de\/index.php?rest_route=\/wp\/v2\/types\/product"}],"replies":[{"embeddable":true,"href":"https:\/\/www.instrumentbox.de\/index.php?rest_route=%2Fwp%2Fv2%2Fcomments&post=2414"}],"wp:featuredmedia":[{"embeddable":true,"href":"https:\/\/www.instrumentbox.de\/index.php?rest_route=\/wp\/v2\/media\/2415"}],"wp:attachment":[{"href":"https:\/\/www.instrumentbox.de\/index.php?rest_route=%2Fwp%2Fv2%2Fmedia&parent=2414"}],"wp:term":[{"taxonomy":"product_brand","embeddable":true,"href":"https:\/\/www.instrumentbox.de\/index.php?rest_route=%2Fwp%2Fv2%2Fproduct_brand&post=2414"},{"taxonomy":"product_cat","embeddable":true,"href":"https:\/\/www.instrumentbox.de\/index.php?rest_route=%2Fwp%2Fv2%2Fproduct_cat&post=2414"},{"taxonomy":"product_tag","embeddable":true,"href":"https:\/\/www.instrumentbox.de\/index.php?rest_route=%2Fwp%2Fv2%2Fproduct_tag&post=2414"}],"curies":[{"name":"wp","href":"https:\/\/api.w.org\/{rel}","templated":true}]}}