{"id":2691,"date":"2020-07-16T09:50:08","date_gmt":"2020-07-16T09:50:08","guid":{"rendered":"https:\/\/www.instrumentbox.de\/?product=xdrum-classic-schlagzeug-komplettset-rot-inkl-schule-dvd"},"modified":"2024-01-03T02:44:27","modified_gmt":"2024-01-03T01:44:27","slug":"xdrum-classic-schlagzeug-komplettset-rot-inkl-schule-dvd","status":"publish","type":"product","link":"https:\/\/www.instrumentbox.de\/?product=xdrum-classic-schlagzeug-komplettset-rot-inkl-schule-dvd","title":{"rendered":"XDrum Classic Schlagzeug Komplettset Rot inkl. Schule"},"content":{"rendered":"<p><!-- show up to 2 reviews by default --><\/p>\n<p><b>Komplettes Drumset inklusive Becken und Gratis Schlagzeugschule inkl. DVD!<\/b><\/p>\n<p>Dieses Set bietet alles, was zum Schlagzeugspielen gebraucht wird. Solide verarbeitete Kessel aus folierter Pappel,<br \/>mit robusten Stimmb\u00f6ckchen, die f\u00fcr optimale Stimmungsstabilit\u00e4t sorgen. Die wei\u00df beschichteten, einlagigen Felle sorgen<br \/>f\u00fcr einen angenehm obertonreichen, offenen Sound. Nat\u00fcrlich wird das Set inklusive vollst\u00e4ndiger Hardware geliefert:<br \/>Fu\u00dfmaschine mit Kettenzug, doppelstrebige HiHat-Maschine, solider Snarest\u00e4nder, h\u00f6henverstellbarer Beckenst\u00e4nder, sowie<br \/>einem ebenfalls h\u00f6henverstellbaren Hocker, mit angenehmer Sitzfl\u00e4che.<\/p>\n<p>Ebenfalls enthalten &#8211; ein Beckenset bestehend aus HiHat, sowie einem Crash\/Ride-Becken. Alle Hardwarekomponenten, wie<br \/>auch die Trommeln selbst sind gro\u00dfz\u00fcgig justierbar, wodurch das XDrum Classic f\u00fcr Kinder\/Jugendliche, wie auch f\u00fcr<br \/>Erwachsene bestens geeignet ist.<\/p>\n<p>Zus\u00e4tzlich erhalten Sie mit dem XDrum Schlagzeug eine Gratis-Schlagzeugschule f\u00fcr den Anf\u00e4nger mit s\u00e4mtlichen<br \/>Lektionen zum Mitspielen auf DVD!<\/p>\n<p><b>Features<\/b><\/p>\n<p>\u2022 Kessel aus akustisch hochwertigem Pappelholz mit Spezialfolierung\u2022 5-teilige, doppelstrebige Hardware:<br \/>Snarest\u00e4nder, Fu\u00dfmaschine und Hi-Hat (beides mit Kettenzug), doppelstrebige Beckenst\u00e4nder, h\u00f6henverstellbarer<br \/>Hocker\u2022 Kesselgr\u00f6\u00dfen: 22&#8243; BD, 12&#8243;, 13&#8243;, 16&#8243; FT, 14 SN Konfiguration!\u2022 1 Satz Hi-Hat-Becken, 1<br \/>Crash-Ride-Becken\u2022 1 Paar Schlagzeugst\u00f6cke 5B\u2022 1 detaillierte Aufbauanleitung\u2022 + Gratis Schlagzeugschule<br \/>inkl. DVD<\/p>\n<\/p>\n<p>Geben Sie Ihr Modell ein,um sicherzustellen, dass dieser Artikel passt.<br \/>\nKomplettes Schlagzeug, Kessel aus akustisch hochwertigem Pappelholz mit Spezialfolierung<br \/>\n5-teilige, doppelstrebige Hardware: Snarest\u00e4nder, Fu\u00dfmaschine und Hi-Hat (beides mit Kettenzug),<br \/>\ndoppelstrebige Beckenst\u00e4nder, h\u00f6henverstellbarer Hocker, 1 Satz Hi-Hat-Becken, 1 Crash-Ride-Becken<br \/>\nKesselgr\u00f6\u00dfen: 22&#8243; BD, 12&#8243;, 13&#8243;, 16&#8243; FT, 14 SN Konfiguration!<br \/>\n1 detaillierte Aufbauanleitung + Gratis Schlagzeugschule inkl. DVD, 1 Paar Drumsticks<br \/>\n<div class=\"main-cross-sell\" data-asin=\"B007STLGU4\">\n\n\t<div class=\"WooZone-cross-sell-loader\">\n\t\t<div>\n\t\t\t<div id=\"floatingBarsG\">\n\t\t\t\t<div class=\"blockG\" id=\"rotateG_01\"><\/div>\n\t\t\t\t<div class=\"blockG\" id=\"rotateG_02\"><\/div>\n\t\t\t\t<div class=\"blockG\" id=\"rotateG_03\"><\/div>\n\t\t\t\t<div class=\"blockG\" id=\"rotateG_04\"><\/div>\n\t\t\t\t<div class=\"blockG\" id=\"rotateG_05\"><\/div>\n\t\t\t\t<div class=\"blockG\" id=\"rotateG_06\"><\/div>\n\t\t\t\t<div class=\"blockG\" id=\"rotateG_07\"><\/div>\n\t\t\t\t<div class=\"blockG\" id=\"rotateG_08\"><\/div>\n\t\t\t<\/div>\n\t\t\t<div class=\"WooZone-cross-sell-loader-text\"><\/div>\n\t\t<\/div>\n\t<\/div>\n\n\t\t\n<\/div>\n<div style=\"clear:both;\"><\/div>\n","protected":false},"excerpt":{"rendered":"<p>Geben Sie Ihr Modell ein,um sicherzustellen, dass dieser Artikel passt.<br \/>\nKomplettes Schlagzeug, Kessel aus akustisch hochwertigem Pappelholz mit Spezialfolierung<br \/>\n5-teilige, doppelstrebige Hardware: Snarest\u00e4nder, Fu\u00dfmaschine und Hi-Hat (beides mit Kettenzug),<\/p>\n","protected":false},"featured_media":2692,"comment_status":"open","ping_status":"closed","template":"","meta":{"_acf_changed":false,"rs_blank_template":"","rs_page_bg_color":"","slide_template_v7":""},"product_brand":[],"product_cat":[36,15],"product_tag":[],"class_list":{"0":"post-2691","1":"product","2":"type-product","3":"status-publish","4":"has-post-thumbnail","6":"product_cat-schlagzeug","7":"product_cat-shop","8":"pa_brand-xdrum","9":"pa_modellnummer-classic-wine","11":"first","12":"instock","13":"shipping-taxable","14":"purchasable","15":"product-type-simple"},"acf":[],"_links":{"self":[{"href":"https:\/\/www.instrumentbox.de\/index.php?rest_route=\/wp\/v2\/product\/2691","targetHints":{"allow":["GET"]}}],"collection":[{"href":"https:\/\/www.instrumentbox.de\/index.php?rest_route=\/wp\/v2\/product"}],"about":[{"href":"https:\/\/www.instrumentbox.de\/index.php?rest_route=\/wp\/v2\/types\/product"}],"replies":[{"embeddable":true,"href":"https:\/\/www.instrumentbox.de\/index.php?rest_route=%2Fwp%2Fv2%2Fcomments&post=2691"}],"wp:featuredmedia":[{"embeddable":true,"href":"https:\/\/www.instrumentbox.de\/index.php?rest_route=\/wp\/v2\/media\/2692"}],"wp:attachment":[{"href":"https:\/\/www.instrumentbox.de\/index.php?rest_route=%2Fwp%2Fv2%2Fmedia&parent=2691"}],"wp:term":[{"taxonomy":"product_brand","embeddable":true,"href":"https:\/\/www.instrumentbox.de\/index.php?rest_route=%2Fwp%2Fv2%2Fproduct_brand&post=2691"},{"taxonomy":"product_cat","embeddable":true,"href":"https:\/\/www.instrumentbox.de\/index.php?rest_route=%2Fwp%2Fv2%2Fproduct_cat&post=2691"},{"taxonomy":"product_tag","embeddable":true,"href":"https:\/\/www.instrumentbox.de\/index.php?rest_route=%2Fwp%2Fv2%2Fproduct_tag&post=2691"}],"curies":[{"name":"wp","href":"https:\/\/api.w.org\/{rel}","templated":true}]}}